
{"id":16857,"date":"2022-10-10T08:36:39","date_gmt":"2022-10-10T08:36:39","guid":{"rendered":"https:\/\/www.ecotechnics.com\/world\/produkte\/atf-moovetech-2\/"},"modified":"2026-04-08T16:55:14","modified_gmt":"2026-04-08T16:55:14","slug":"atf-moovetech-2","status":"publish","type":"page","link":"https:\/\/www.ecotechnics.com\/world\/de\/produkte\/atf-moovetech-2\/","title":{"rendered":"ATF Moovetech"},"content":{"rendered":"<div class=\"fusion-fullwidth fullwidth-box fusion-builder-row-1 nonhundred-percent-fullwidth non-hundred-percent-height-scrolling\" style=\"background-color: rgba(255,255,255,0);background-position: center center;background-repeat: no-repeat;padding-top:0px;padding-right:0px;padding-bottom:0px;padding-left:0px;margin-bottom: 0px;margin-top: 32px;border-width: 0px 0px 0px 0px;border-color:#eae9e9;border-style:solid;\" ><div class=\"fusion-builder-row fusion-row\"><div class=\"fusion-layout-column fusion_builder_column fusion-builder-column-0 fusion_builder_column_2_5 2_5 fusion-two-fifth fusion-column-first\" style=\"width:40%;width:calc(40% - ( ( 4% ) * 0.4 ) );margin-right: 4%;margin-top:0px;margin-bottom:0px;\"><div class=\"fusion-column-wrapper fusion-flex-column-wrapper-legacy\" style=\"background-position:left top;background-repeat:no-repeat;-webkit-background-size:cover;-moz-background-size:cover;-o-background-size:cover;background-size:cover;padding: 0px 0px 0px 0px;\"><div class=\"fusion-clearfix\"><\/div><\/div><\/div><div class=\"fusion-layout-column fusion_builder_column fusion-builder-column-1 fusion_builder_column_3_5 3_5 fusion-three-fifth fusion-column-last gradientborderred mobileproductcol\" style=\"width:60%;width:calc(60% - ( ( 4% ) * 0.6 ) );margin-top:0px;margin-bottom:0px;\"><div class=\"fusion-column-wrapper fusion-flex-column-wrapper-legacy\" style=\"background-position:left top;background-repeat:no-repeat;-webkit-background-size:cover;-moz-background-size:cover;-o-background-size:cover;background-size:cover;border-radius:3px 3px 3px 3px;background-color:rgba(255,255,255,0.8);border-radius:3px 3px 3px 3px;overflow:hidden;padding: 6% 4% 6% 4%;\"><div class=\"fusion-alignright\"><style>.fusion-button.button-1{border-radius:5px 5px 5px 5px;}<\/style><a class=\"fusion-button button-flat button-small button-default button-1 fusion-button-default-span fusion-button-default-type\" target=\"_self\" href=\"https:\/\/www.ecotechnics.com\/world\/de\/produkte\/\"><i class=\"fa-arrow-left fas button-icon-left\" aria-hidden=\"true\"><\/i><span class=\"fusion-button-text\">PRODUKTE<\/span><\/a><\/div><div class=\"fusion-sep-clear\"><\/div><div class=\"fusion-separator fusion-full-width-sep\" style=\"margin-left: auto;margin-right: auto;margin-top:30px;width:100%;\"><\/div><div class=\"fusion-sep-clear\"><\/div><div class=\"imageframe-align-center\"><style>.fusion-imageframe.imageframe-1{ margin-top : 32px;margin-bottom : 32px;}<\/style><span class=\" fusion-imageframe imageframe-none imageframe-1 hover-type-none fusion-no-medium-visibility fusion-no-large-visibility\"><img decoding=\"async\" width=\"2560\" height=\"1281\" alt=\"Atf moovetech\" title=\"ATF 3\" src=\"https:\/\/www.ecotechnics.com\/world\/wp-content\/uploads\/2023\/04\/ATF-3.png\" class=\"img-responsive wp-image-18534\" srcset=\"https:\/\/www.ecotechnics.com\/world\/wp-content\/uploads\/2023\/04\/ATF-3-200x100.png 200w, https:\/\/www.ecotechnics.com\/world\/wp-content\/uploads\/2023\/04\/ATF-3-400x200.png 400w, https:\/\/www.ecotechnics.com\/world\/wp-content\/uploads\/2023\/04\/ATF-3-600x300.png 600w, https:\/\/www.ecotechnics.com\/world\/wp-content\/uploads\/2023\/04\/ATF-3-800x400.png 800w, https:\/\/www.ecotechnics.com\/world\/wp-content\/uploads\/2023\/04\/ATF-3-1200x600.png 1200w, https:\/\/www.ecotechnics.com\/world\/wp-content\/uploads\/2023\/04\/ATF-3.png 2560w\" sizes=\"(max-width: 778px) 100vw, 800px\" \/><\/span><\/div><div class=\"fusion-sep-clear\"><\/div><div class=\"fusion-separator fusion-full-width-sep\" style=\"margin-left: auto;margin-right: auto;margin-top:30px;width:100%;\"><\/div><div class=\"fusion-sep-clear\"><\/div><span class=\" fusion-imageframe imageframe-none imageframe-2 hover-type-none\" style=\"max-width:300px;\"><img decoding=\"async\" width=\"954\" height=\"401\" title=\"Atf moovetech dark\" src=\"https:\/\/www.ecotechnics.com\/world\/wp-content\/uploads\/2023\/04\/Atf-moovetech-dark.png\" alt class=\"img-responsive wp-image-18540\" srcset=\"https:\/\/www.ecotechnics.com\/world\/wp-content\/uploads\/2023\/04\/Atf-moovetech-dark-200x84.png 200w, https:\/\/www.ecotechnics.com\/world\/wp-content\/uploads\/2023\/04\/Atf-moovetech-dark-400x168.png 400w, https:\/\/www.ecotechnics.com\/world\/wp-content\/uploads\/2023\/04\/Atf-moovetech-dark-600x252.png 600w, https:\/\/www.ecotechnics.com\/world\/wp-content\/uploads\/2023\/04\/Atf-moovetech-dark-800x336.png 800w, https:\/\/www.ecotechnics.com\/world\/wp-content\/uploads\/2023\/04\/Atf-moovetech-dark.png 954w\" sizes=\"(max-width: 778px) 100vw, 800px\" \/><\/span><div class=\"fusion-text fusion-text-1\" style=\"color:#004586;\"><h1 style=\"line-height: 1;\"><span style=\"color: #b02717;\">AUSR\u00dcSTUNG ZUR WARTUNG VON AUTOMATIKGETRIEBEN<\/span><\/h1>\n<\/div><div class=\"fusion-text fusion-text-2\"><h3><span style=\"color: #004586;\">EINZIGARTIG<\/span><\/h3>\n<p>Unsere Station hebt sich als die ultimative Wahl auf dem Markt hervor: Sie integriert automatische Arbeitsabl\u00e4ufe, softwaregef\u00fchrte Prozesse und eine umfassende Datenbank. Die Robustheit und hohe Qualit\u00e4t der Komponenten gew\u00e4hrleisten minimalen Wartungsaufwand und machen unsere Station in ihrer Art einzigartig.<\/p>\n<h3><span style=\"color: #004586;\">EINFACH<\/span><\/h3>\n<p>Dank ihrer automatischen und intuitiven Steuerung schl\u00e4gt sie die am besten geeigneten Arbeitsparameter vor, sorgf\u00e4ltig entwickelt von erfahrenen Spezialisten. Die Benutzer werden reibungslos durch alle Einstellungen gef\u00fchrt und genie\u00dfen ein effizientes und m\u00fcheloses Erlebnis.<\/p>\n<h3><span style=\"color: #004586;\">VOLLST\u00c4NDIG<\/span><\/h3>\n<p>Die Datenbank enth\u00e4lt 20.310 Fahrzeuge \u2013 \u00fcber 90\u202f% aller Modelle, die seit dem Jahr 2000 produziert wurden. Mit sofort verf\u00fcgbaren Adaptern und weiteren auf Anfrage erh\u00e4ltlichen garantieren wir eine vollst\u00e4ndige Abdeckung aller Verbindungen.<\/p>\n<\/div><div class=\"fusion-sep-clear\"><\/div><div class=\"fusion-separator fusion-full-width-sep nodesk\" style=\"margin-left: auto;margin-right: auto;margin-top:32px;width:100%;\"><\/div><div class=\"fusion-sep-clear\"><\/div><div class=\"fusion-text fusion-text-3\"><p><strong>Intelligenter \u00d6lauffangbeh\u00e4lter<\/strong><\/p>\n<p>Dies ist die bequemste, schnellste, sicherste und sauberste Methode zur Handhabung von Alt\u00f6l. Das aufgefangene \u00d6l, das aus der Wanne gesammelt wird, wird automatisch gewogen. Die H\u00f6he der Ablasswanne der Station ist verstellbar. Die asymmetrische Form erm\u00f6glicht eine Anpassung an alle Anforderungen.<\/p>\n<p><strong>2 gro\u00dfe Filter<\/strong><\/p>\n<p>Zum Schutz aller internen Komponenten der Station und zur Vermeidung von Wartungsbedarf dank Hochleistungsfilterung des Getriebekreislaufs w\u00e4hrend der Reinigungsphase. F\u00fcr beide Richtungen (1 und 2) ist ein eigener Filter vorhanden.<\/p>\n<p><strong>Hochleistungsverteiler (Manifold)<\/strong><\/p>\n<p>Der Einsatz von Ventilen, die auf einem kompakten Aluminiumverteiler montiert sind, in Kombination mit gro\u00dfem Leitungsdurchmesser verhindert Druckverluste, erh\u00f6ht die Geschwindigkeit und sorgt f\u00fcr einen konstanten \u00d6lfluss \u2013 f\u00fcr maximale Leistung.<\/p>\n<p><strong>Multimarken-\u00d6ltank<\/strong><\/p>\n<p>Das Geh\u00e4use des \u00d6ltanks ist so konzipiert, dass es sich leicht an verschiedene Gr\u00f6\u00dfen und Marken anpassen l\u00e4sst.<\/p>\n<p><strong>Alt\u00f6lauslass \u00fcber Druckluft<\/strong><\/p>\n<p>Sauber, einfach, schnell: keine Pumpe erforderlich. Durch einen professionellen \u00d6lentleerungsvorgang entf\u00e4llt jeglicher Bedarf, den Alt\u00f6ltank zu entfernen \u2013 das macht den Prozess sauberer, schneller und einfacher.<\/p>\n<p><strong>Dritte Waage f\u00fcr Additive<\/strong><\/p>\n<p>H\u00f6chste Pr\u00e4zision im Vergleich zu anderen Herstellern. Der Einsatz einer Waage verhindert, dass die Pumpe beim Einspritzen des Additivs Luft ansaugt, und eliminiert die Notwendigkeit eines st\u00e4ndigen Entl\u00fcftens.<\/p>\n<p><strong>Hochwertige Anschl\u00fcsse<\/strong><\/p>\n<p>Spritzschutz, einfach zu handhaben.<\/p>\n<p><strong>Software: automatisch und intuitiv<\/strong><\/p>\n<p>Kontinuierlich \u00fcberwachende Software: W\u00e4hrend des gesamten Reinigungs-, \u00d6lwechsel- und \u00d6lwannen- bzw. Filterwechsels erfordert der Software-Arbeitsablauf niemals den Motorbetrieb in kritischen Momenten. Die Navigation ist intuitiv. Der Nutzer wird vollst\u00e4ndig gef\u00fchrt. Die empfohlenen Parameter sind hilfreich, aber nicht verpflichtend \u2013 der Benutzer kann stets die Einstellungen frei w\u00e4hlen, die er f\u00fcr den Service bevorzugt.<\/p>\n<p><strong>Database <\/strong><\/p>\n<p>ATF-Service24 ist die Zugangsplattform der on-line ATF-Datenbank. Die Datenbank wird st\u00e4ndig aktualisiert und bietet Informationen zu Anschl\u00fcssen, passenden Adaptern, Prozeduren, Filtern, F\u00fcllst\u00e4nden, Komponenten und Sicherheitsinformationen. Die Datanbank kann direkt am Ger\u00e4t, auf der online-Plattform oder auch von jedem beliebigen Ort mit der ATF MOBILE APP erreicht werden.<\/p>\n<p><strong>ATF Mobile App <\/strong><\/p>\n<p>ATF-Verbindung \u00fcberall! Die ATF Mobile App informiert \u00fcber den Status der verbundenen ATF-Ger\u00e4te, vereinfacht die Suche nach einem passenden ATF-Adapter und ist stets im direkten Kontakt zu unseren ATF-Spezialisten.<\/p>\n<\/div><div class=\"fusion-sep-clear\"><\/div><div class=\"fusion-separator fusion-full-width-sep\" style=\"margin-left: auto;margin-right: auto;margin-top:30px;width:100%;\"><\/div><div class=\"fusion-sep-clear\"><\/div><div class=\"fusion-builder-row fusion-builder-row-inner fusion-row\"><div class=\"fusion-layout-column fusion_builder_column_inner fusion-builder-nested-column-0 fusion_builder_column_inner_1_3 1_3 fusion-one-third fusion-column-first\" style=\"width:33.333333333333%;width:calc(33.333333333333% - ( ( 4% + 4% ) * 0.33333333333333 ) );margin-right: 4%;margin-top:0px;margin-bottom:20px;\"><div class=\"fusion-column-wrapper fusion-flex-column-wrapper-legacy\" style=\"background-position:left top;background-repeat:no-repeat;-webkit-background-size:cover;-moz-background-size:cover;-o-background-size:cover;background-size:cover;padding: 0px 0px 0px 0px;\"><div class=\"imageframe-align-center\"><span class=\" fusion-imageframe imageframe-none imageframe-3 hover-type-none\" style=\"border:1px solid #ffffff;\"><img decoding=\"async\" width=\"102\" height=\"83\" title=\"Screenshot 2024-03-13 alle 00.51.54\" src=\"https:\/\/www.ecotechnics.com\/world\/wp-content\/uploads\/2024\/03\/Screenshot-2024-03-13-alle-00.51.54.png\" alt class=\"img-responsive wp-image-25326\"\/><\/span><\/div><div class=\"fusion-clearfix\"><\/div><\/div><\/div><div class=\"fusion-layout-column fusion_builder_column_inner fusion-builder-nested-column-1 fusion_builder_column_inner_1_3 1_3 fusion-one-third\" style=\"width:33.333333333333%;width:calc(33.333333333333% - ( ( 4% + 4% ) * 0.33333333333333 ) );margin-right: 4%;margin-top:0px;margin-bottom:20px;\"><div class=\"fusion-column-wrapper fusion-flex-column-wrapper-legacy\" style=\"background-position:left top;background-repeat:no-repeat;-webkit-background-size:cover;-moz-background-size:cover;-o-background-size:cover;background-size:cover;padding: 0px 0px 0px 0px;\"><div class=\"imageframe-align-center\"><span class=\" fusion-imageframe imageframe-none imageframe-4 hover-type-none\" style=\"border:1px solid #ffffff;\"><img decoding=\"async\" width=\"150\" height=\"201\" alt=\"2 FILTRI ULTRA FINI\" title=\"atfd1\" src=\"https:\/\/www.ecotechnics.com\/world\/wp-content\/uploads\/2023\/04\/atfd1.png\" class=\"img-responsive wp-image-19016\"\/><\/span><\/div><div class=\"fusion-clearfix\"><\/div><\/div><\/div><div class=\"fusion-layout-column fusion_builder_column_inner fusion-builder-nested-column-2 fusion_builder_column_inner_1_3 1_3 fusion-one-third fusion-column-last\" style=\"width:33.333333333333%;width:calc(33.333333333333% - ( ( 4% + 4% ) * 0.33333333333333 ) );margin-top:0px;margin-bottom:20px;\"><div class=\"fusion-column-wrapper fusion-flex-column-wrapper-legacy\" style=\"background-position:left top;background-repeat:no-repeat;-webkit-background-size:cover;-moz-background-size:cover;-o-background-size:cover;background-size:cover;padding: 0px 0px 0px 0px;\"><div class=\"imageframe-align-center\"><span class=\" fusion-imageframe imageframe-none imageframe-5 hover-type-none\" style=\"border:1px solid #ffffff;\"><img decoding=\"async\" width=\"104\" height=\"136\" title=\"2\" src=\"https:\/\/www.ecotechnics.com\/world\/wp-content\/uploads\/2024\/03\/2-1.png\" alt class=\"img-responsive wp-image-25332\"\/><\/span><\/div><div class=\"fusion-clearfix\"><\/div><\/div><\/div><div class=\"fusion-layout-column fusion_builder_column_inner fusion-builder-nested-column-3 fusion_builder_column_inner_1_3 1_3 fusion-one-third fusion-column-first\" style=\"width:33.333333333333%;width:calc(33.333333333333% - ( ( 4% ) * 0.33333333333333 ) );margin-right: 4%;margin-top:0px;margin-bottom:20px;\"><div class=\"fusion-column-wrapper fusion-flex-column-wrapper-legacy\" style=\"background-position:left top;background-repeat:no-repeat;-webkit-background-size:cover;-moz-background-size:cover;-o-background-size:cover;background-size:cover;padding: 0px 0px 0px 0px;\"><div class=\"imageframe-align-center\"><span class=\" fusion-imageframe imageframe-none imageframe-6 hover-type-none\" style=\"border:1px solid #ffffff;\"><img decoding=\"async\" width=\"105\" height=\"162\" title=\"3\" src=\"https:\/\/www.ecotechnics.com\/world\/wp-content\/uploads\/2024\/03\/3-1.png\" alt class=\"img-responsive wp-image-25338\"\/><\/span><\/div><div class=\"fusion-clearfix\"><\/div><\/div><\/div><div class=\"fusion-layout-column fusion_builder_column_inner fusion-builder-nested-column-4 fusion_builder_column_inner_1_3 1_3 fusion-one-third fusion-column-last\" style=\"width:33.333333333333%;width:calc(33.333333333333% - ( ( 4% ) * 0.33333333333333 ) );margin-top:0px;margin-bottom:20px;\"><div class=\"fusion-column-wrapper fusion-flex-column-wrapper-legacy\" style=\"background-position:left top;background-repeat:no-repeat;-webkit-background-size:cover;-moz-background-size:cover;-o-background-size:cover;background-size:cover;padding: 0px 0px 0px 0px;\"><div class=\"imageframe-align-center\"><span class=\" fusion-imageframe imageframe-none imageframe-7 hover-type-none\" style=\"border:1px solid #ffffff;\"><img decoding=\"async\" width=\"150\" height=\"201\" alt=\"2 RACCORDI E TUBO SCARICO OLIO USATO\" title=\"atfd2\" src=\"https:\/\/www.ecotechnics.com\/world\/wp-content\/uploads\/2023\/04\/atfd2.png\" class=\"img-responsive wp-image-18998\"\/><\/span><\/div><div class=\"fusion-clearfix\"><\/div><\/div><\/div><\/div><div class=\"fusion-sep-clear\"><\/div><div class=\"fusion-separator fusion-full-width-sep\" style=\"margin-left: auto;margin-right: auto;margin-top:30px;width:100%;\"><\/div><div class=\"fusion-sep-clear\"><\/div><div class=\"fusion-sep-clear\"><\/div><div class=\"fusion-separator fusion-full-width-sep\" style=\"margin-left: auto;margin-right: auto;margin-top:32px;margin-bottom:32px;width:100%;\"><div class=\"fusion-separator-border sep-single sep-solid\" style=\"border-color:#56af31;border-top-width:1px;\"><\/div><\/div><div class=\"fusion-sep-clear\"><\/div><div class=\"fusion-text fusion-text-4\"><h3 style=\"text-align: left;\"><strong>ATF MOOVETECH<\/strong><\/h3>\n<h3>Fokus auf Stationsfunktionen<\/h3>\n<\/div><div class=\"fusion-text fusion-text-5\"><p><strong>Warum ist der ATF-Service wichtig?<\/strong><\/p>\n<blockquote>\n<p>Die Produktion von Fahrzeugen mit Automatikgetriebe w\u00e4chst stark, und die Wartung dieser Getriebe entwickelt sich weiter. Fr\u00fcher empfahlen die Hersteller \u201ekeine Wartung\u201c, und Automatikgetriebe galten als \u201elebenslang haltbar\u201c. Heute sind regelm\u00e4\u00dfige Sp\u00fclungen und \u00d6lwechsel notwendig, um die Leistung und Lebensdauer des Automatikgetriebes zu erh\u00f6hen.<\/p>\n<\/blockquote>\n<p><strong>Welchen Vorteil bietet der ATF-Service?<\/strong><\/p>\n<blockquote>\n<p>Die Wartung des Automatikgetriebes wird empfohlen, um die bestm\u00f6gliche Effizienz des Getriebes sicherzustellen, Reparaturen zu verhindern, den Kraftstoffverbrauch des Fahrzeugs zu senken, die Emissionen niedrig zu halten und ein zufriedenstellendes, positives und dauerhaftes Fahrerlebnis zu gew\u00e4hrleisten.<\/p>\n<\/blockquote>\n<p><strong>Welchen Vorteil bringt der ATF-Service f\u00fcr die Werkstatt?<\/strong><\/p>\n<blockquote>\n<p>Der ATF-Service wird f\u00fcr jede professionelle Werkstatt unverzichtbar, um einen umfassenden Service anzubieten. Die steigende Nachfrage nach Wartung von Automatikgetrieben stellt zudem eine bedeutende Gesch\u00e4ftschance dar. Jeder ATF-Service ist mit dem Einsatz von Verbrauchsmaterialien (\u00d6l, Reiniger, Additive) verbunden und generiert zus\u00e4tzlichen Umsatz mit hohen Margen. Der ROI (Return on Investment) ist schnell.<\/p>\n<\/blockquote>\n<\/div><div class=\"fusion-text fusion-text-6\"><h3 style=\"text-align: left;\">Auswahl an Adaptern<\/h3>\n<\/div><div class=\"fusion-text fusion-text-7\"><div class=\"page\" title=\"Page 3\">\n<div class=\"section\">\n<div class=\"layoutArea\">\n<div class=\"column\">\n<div class=\"page\" title=\"Page 3\">\n<div class=\"section\">\n<div class=\"layoutArea\">\n<div class=\"column\">\n<p><strong>Das weite ATF-Adapter-Sortiment wird noch gr\u00f6\u00dfer<\/strong><\/p>\n<p>Die Zusammenstellung des ATF Adaptersortiments folgt dem Ziel, die fokussierteste Auswahl f\u00fcr den europ\u00e4ischen Fahrzeugpark und eine umfassende Abdeckung aller Anschl\u00fcsse gew\u00e4hrleisten zu k\u00f6nnen. Wir arbeiten st\u00e4ndig daran, die Abdeckung zu optimieren. Das derzeitige Sortiment von 76 Adaptern und 21 \u00d6lstandsanschl\u00fcssen gilt als da umfangreichste auf dem Markt. Dies wird nun um 10 weitere Adapter erweitert. Diese wurden sorgf\u00e4ltig ausgew\u00e4hlt, um L\u00f6sungen f\u00fcr mehr der g\u00e4ngigsten Modelle zu bieten, die eine ATFWartung ben\u00f6tigen, und auch neue, knifflige L\u00f6sungen f\u00fcr spezielle Modelle zu finden.<\/p>\n<p><strong>Optimierung ATF BASIS KIT ADAPTER und ATF ADVANCED KIT ADAPTER<\/strong><\/p>\n<p>Die Adapter A31, A50 und A55 werden f\u00fcr einige der g\u00e4ngigsten Fahrzeuge in Europa ben\u00f6tigt. Daher wurden diese Adapter vom ADVANCED KIT in das BASE KIT verschoben, das nun aus 21 statt 18 Adaptern besteht. Die Adapter A52, A57 und A72 werden ebenfalls h\u00e4ufig ben\u00f6tigt und sind daher nun f\u00fcr das ADVANCED KIT ausgew\u00e4hlt. Insgesamt bleiben somit im ADVANCED KIT weiterhin 18 Adapter enthalten.<\/p>\n<div class=\"page\" title=\"Page 3\">\n<div class=\"section\">\n<div class=\"layoutArea\">\n<div class=\"column\">\n<ul>\n<li><span style=\"color: #00ccff;\">KIT.ATF<\/span> ATF ADAPTER BASIS KIT<br \/>\nDieses Basiskit deckt die g\u00e4ngigsten Fahrzeuge ab und ist ideal f\u00fcr den Einstieg.<br \/>\nEs stellt den perfekten Ausgangspunkt f\u00fcr ATF-Dienstleistungen dar und bietet ein starkes Paket f\u00fcr die in Europa am weitesten verbreiteten Fahrzeuge mit Automatikgetriebe.<\/li>\n<\/ul>\n<div class=\"page\" title=\"Page 3\">\n<div class=\"section\">\n<div class=\"layoutArea\">\n<div class=\"column\">\n<ul>\n<li><span style=\"color: #ffff00;\">KIT.ATF.ADV<\/span> ATF ADAPTER ADVANCED KIT<br \/>\nErweitertes Kit zur Erg\u00e4nzung des Basiskits.<br \/>\nVerbesserung der Grundabdeckung f\u00fcr Fahrzeuge, die h\u00e4ufig in freien Werkst\u00e4tten aller Marken gewartet werden.<\/li>\n<\/ul>\n<div class=\"page\" title=\"Page 3\">\n<div class=\"section\">\n<div class=\"layoutArea\">\n<div class=\"column\">\n<ul>\n<li><span style=\"color: #99cc00;\">PROFI-TIPP 1<\/span><br \/>\nAusgew\u00e4hlte Adapter f\u00fcr einen besonders spezialisierten ATF-Service.<br \/>\nDer Fokus liegt auf nordeurop\u00e4ischen Fahrzeugen, insbesondere Anwendungen f\u00fcr VW, Mercedes, BMW und Volvo.<\/li>\n<\/ul>\n<div class=\"page\" title=\"Page 3\">\n<div class=\"section\">\n<div class=\"layoutArea\">\n<div class=\"column\">\n<ul>\n<li><span style=\"color: #ff9900;\">PROFI-TIPP 2<\/span><br \/>\nAusgew\u00e4hlte Adapter f\u00fcr einen besonders spezialisierten ATF-Service.<br \/>\nDer Fokus liegt auf europ\u00e4ischen Herstellern mit geringerer Marktpr\u00e4senz wie Renault, der PSA-Gruppe und der FCA-Gruppe.<\/li>\n<\/ul>\n<p><strong>BITTE DENKEN SIE AN DAS LEVELKIT<\/strong><\/p>\n<p>Das Kit enth\u00e4lt 20 Anschl\u00fcsse (von ATF101 bis ATF120), um das Kontrollieren und Nachf\u00fcllen des \u00d6lstands bei den meisten g\u00e4ngigen europ\u00e4ischen Fahrzeugen zu erleichtern. Sofern das Fahrzeug w\u00e4hrend eines ATF-Services angeschlossen ist, kann diese Kontrolle selbstverst\u00e4ndlich direkt mit den Serviceschl\u00e4uchen der Station durchgef\u00fchrt werden. Um den F\u00fcllstand hingegen nach einer Probefahrt oder in anderen Umst\u00e4nden bei nicht angeschlossenem Getriebe zu pr\u00fcfen, erm\u00f6glichen diese Anschl\u00fcsse ein schnelles und einfaches Arbeiten.<\/p>\n<\/div>\n<\/div>\n<\/div>\n<\/div>\n<\/div>\n<\/div>\n<\/div>\n<\/div>\n<\/div>\n<\/div>\n<\/div>\n<\/div>\n<\/div>\n<\/div>\n<\/div>\n<\/div>\n<\/div>\n<\/div>\n<\/div>\n<\/div>\n<\/div>\n<\/div>\n<\/div>\n<\/div>\n<\/div><div class=\"fusion-sep-clear\"><\/div><div class=\"fusion-separator fusion-full-width-sep\" style=\"margin-left: auto;margin-right: auto;margin-top:32px;margin-bottom:32px;width:100%;\"><div class=\"fusion-separator-border sep-single sep-solid\" style=\"border-color:#56af31;border-top-width:1px;\"><\/div><\/div><div class=\"fusion-sep-clear\"><\/div><div class=\"fusion-builder-row fusion-builder-row-inner fusion-row\"><div class=\"fusion-layout-column fusion_builder_column_inner fusion-builder-nested-column-5 fusion_builder_column_inner_1_2 1_2 fusion-one-half fusion-column-first\" style=\"width:50%;width:calc(50% - ( ( 4% ) * 0.5 ) );margin-right: 4%;margin-top:0px;margin-bottom:20px;\"><div class=\"fusion-column-wrapper fusion-flex-column-wrapper-legacy\" style=\"background-position:left top;background-repeat:no-repeat;-webkit-background-size:cover;-moz-background-size:cover;-o-background-size:cover;background-size:cover;padding: 0px 0px 0px 0px;\"><div class=\"fusion-aligncenter\"><style>.fusion-button.button-2{border-radius:5px 5px 5px 5px;}<\/style><a class=\"fusion-button button-flat button-large button-default button-2 fusion-button-default-span fusion-button-default-type\" target=\"_blank\" rel=\"noopener noreferrer\" href=\"https:\/\/www.ecotechnics.com\/world\/wp-content\/uploads\/2025\/09\/ATF-Adapter-NEWS-Eco-DE.pdf\"><i class=\"fa-file-pdf fas button-icon-left\" aria-hidden=\"true\"><\/i><span class=\"fusion-button-text\">NEUE ATF ADAPTER LISTE<\/span><\/a><\/div><div class=\"fusion-clearfix\"><\/div><\/div><\/div><div class=\"fusion-layout-column fusion_builder_column_inner fusion-builder-nested-column-6 fusion_builder_column_inner_1_2 1_2 fusion-one-half fusion-column-last\" style=\"width:50%;width:calc(50% - ( ( 4% ) * 0.5 ) );margin-top:0px;margin-bottom:20px;\"><div class=\"fusion-column-wrapper fusion-flex-column-wrapper-legacy\" style=\"background-position:left top;background-repeat:no-repeat;-webkit-background-size:cover;-moz-background-size:cover;-o-background-size:cover;background-size:cover;padding: 0px 0px 0px 0px;\"><div class=\"fusion-aligncenter\"><style>.fusion-button.button-3{border-radius:5px 5px 5px 5px;}<\/style><a class=\"fusion-button button-flat fusion-button-default-size button-default button-3 fusion-button-default-span fusion-button-default-type\" target=\"_blank\" rel=\"noopener noreferrer\" href=\"https:\/\/youtu.be\/nKXdAXxD1M4?si=phv3eZcwiKySaSJ9\"><i class=\"fa-video fas button-icon-left\" aria-hidden=\"true\"><\/i><span class=\"fusion-button-text\">TUTORIAL<\/span><\/a><\/div><div class=\"fusion-clearfix\"><\/div><\/div><\/div><\/div><div class=\"fusion-clearfix\"><\/div><\/div><\/div><\/div><\/div>\n","protected":false},"excerpt":{"rendered":"","protected":false},"author":5,"featured_media":0,"parent":425,"menu_order":0,"comment_status":"closed","ping_status":"closed","template":"","meta":[],"_links":{"self":[{"href":"https:\/\/www.ecotechnics.com\/world\/de\/wp-json\/wp\/v2\/pages\/16857"}],"collection":[{"href":"https:\/\/www.ecotechnics.com\/world\/de\/wp-json\/wp\/v2\/pages"}],"about":[{"href":"https:\/\/www.ecotechnics.com\/world\/de\/wp-json\/wp\/v2\/types\/page"}],"author":[{"embeddable":true,"href":"https:\/\/www.ecotechnics.com\/world\/de\/wp-json\/wp\/v2\/users\/5"}],"replies":[{"embeddable":true,"href":"https:\/\/www.ecotechnics.com\/world\/de\/wp-json\/wp\/v2\/comments?post=16857"}],"version-history":[{"count":157,"href":"https:\/\/www.ecotechnics.com\/world\/de\/wp-json\/wp\/v2\/pages\/16857\/revisions"}],"predecessor-version":[{"id":31175,"href":"https:\/\/www.ecotechnics.com\/world\/de\/wp-json\/wp\/v2\/pages\/16857\/revisions\/31175"}],"up":[{"embeddable":true,"href":"https:\/\/www.ecotechnics.com\/world\/de\/wp-json\/wp\/v2\/pages\/425"}],"wp:attachment":[{"href":"https:\/\/www.ecotechnics.com\/world\/de\/wp-json\/wp\/v2\/media?parent=16857"}],"curies":[{"name":"wp","href":"https:\/\/api.w.org\/{rel}","templated":true}]}}