
{"id":414,"date":"2017-07-05T11:23:02","date_gmt":"2017-07-05T11:23:02","guid":{"rendered":"http:\/\/dev.ecotechnics.com\/?page_id=414\/"},"modified":"2025-11-11T16:24:19","modified_gmt":"2025-11-11T16:24:19","slug":"unternehmen","status":"publish","type":"page","link":"https:\/\/www.ecotechnics.com\/world\/de\/unternehmen\/","title":{"rendered":"UNTERNEHMEN"},"content":{"rendered":"<div class=\"fusion-fullwidth fullwidth-box fusion-builder-row-1 nonhundred-percent-fullwidth non-hundred-percent-height-scrolling fusion-equal-height-columns\" style=\"background-color: rgba(255,255,255,0);background-position: center center;background-repeat: no-repeat;padding-top:0px;padding-right:0px;padding-bottom:0px;padding-left:0px;margin-bottom: 0px;margin-top: 0px;border-width: 0px 0px 0px 0px;border-color:#eae9e9;border-style:solid;\" ><div class=\"fusion-builder-row fusion-row\"><div class=\"fusion-layout-column fusion_builder_column fusion-builder-column-0 fusion_builder_column_1_6 1_6 fusion-one-sixth fusion-column-first\" style=\"width:16.666666666667%;width:calc(16.666666666667% - ( ( 4% + 4% ) * 0.16666666666667 ) );margin-right: 4%;margin-top:0px;margin-bottom:20px;\"><div class=\"fusion-column-wrapper fusion-flex-column-wrapper-legacy\" style=\"background-position:left top;background-repeat:no-repeat;-webkit-background-size:cover;-moz-background-size:cover;-o-background-size:cover;background-size:cover;padding: 0px 0px 0px 0px;\"><div class=\"fusion-column-content-centered\"><div class=\"fusion-column-content\"><\/div><\/div><div class=\"fusion-clearfix\"><\/div><\/div><\/div><div class=\"fusion-layout-column fusion_builder_column fusion-builder-column-1 fusion_builder_column_2_3 2_3 fusion-two-third\" style=\"width:66.666666666667%;width:calc(66.666666666667% - ( ( 4% + 4% ) * 0.66666666666667 ) );margin-right: 4%;margin-top:0px;margin-bottom:20px;\"><div class=\"fusion-column-wrapper fusion-flex-column-wrapper-legacy\" style=\"background-position:left top;background-repeat:no-repeat;-webkit-background-size:cover;-moz-background-size:cover;-o-background-size:cover;background-size:cover;padding: 0px 0px 0px 0px;\"><div class=\"fusion-column-content-centered\"><div class=\"fusion-column-content\"><div class=\"imageframe-align-center\"><span class=\" fusion-imageframe imageframe-none imageframe-1 hover-type-none\"><img decoding=\"async\" width=\"102\" height=\"116\" src=\"https:\/\/www.ecotechnics.com\/world\/wp-content\/uploads\/2019\/03\/logo-header.png\" alt class=\"img-responsive wp-image-3152\"\/><\/span><\/div><style type=\"text\/css\"><\/style><div class=\"fusion-title title fusion-title-1 fusion-sep-none fusion-title-text fusion-title-size-one\" style=\"margin-top:0px;margin-bottom:31px;\"><h1 class=\"title-heading-left fusion-responsive-typography-calculated\" style=\"margin:0;--fontSize:32;line-height:1.2;\"><h1 style=\"text-align: center;\">DIE GESCHICHTE DER MARKE<\/h1><\/h1><\/div><div class=\"fusion-text fusion-text-1\"><p style=\"text-align: justify;\">Ecotechnics wurde 1995 in Florenz gegr\u00fcndet. Die innovativen und ambiti\u00f6sen Ideen haben fruchtbaren Boden und ein privilegiertes Umfeld gefunden. Die Toskana ist immer schon stark mit Forschung und Innovation verbunden und hat dadurch exzellente Forschungszentren und Universit\u00e4ten angezogen. Die Region verf\u00fcgt somit \u00fcber einen hohen Index an Personalressourcen, welche im Stande sind, eine starke Entwicklung herbeizuf\u00fchren.<\/p>\n<p style=\"text-align: justify;\">Die noch kleine Fabrik hat sich bald auf Klimaserviceger\u00e4te f\u00fcr die R\u00fcckgewinnung, das Recycling und Bef\u00fcllen von Klimaanlagen in der Automobilindustrie spezialisiert. In wenigen Jahren hat Ecotechnics eine andauernde und weltweite F\u00fchrungsposition eingenommen.<\/p>\n<p style=\"text-align: justify;\">Der Schl\u00fcssel zum Erfolg der Organisation beruht auf der st\u00e4ndigen Suche nach Verbesserung und dem Prinzip technologische Entwicklung zum Nutzen des Anwenders anzubieten. Mit diesem Gedanken hat Ecotechnics im Laufe der Jahre zahlreiche internationale Patente zu verzeichnen und ist stolz darauf, eine Vielzahl von fortschrittlichen Funktionalit\u00e4ten erfunden und eingef\u00fchrt zu haben, wie zum Beispiel den vollautomatischen Serviceablauf, die kompakte R\u00fcckgewinnungseinheit aus Aluminium oder die integrierte A\/C-Diagnosefunktion. Mit der \u00dcbernahme von Ecotechnics durch die amerikanische Holding Snap-on, wird im Jahr 2015 Snap-on Climate Solutions s. r. l. gegr\u00fcndet. Die amerikanische Holding Snap-on wurde 1920 gegr\u00fcndet und ist eine der weltweit f\u00fchrenden Hersteller von innovativen Werkzeugen, Diagnosesystemen und Equipment sowie Dienstleister im industriellen und automotiven Sektor.<\/p>\n<p style=\"text-align: justify;\">Die Marke Ecotechnics und Snap-on treten so in eine Synergie spezifischer Kompetenzen und verfolgen, zusammen mit den anderen Marken der Gruppe, ein gemeinsames Ziel: die wertvollsten Produktivit\u00e4ts-L\u00f6sungen der Welt realisieren.<\/p>\n<\/div><div class=\"fusion-text fusion-text-2\"><h2 style=\"text-align: center;\"><strong>WIR MACHEN L\u00d6SUNGEN EFFIZIENT <\/strong><\/h2>\n<h3 style=\"text-align: center;\"><strong>Ein professionelles Programm f\u00fcr Klimaanlage und ATF<\/strong><\/h3>\n<p style=\"text-align: center;\"><strong>KLIMASERVICEGER\u00c4TE<\/strong><\/p>\n<p style=\"text-align: center;\">Jede Werkstatt ist einzigartig. Die Wahl der geeigneten Ausr\u00fcstung muss der Werkstatt den gew\u00fcnschten Service bei angemessener Rentabilit\u00e4t und Kapitalrendite bieten. Um die Bed\u00fcrfnisse einer Werkstatt zu erf\u00fcllen, hat Ecotechnics 10 verschiedene Klimaserviceger\u00e4te entwickelt. Von High-End-Ger\u00e4ten f\u00fcr ein oder zwei K\u00e4ltemittel bis hin zu g\u00fcnstigen und flexiblen L\u00f6sungen. Speziell f\u00fcr den mobilen Einsatz oder den Service an gro\u00dfen Systemen wurden ECK LAND und ECK BUS PRO entwickelt, w\u00e4hrend das zukunftsorientierte CO2-K\u00e4ltemittel seine beste Premium-L\u00f6sung im neuen ECO\u2082R744 trifft.<\/p>\n<p style=\"text-align: center;\"><strong>KLIMASERVICE ZUBEH\u00d6R<\/strong><\/p>\n<p style=\"text-align: center;\">ALLES NOTWENDIGE! Ecotechnics bietet alles was f\u00fcr einen professionellen Klimaservice notwendig ist: Zubeh\u00f6r, Verbrauchsmaterialien, Lecksuchger\u00e4te und Produkte zur regelm\u00e4\u00dfigen Wartung. Die gezielte Auswahl der 3 g\u00e4ngigsten PAG und POE Normen f\u00fcr Kompressor\u00f6l und Kontrastmittel deckt mehr als 95% der Bed\u00fcrfnisse ab. Die SAE Gasanalyse stellt eine perfekte L\u00f6sung im Umgang mit Kontaminationsrisiken dar. Sie ist einfach zu installieren, erkennt Prozents\u00e4tze der Komponenten und schlie\u00dft m\u00f6gliche Verunreinigungen aus. Viele weitere Highlights sind bemerkenswert, wie z. B. das Diagnoseschauglas, die Effizienz des Sp\u00fclkits bis hin zu den \u201ekleinen Helfern\u201c wie Swift-Kupplungen um Verbindungen zur Anlage zu erleichtern.<\/p>\n<p style=\"text-align: center;\"><strong>ATF PROGRAMM<\/strong><\/p>\n<p style=\"text-align: center;\">Das einzigartige ATF Moovetech integriert kompetenteste Arbeitsabl\u00e4ufe die von erfahrenen ATF-Spezialisten bez\u00fcglich Hardware und Software sorgf\u00e4ltigst entwickelt wurden. Die Zusammenstellung des ATF Adaptersortiments folgt dem Ziel, die fokussierteste Auswahl f\u00fcr den europ\u00e4ischen Fahrzeugpark zu gew\u00e4hrleisten. Diese werden einzeln oder in empfohlenen Adapterkits angeboten. Die ATF-Datenbank enth\u00e4lt mehr als 90 % aller ab dem Baujahr 2000 hergestellten Fahrzeugmodelle. Diese kann direkt am Ger\u00e4t, auf der Online-Plattform oder auch von jedem beliebigen Ort mit der ATF MOBILE APP erreicht werden.<\/p>\n<\/div><\/div><\/div><div class=\"fusion-clearfix\"><\/div><\/div><\/div><div class=\"fusion-layout-column fusion_builder_column fusion-builder-column-2 fusion_builder_column_1_6 1_6 fusion-one-sixth fusion-column-last\" style=\"width:16.666666666667%;width:calc(16.666666666667% - ( ( 4% + 4% ) * 0.16666666666667 ) );margin-top:0px;margin-bottom:20px;\"><div class=\"fusion-column-wrapper fusion-flex-column-wrapper-legacy\" style=\"background-position:left top;background-repeat:no-repeat;-webkit-background-size:cover;-moz-background-size:cover;-o-background-size:cover;background-size:cover;padding: 0px 0px 0px 0px;\"><div class=\"fusion-column-content-centered\"><div class=\"fusion-column-content\"><\/div><\/div><div class=\"fusion-clearfix\"><\/div><\/div><\/div><\/div><\/div>\n","protected":false},"excerpt":{"rendered":"","protected":false},"author":1,"featured_media":0,"parent":0,"menu_order":0,"comment_status":"closed","ping_status":"closed","template":"100-width.php","meta":[],"_links":{"self":[{"href":"https:\/\/www.ecotechnics.com\/world\/de\/wp-json\/wp\/v2\/pages\/414"}],"collection":[{"href":"https:\/\/www.ecotechnics.com\/world\/de\/wp-json\/wp\/v2\/pages"}],"about":[{"href":"https:\/\/www.ecotechnics.com\/world\/de\/wp-json\/wp\/v2\/types\/page"}],"author":[{"embeddable":true,"href":"https:\/\/www.ecotechnics.com\/world\/de\/wp-json\/wp\/v2\/users\/1"}],"replies":[{"embeddable":true,"href":"https:\/\/www.ecotechnics.com\/world\/de\/wp-json\/wp\/v2\/comments?post=414"}],"version-history":[{"count":27,"href":"https:\/\/www.ecotechnics.com\/world\/de\/wp-json\/wp\/v2\/pages\/414\/revisions"}],"predecessor-version":[{"id":30367,"href":"https:\/\/www.ecotechnics.com\/world\/de\/wp-json\/wp\/v2\/pages\/414\/revisions\/30367"}],"wp:attachment":[{"href":"https:\/\/www.ecotechnics.com\/world\/de\/wp-json\/wp\/v2\/media?parent=414"}],"curies":[{"name":"wp","href":"https:\/\/api.w.org\/{rel}","templated":true}]}}