
{"id":16849,"date":"2022-10-10T08:36:39","date_gmt":"2022-10-10T08:36:39","guid":{"rendered":"https:\/\/www.ecotechnics.com\/world\/productos\/atf-moovetech-2\/"},"modified":"2026-04-01T10:07:32","modified_gmt":"2026-04-01T10:07:32","slug":"atf-moovetech-2","status":"publish","type":"page","link":"https:\/\/www.ecotechnics.com\/world\/es\/productos\/atf-moovetech-2\/","title":{"rendered":"ATF Moovetech"},"content":{"rendered":"<div class=\"fusion-fullwidth fullwidth-box fusion-builder-row-1 nonhundred-percent-fullwidth non-hundred-percent-height-scrolling\" style=\"background-color: rgba(255,255,255,0);background-position: center center;background-repeat: no-repeat;padding-top:0px;padding-right:0px;padding-bottom:0px;padding-left:0px;margin-bottom: 0px;margin-top: 32px;border-width: 0px 0px 0px 0px;border-color:#eae9e9;border-style:solid;\" ><div class=\"fusion-builder-row fusion-row\"><div class=\"fusion-layout-column fusion_builder_column fusion-builder-column-0 fusion_builder_column_2_5 2_5 fusion-two-fifth fusion-column-first\" style=\"width:40%;width:calc(40% - ( ( 4% ) * 0.4 ) );margin-right: 4%;margin-top:0px;margin-bottom:0px;\"><div class=\"fusion-column-wrapper fusion-flex-column-wrapper-legacy\" style=\"background-position:left top;background-repeat:no-repeat;-webkit-background-size:cover;-moz-background-size:cover;-o-background-size:cover;background-size:cover;padding: 0px 0px 0px 0px;\"><div class=\"fusion-clearfix\"><\/div><\/div><\/div><div class=\"fusion-layout-column fusion_builder_column fusion-builder-column-1 fusion_builder_column_3_5 3_5 fusion-three-fifth fusion-column-last gradientborderred mobileproductcol\" style=\"width:60%;width:calc(60% - ( ( 4% ) * 0.6 ) );margin-top:0px;margin-bottom:0px;\"><div class=\"fusion-column-wrapper fusion-flex-column-wrapper-legacy\" style=\"background-position:left top;background-repeat:no-repeat;-webkit-background-size:cover;-moz-background-size:cover;-o-background-size:cover;background-size:cover;border-radius:3px 3px 3px 3px;background-color:rgba(255,255,255,0.8);border-radius:3px 3px 3px 3px;overflow:hidden;padding: 6% 4% 6% 4%;\"><div class=\"fusion-alignright\"><style>.fusion-button.button-1{border-radius:5px 5px 5px 5px;}<\/style><a class=\"fusion-button button-flat button-small button-default button-1 fusion-button-default-span fusion-button-default-type\" target=\"_self\" href=\"https:\/\/www.ecotechnics.com\/world\/es\/productos\/\"><i class=\"fa-arrow-left fas button-icon-left\" aria-hidden=\"true\"><\/i><span class=\"fusion-button-text\">PRODUCTOS<\/span><\/a><\/div><div class=\"fusion-sep-clear\"><\/div><div class=\"fusion-separator fusion-full-width-sep\" style=\"margin-left: auto;margin-right: auto;margin-top:30px;width:100%;\"><\/div><div class=\"fusion-sep-clear\"><\/div><div class=\"imageframe-align-center\"><style>.fusion-imageframe.imageframe-1{ margin-top : 32px;margin-bottom : 32px;}<\/style><span class=\" fusion-imageframe imageframe-none imageframe-1 hover-type-none fusion-no-medium-visibility fusion-no-large-visibility\"><img decoding=\"async\" width=\"2560\" height=\"1281\" alt=\"Atf moovetech\" title=\"ATF 3\" src=\"https:\/\/www.ecotechnics.com\/world\/wp-content\/uploads\/2023\/04\/ATF-3.png\" class=\"img-responsive wp-image-18536\" srcset=\"https:\/\/www.ecotechnics.com\/world\/wp-content\/uploads\/2023\/04\/ATF-3-200x100.png 200w, https:\/\/www.ecotechnics.com\/world\/wp-content\/uploads\/2023\/04\/ATF-3-400x200.png 400w, https:\/\/www.ecotechnics.com\/world\/wp-content\/uploads\/2023\/04\/ATF-3-600x300.png 600w, https:\/\/www.ecotechnics.com\/world\/wp-content\/uploads\/2023\/04\/ATF-3-800x400.png 800w, https:\/\/www.ecotechnics.com\/world\/wp-content\/uploads\/2023\/04\/ATF-3-1200x600.png 1200w, https:\/\/www.ecotechnics.com\/world\/wp-content\/uploads\/2023\/04\/ATF-3.png 2560w\" sizes=\"(max-width: 778px) 100vw, 800px\" \/><\/span><\/div><div class=\"fusion-sep-clear\"><\/div><div class=\"fusion-separator fusion-full-width-sep\" style=\"margin-left: auto;margin-right: auto;margin-top:30px;width:100%;\"><\/div><div class=\"fusion-sep-clear\"><\/div><span class=\" fusion-imageframe imageframe-none imageframe-2 hover-type-none\" style=\"max-width:300px;\"><img decoding=\"async\" width=\"954\" height=\"401\" title=\"Atf moovetech dark\" src=\"https:\/\/www.ecotechnics.com\/world\/wp-content\/uploads\/2023\/04\/Atf-moovetech-dark.png\" alt class=\"img-responsive wp-image-18542\" srcset=\"https:\/\/www.ecotechnics.com\/world\/wp-content\/uploads\/2023\/04\/Atf-moovetech-dark-200x84.png 200w, https:\/\/www.ecotechnics.com\/world\/wp-content\/uploads\/2023\/04\/Atf-moovetech-dark-400x168.png 400w, https:\/\/www.ecotechnics.com\/world\/wp-content\/uploads\/2023\/04\/Atf-moovetech-dark-600x252.png 600w, https:\/\/www.ecotechnics.com\/world\/wp-content\/uploads\/2023\/04\/Atf-moovetech-dark-800x336.png 800w, https:\/\/www.ecotechnics.com\/world\/wp-content\/uploads\/2023\/04\/Atf-moovetech-dark.png 954w\" sizes=\"(max-width: 778px) 100vw, 800px\" \/><\/span><div class=\"fusion-text fusion-text-1\" style=\"color:#004586;\"><h1 style=\"line-height: 1;\"><span style=\"color: #b02717;\">Limpieza de la transmisi\u00f3n autom\u00e1tica y cambio de aceite<\/span><\/h1>\n<\/div><div class=\"fusion-text fusion-text-2\"><h3><span style=\"color: #004586;\">\u00daNICA<\/span><\/h3>\n<p>Nuestra estaci\u00f3n se destaca como la elecci\u00f3n definitiva en el mercado, integrando flujos de trabajo autom\u00e1ticos, procedimientos guiados por software y una base de datos completa. La robustez y la alta calidad de los componentes garantizan un mantenimiento m\u00ednimo, haciendo que nuestra estaci\u00f3n sea \u00fanica en su tipo.<\/p>\n<h3><span style=\"color: #004586;\">F\u00c1CIL<\/span><\/h3>\n<p>Con sus controles autom\u00e1ticos e intuitivos, sugiere los par\u00e1metros de trabajo m\u00e1s apropiados, cuidadosamente dise\u00f1ados por especialistas expertos. Los usuarios son guiados sin problemas a trav\u00e9s de todas las configuraciones, garantizando una experiencia eficiente y sin esfuerzo.<\/p>\n<h3><span style=\"color: #004586;\">COMPLETA<\/span><\/h3>\n<p>La base de datos contiene nada menos que 20,310 veh\u00edculos, m\u00e1s del 90% de todos los modelos fabricados desde el a\u00f1o 2000 en adelante. Con los adaptadores inmediatamente disponibles, adem\u00e1s de los que se pueden adquirir bajo pedido, garantizamos una cobertura completa para todas las conexiones.<\/p>\n<\/div><div class=\"fusion-sep-clear\"><\/div><div class=\"fusion-separator fusion-full-width-sep nodesk\" style=\"margin-left: auto;margin-right: auto;margin-top:32px;width:100%;\"><\/div><div class=\"fusion-sep-clear\"><\/div><div class=\"fusion-text fusion-text-3\"><p><strong>Recuperador de aceite Smart<\/strong><\/p>\n<p>Este es el m\u00e9todo m\u00e1s c\u00f3modo, r\u00e1pido, seguro y limpio para gestionar el fluido usado. El aceite recuperado, recogido en la bandeja, se pesa autom\u00e1ticamente. La altura de la bandeja de drenaje de la estaci\u00f3n es regulable. Su forma asim\u00e9trica permite adaptarse a todas las necesidades.<\/p>\n<p><strong>2 filtros grandes<\/strong><\/p>\n<p>Para proteger todos los componentes internos de la estaci\u00f3n y evitar la necesidad de mantenimiento, mediante un filtrado de alta capacidad del circuito de la transmisi\u00f3n durante la fase de limpieza. Un filtro dedicado para cada direcci\u00f3n (1 y 2).<\/p>\n<p><strong>Colector de alto rendimiento<\/strong><\/p>\n<p>El uso de v\u00e1lvulas montadas en un colector compacto de aluminio, combinado con el amplio di\u00e1metro de los conductos, permite evitar p\u00e9rdidas de carga con el consiguiente aumento de velocidad y mantener un flujo constante de aceite, garantizando el m\u00e1ximo rendimiento.<\/p>\n<p><strong>Dep\u00f3sito de aceite multimarca<\/strong><\/p>\n<p>Alojamiento del dep\u00f3sito de aceite dise\u00f1ado para adaptarse f\u00e1cilmente a diferentes tama\u00f1os y marcas.<\/p>\n<p><strong>Vaciado del aceite usado mediante aire comprimido<\/strong><\/p>\n<p>Limpio, f\u00e1cil, r\u00e1pido: no se necesita bomba. Mediante una operaci\u00f3n de vaciado altamente profesional, hemos eliminado cualquier necesidad de retirar el dep\u00f3sito de aceite usado, haci\u00e9ndolo m\u00e1s limpio, r\u00e1pido y sencillo.<\/p>\n<p><strong>Tercera balanza para el aditivo<\/strong><\/p>\n<p>M\u00e1xima precisi\u00f3n respecto a otros fabricantes. El uso de una balanza evita el riesgo de que la bomba aspire aire durante la inyecci\u00f3n del aditivo y elimina la necesidad constante de purgarla.<\/p>\n<p><strong>Conectores de alta calidad<\/strong><\/p>\n<p>Antisalpicaduras, f\u00e1ciles de manejar.<\/p>\n<p><strong>Software: autom\u00e1tico e intuitivo<\/strong><\/p>\n<p>Software de monitorizaci\u00f3n continua: durante todo el proceso de limpieza, cambio de aceite y sustituci\u00f3n del c\u00e1rter y\/o del filtro, el flujo de trabajo del software nunca requiere el funcionamiento del motor en momentos cr\u00edticos. La navegaci\u00f3n es intuitiva. El usuario est\u00e1 perfectamente guiado. Los par\u00e1metros m\u00e1s adecuados se sugieren pero no son obligatorios, y el usuario siempre es libre de definir la configuraci\u00f3n que prefiera para el servicio.<\/p>\n<p><strong>Base de datos<\/strong><\/p>\n<p>ATF-Service24 es la plataforma de acceso a la base de datos en l\u00ednea de la ATF. La base de datos se actualiza constantemente y proporciona informaci\u00f3n sobre conexiones, adaptadores, procedimientos, filtros, niveles, componentes e informaci\u00f3n de seguridad. Puede acceder a la base de datos cargada directamente desde la estaci\u00f3n ATF, la plataforma en l\u00ednea o desde cualquier lugar utilizando la APLICACI\u00d3N M\u00d3VIL ATF.<\/p>\n<p><strong>Aplicaci\u00f3n m\u00f3vil ATF <\/strong><\/p>\n<p>\u00a1Conexi\u00f3n ATF en todas partes! La aplicaci\u00f3n m\u00f3vil ATF proporciona informaci\u00f3n sobre el estado actual de los dispositivos ATF conectados, simplifica la b\u00fasqueda de un adaptador ATF espec\u00edfico y siempre est\u00e1 en contacto directo con nuestros especialistas ATF.<\/p>\n<\/div><div class=\"fusion-sep-clear\"><\/div><div class=\"fusion-separator fusion-full-width-sep\" style=\"margin-left: auto;margin-right: auto;margin-top:30px;width:100%;\"><\/div><div class=\"fusion-sep-clear\"><\/div><div class=\"fusion-builder-row fusion-builder-row-inner fusion-row\"><div class=\"fusion-layout-column fusion_builder_column_inner fusion-builder-nested-column-0 fusion_builder_column_inner_1_3 1_3 fusion-one-third fusion-column-first\" style=\"width:33.333333333333%;width:calc(33.333333333333% - ( ( 4% + 4% ) * 0.33333333333333 ) );margin-right: 4%;margin-top:0px;margin-bottom:20px;\"><div class=\"fusion-column-wrapper fusion-flex-column-wrapper-legacy\" style=\"background-position:left top;background-repeat:no-repeat;-webkit-background-size:cover;-moz-background-size:cover;-o-background-size:cover;background-size:cover;padding: 0px 0px 0px 0px;\"><div class=\"imageframe-align-center\"><span class=\" fusion-imageframe imageframe-none imageframe-3 hover-type-none\" style=\"border:1px solid #ffffff;\"><img decoding=\"async\" width=\"102\" height=\"83\" title=\"Screenshot 2024-03-13 alle 00.51.54\" src=\"https:\/\/www.ecotechnics.com\/world\/wp-content\/uploads\/2024\/03\/Screenshot-2024-03-13-alle-00.51.54.png\" alt class=\"img-responsive wp-image-25328\"\/><\/span><\/div><div class=\"fusion-clearfix\"><\/div><\/div><\/div><div class=\"fusion-layout-column fusion_builder_column_inner fusion-builder-nested-column-1 fusion_builder_column_inner_1_3 1_3 fusion-one-third\" style=\"width:33.333333333333%;width:calc(33.333333333333% - ( ( 4% + 4% ) * 0.33333333333333 ) );margin-right: 4%;margin-top:0px;margin-bottom:20px;\"><div class=\"fusion-column-wrapper fusion-flex-column-wrapper-legacy\" style=\"background-position:left top;background-repeat:no-repeat;-webkit-background-size:cover;-moz-background-size:cover;-o-background-size:cover;background-size:cover;padding: 0px 0px 0px 0px;\"><div class=\"imageframe-align-center\"><span class=\" fusion-imageframe imageframe-none imageframe-4 hover-type-none\" style=\"border:1px solid #ffffff;\"><img decoding=\"async\" width=\"150\" height=\"201\" alt=\"2 FILTRI ULTRA FINI\" title=\"atfd1\" src=\"https:\/\/www.ecotechnics.com\/world\/wp-content\/uploads\/2023\/04\/atfd1.png\" class=\"img-responsive wp-image-19018\"\/><\/span><\/div><div class=\"fusion-clearfix\"><\/div><\/div><\/div><div class=\"fusion-layout-column fusion_builder_column_inner fusion-builder-nested-column-2 fusion_builder_column_inner_1_3 1_3 fusion-one-third fusion-column-last\" style=\"width:33.333333333333%;width:calc(33.333333333333% - ( ( 4% + 4% ) * 0.33333333333333 ) );margin-top:0px;margin-bottom:20px;\"><div class=\"fusion-column-wrapper fusion-flex-column-wrapper-legacy\" style=\"background-position:left top;background-repeat:no-repeat;-webkit-background-size:cover;-moz-background-size:cover;-o-background-size:cover;background-size:cover;padding: 0px 0px 0px 0px;\"><div class=\"imageframe-align-center\"><span class=\" fusion-imageframe imageframe-none imageframe-5 hover-type-none\" style=\"border:1px solid #ffffff;\"><img decoding=\"async\" width=\"104\" height=\"136\" title=\"2\" src=\"https:\/\/www.ecotechnics.com\/world\/wp-content\/uploads\/2024\/03\/2-1.png\" alt class=\"img-responsive wp-image-25334\"\/><\/span><\/div><div class=\"fusion-clearfix\"><\/div><\/div><\/div><div class=\"fusion-layout-column fusion_builder_column_inner fusion-builder-nested-column-3 fusion_builder_column_inner_1_3 1_3 fusion-one-third fusion-column-first\" style=\"width:33.333333333333%;width:calc(33.333333333333% - ( ( 4% ) * 0.33333333333333 ) );margin-right: 4%;margin-top:0px;margin-bottom:20px;\"><div class=\"fusion-column-wrapper fusion-flex-column-wrapper-legacy\" style=\"background-position:left top;background-repeat:no-repeat;-webkit-background-size:cover;-moz-background-size:cover;-o-background-size:cover;background-size:cover;padding: 0px 0px 0px 0px;\"><div class=\"imageframe-align-center\"><span class=\" fusion-imageframe imageframe-none imageframe-6 hover-type-none\" style=\"border:1px solid #ffffff;\"><img decoding=\"async\" width=\"105\" height=\"162\" title=\"3\" src=\"https:\/\/www.ecotechnics.com\/world\/wp-content\/uploads\/2024\/03\/3-1.png\" alt class=\"img-responsive wp-image-25340\"\/><\/span><\/div><div class=\"fusion-clearfix\"><\/div><\/div><\/div><div class=\"fusion-layout-column fusion_builder_column_inner fusion-builder-nested-column-4 fusion_builder_column_inner_1_3 1_3 fusion-one-third fusion-column-last\" style=\"width:33.333333333333%;width:calc(33.333333333333% - ( ( 4% ) * 0.33333333333333 ) );margin-top:0px;margin-bottom:20px;\"><div class=\"fusion-column-wrapper fusion-flex-column-wrapper-legacy\" style=\"background-position:left top;background-repeat:no-repeat;-webkit-background-size:cover;-moz-background-size:cover;-o-background-size:cover;background-size:cover;padding: 0px 0px 0px 0px;\"><div class=\"imageframe-align-center\"><span class=\" fusion-imageframe imageframe-none imageframe-7 hover-type-none\" style=\"border:1px solid #ffffff;\"><img decoding=\"async\" width=\"150\" height=\"201\" alt=\"2 RACCORDI E TUBO SCARICO OLIO USATO\" title=\"atfd2\" src=\"https:\/\/www.ecotechnics.com\/world\/wp-content\/uploads\/2023\/04\/atfd2.png\" class=\"img-responsive wp-image-19000\"\/><\/span><\/div><div class=\"fusion-clearfix\"><\/div><\/div><\/div><\/div><div class=\"fusion-sep-clear\"><\/div><div class=\"fusion-separator fusion-full-width-sep\" style=\"margin-left: auto;margin-right: auto;margin-top:30px;width:100%;\"><\/div><div class=\"fusion-sep-clear\"><\/div><div class=\"fusion-sep-clear\"><\/div><div class=\"fusion-separator fusion-full-width-sep\" style=\"margin-left: auto;margin-right: auto;margin-top:32px;margin-bottom:32px;width:100%;\"><div class=\"fusion-separator-border sep-single sep-solid\" style=\"border-color:#56af31;border-top-width:1px;\"><\/div><\/div><div class=\"fusion-sep-clear\"><\/div><div class=\"fusion-text fusion-text-4\"><h3 style=\"text-align: left;\"><strong>ATF MOOVETECH<\/strong><\/h3>\n<h3>Centrarse en las funciones de la estaci\u00f3n<\/h3>\n<\/div><div class=\"fusion-text fusion-text-5\"><p><strong>\u00bfPor qu\u00e9 es importante realizar el servicio ATF?<\/strong><\/p>\n<blockquote>\n<p>La producci\u00f3n de veh\u00edculos con transmisi\u00f3n autom\u00e1tica est\u00e1 creciendo r\u00e1pidamente y el mantenimiento de las transmisiones est\u00e1 evolucionando. En el pasado, los fabricantes recomendaban \u201csin mantenimiento\u201d y las transmisiones autom\u00e1ticas se consideraban \u201cde por vida\u201d. Hoy en d\u00eda, el mantenimiento con limpiezas y cambios de aceite regulares es necesario para mejorar el rendimiento y la durabilidad de la transmisi\u00f3n autom\u00e1tica.<\/p>\n<\/blockquote>\n<p><strong>\u00bfCu\u00e1l es la ventaja de realizar el servicio ATF?<\/strong><\/p>\n<blockquote>\n<p>El mantenimiento de la transmisi\u00f3n autom\u00e1tica se recomienda para garantizar la m\u00e1xima eficiencia de la caja de cambios, prevenir y evitar reparaciones, reducir el consumo de combustible del veh\u00edculo, mantener bajas las emisiones y proporcionar una experiencia de conducci\u00f3n satisfactoria, positiva y duradera.<\/p>\n<\/blockquote>\n<p><strong>\u00bfCu\u00e1l es la ventaja del servicio ATF para el taller?<\/strong><\/p>\n<blockquote>\n<p>El servicio ATF se vuelve esencial para cualquier taller profesional que quiera ofrecer un servicio completo. La creciente demanda de mantenimiento de transmisiones autom\u00e1ticas representa adem\u00e1s una oportunidad de negocio significativa para el taller. Todo servicio ATF implica el uso de materiales de consumo (aceite, detergente, aditivos) y genera facturaci\u00f3n adicional con altos ingresos. El ROI (retorno de la inversi\u00f3n) es r\u00e1pido.<\/p>\n<\/blockquote>\n<\/div><div class=\"fusion-text fusion-text-6\"><h3 style=\"text-align: left;\">Gama de adaptadores<\/h3>\n<\/div><div class=\"fusion-text fusion-text-7\"><div class=\"page\" title=\"Page 3\">\n<div class=\"section\">\n<div class=\"layoutArea\">\n<div class=\"column\">\n<p><strong>La amplia gama de adaptadores se hace a\u00fan m\u00e1s grande<\/strong><\/p>\n<p>Con el deseo de ofrecer una gama de adaptadores tan extraordinaria como la estaci\u00f3n ATF, hemos creado una selecci\u00f3n enfocada para lograr la mejor cobertura de la flota de veh\u00edculos europea. Trabajo constante para optimizar la cobertura. La gama actual de 76 adaptadores y 21 conectores de nivel de aceite, considerada la m\u00e1s amplia del mercado, se ampl\u00eda ahora con 10 adaptadores adicionales. Estos nuevos adaptadores se seleccionan cuidadosamente para ofrecer las soluciones en algunos modelos populares y tambi\u00e9n para identificar nuevas soluciones en algunos modelos espec\u00edficos.<\/p>\n<p><strong>Optimizaci\u00f3n KIT B\u00c1SICO DE ADAPTADORES Y KIT AVANZADO DE ADAPTADORES<\/strong><\/p>\n<p>Los adaptadores A31, A50 y A55 son necesarios para algunos de los veh\u00edculos con transmisi\u00f3n autom\u00e1tica m\u00e1s comunes en Europa. Por lo tanto, estos adaptadores se han trasladado del KIT AVANZADO al KIT B\u00c1SICO, que ahora incluye 21 adaptadores en lugar de 18. Los adaptadores A52, A57 y A72 se solicitan con frecuencia y ahora se seleccionan para el KIT AVANZADO. Por lo tanto, el KIT AVANZADO incluye 18 adaptadores<\/p>\n<div class=\"page\" title=\"Page 3\">\n<div class=\"section\">\n<div class=\"layoutArea\">\n<div class=\"column\">\n<ul>\n<li><span style=\"color: #00ccff;\">KIT.ATF<\/span> KIT B\u00c1SICO DE ADAPTADORES ATF<br \/>\nEste kit b\u00e1sico cubre los veh\u00edculos m\u00e1s comunes y es esencial para comenzar. La gama representa un punto de partida ideal para los servicios ATF y ofrece un excelente paquete para los veh\u00edculos con transmisi\u00f3n autom\u00e1tica m\u00e1s populares de Europa que requieren mantenimiento ATF.<\/li>\n<\/ul>\n<\/div>\n<\/div>\n<\/div>\n<\/div>\n<div class=\"page\" title=\"Page 3\">\n<div class=\"section\">\n<div class=\"layoutArea\">\n<div class=\"column\">\n<ul>\n<li><span style=\"color: #ffff00;\">KIT.ATF.ADV<\/span> KIT AVANZADO DE ADAPTADORES ATF<br \/>\nKit ampliado para complementar la cobertura del kit b\u00e1sico. Mejora la cobertura para veh\u00edculos frecuentemente presentes en los talleres del mercado posventa de todas las marcas.<\/li>\n<\/ul>\n<\/div>\n<\/div>\n<\/div>\n<\/div>\n<div class=\"page\" title=\"Page 3\">\n<div class=\"section\">\n<div class=\"layoutArea\">\n<div class=\"column\">\n<ul>\n<li><span style=\"color: #99cc00;\">SUGERENCIA PROFESIONAL 1<\/span><br \/>\nSelecci\u00f3n de adaptadores recomendados para un servicio ATF m\u00e1s especializado. El enfoque est\u00e1 en los veh\u00edculos del norte de Europa, centrado en fabricantes del centro-norte como VW, Mercedes, BMW y Volvo.<\/li>\n<\/ul>\n<\/div>\n<\/div>\n<\/div>\n<\/div>\n<div class=\"page\" title=\"Page 3\">\n<div class=\"section\">\n<div class=\"layoutArea\">\n<div class=\"column\">\n<ul>\n<li><span style=\"color: #ff9900;\">SUGERENCIA PROFESIONAL 2<\/span><br \/>\nSelecci\u00f3n de adaptadores recomendados para un servicio ATF m\u00e1s especializado. El enfoque est\u00e1 en veh\u00edculos de fabricantes europeos menos comunes como Renault, el grupo PSA y el grupo FCA.<\/li>\n<\/ul>\n<p><strong>RECUERDA EL LEVELKIT<\/strong><\/p>\n<p>El kit contiene 20 conectores (ATF101 a ATF120) para facilitar la recarga de aceite en la mayor\u00eda de los veh\u00edculos europeos m\u00e1s populares. Con la transmisi\u00f3n autom\u00e1tica conectada durante la limpieza y el cambio de aceite ATF, la recarga puede realizarse directamente con las mangueras de servicio de la estaci\u00f3n. Para comprobar el nivel despu\u00e9s de una prueba de conducci\u00f3n o en cualquier otra circunstancia con la transmisi\u00f3n desconectada, estos conectores permiten una recarga r\u00e1pida y sencilla.<\/p>\n<\/div>\n<\/div>\n<\/div>\n<\/div>\n<\/div>\n<\/div>\n<\/div>\n<\/div>\n<\/div><div class=\"fusion-sep-clear\"><\/div><div class=\"fusion-separator fusion-full-width-sep\" style=\"margin-left: auto;margin-right: auto;margin-top:32px;margin-bottom:32px;width:100%;\"><div class=\"fusion-separator-border sep-single sep-solid\" style=\"border-color:#56af31;border-top-width:1px;\"><\/div><\/div><div class=\"fusion-sep-clear\"><\/div><div class=\"fusion-builder-row fusion-builder-row-inner fusion-row\"><div class=\"fusion-layout-column fusion_builder_column_inner fusion-builder-nested-column-5 fusion_builder_column_inner_1_2 1_2 fusion-one-half fusion-column-first\" style=\"width:50%;width:calc(50% - ( ( 4% ) * 0.5 ) );margin-right: 4%;margin-top:0px;margin-bottom:20px;\"><div class=\"fusion-column-wrapper fusion-flex-column-wrapper-legacy\" style=\"background-position:left top;background-repeat:no-repeat;-webkit-background-size:cover;-moz-background-size:cover;-o-background-size:cover;background-size:cover;padding: 0px 0px 0px 0px;\"><div class=\"fusion-aligncenter\"><style>.fusion-button.button-2{border-radius:5px 5px 5px 5px;}<\/style><a class=\"fusion-button button-flat button-large button-default button-2 fusion-button-default-span fusion-button-default-type\" target=\"_blank\" rel=\"noopener noreferrer\" href=\"https:\/\/www.ecotechnics.com\/world\/wp-content\/uploads\/2025\/09\/ATF-Adapter-NEWS-Eco-ES.pdf\"><i class=\"fa-file-pdf fas button-icon-left\" aria-hidden=\"true\"><\/i><span class=\"fusion-button-text\">NUEVA LISTA DE ADAPTADORES ATF<\/span><\/a><\/div><div class=\"fusion-clearfix\"><\/div><\/div><\/div><div class=\"fusion-layout-column fusion_builder_column_inner fusion-builder-nested-column-6 fusion_builder_column_inner_1_2 1_2 fusion-one-half fusion-column-last\" style=\"width:50%;width:calc(50% - ( ( 4% ) * 0.5 ) );margin-top:0px;margin-bottom:20px;\"><div class=\"fusion-column-wrapper fusion-flex-column-wrapper-legacy\" style=\"background-position:left top;background-repeat:no-repeat;-webkit-background-size:cover;-moz-background-size:cover;-o-background-size:cover;background-size:cover;padding: 0px 0px 0px 0px;\"><div class=\"fusion-aligncenter\"><style>.fusion-button.button-3{border-radius:5px 5px 5px 5px;}<\/style><a class=\"fusion-button button-flat fusion-button-default-size button-default button-3 fusion-button-default-span fusion-button-default-type\" target=\"_blank\" rel=\"noopener noreferrer\" href=\"https:\/\/youtu.be\/DP79sq6Cx0c?si=RBbxT-O9Yxagx7Ty\"><i class=\"fa-video fas button-icon-left\" aria-hidden=\"true\"><\/i><span class=\"fusion-button-text\">TUTORIAL<\/span><\/a><\/div><div class=\"fusion-clearfix\"><\/div><\/div><\/div><\/div><div class=\"fusion-clearfix\"><\/div><\/div><\/div><\/div><\/div>\n","protected":false},"excerpt":{"rendered":"","protected":false},"author":5,"featured_media":0,"parent":286,"menu_order":0,"comment_status":"closed","ping_status":"closed","template":"","meta":[],"_links":{"self":[{"href":"https:\/\/www.ecotechnics.com\/world\/es\/wp-json\/wp\/v2\/pages\/16849"}],"collection":[{"href":"https:\/\/www.ecotechnics.com\/world\/es\/wp-json\/wp\/v2\/pages"}],"about":[{"href":"https:\/\/www.ecotechnics.com\/world\/es\/wp-json\/wp\/v2\/types\/page"}],"author":[{"embeddable":true,"href":"https:\/\/www.ecotechnics.com\/world\/es\/wp-json\/wp\/v2\/users\/5"}],"replies":[{"embeddable":true,"href":"https:\/\/www.ecotechnics.com\/world\/es\/wp-json\/wp\/v2\/comments?post=16849"}],"version-history":[{"count":149,"href":"https:\/\/www.ecotechnics.com\/world\/es\/wp-json\/wp\/v2\/pages\/16849\/revisions"}],"predecessor-version":[{"id":31044,"href":"https:\/\/www.ecotechnics.com\/world\/es\/wp-json\/wp\/v2\/pages\/16849\/revisions\/31044"}],"up":[{"embeddable":true,"href":"https:\/\/www.ecotechnics.com\/world\/es\/wp-json\/wp\/v2\/pages\/286"}],"wp:attachment":[{"href":"https:\/\/www.ecotechnics.com\/world\/es\/wp-json\/wp\/v2\/media?parent=16849"}],"curies":[{"name":"wp","href":"https:\/\/api.w.org\/{rel}","templated":true}]}}