
{"id":282,"date":"2017-06-04T09:36:52","date_gmt":"2017-06-04T07:36:52","guid":{"rendered":"http:\/\/www.anteprimasito.info\/eco\/azienda\/"},"modified":"2025-11-11T16:50:23","modified_gmt":"2025-11-11T16:50:23","slug":"la-empresa","status":"publish","type":"page","link":"https:\/\/www.ecotechnics.com\/world\/es\/la-empresa\/","title":{"rendered":"LA EMPRESA"},"content":{"rendered":"<div class=\"fusion-fullwidth fullwidth-box fusion-builder-row-1 nonhundred-percent-fullwidth non-hundred-percent-height-scrolling fusion-equal-height-columns\" style=\"background-color: rgba(255,255,255,0);background-position: center center;background-repeat: no-repeat;padding-top:0px;padding-right:0px;padding-bottom:0px;padding-left:0px;margin-bottom: 0px;margin-top: 0px;border-width: 0px 0px 0px 0px;border-color:#eae9e9;border-style:solid;\" ><div class=\"fusion-builder-row fusion-row\"><div class=\"fusion-layout-column fusion_builder_column fusion-builder-column-0 fusion_builder_column_1_6 1_6 fusion-one-sixth fusion-column-first\" style=\"width:16.666666666667%;width:calc(16.666666666667% - ( ( 4% + 4% ) * 0.16666666666667 ) );margin-right: 4%;margin-top:0px;margin-bottom:20px;\"><div class=\"fusion-column-wrapper fusion-flex-column-wrapper-legacy\" style=\"background-position:left top;background-repeat:no-repeat;-webkit-background-size:cover;-moz-background-size:cover;-o-background-size:cover;background-size:cover;padding: 0px 0px 0px 0px;\"><div class=\"fusion-column-content-centered\"><div class=\"fusion-column-content\"><\/div><\/div><div class=\"fusion-clearfix\"><\/div><\/div><\/div><div class=\"fusion-layout-column fusion_builder_column fusion-builder-column-1 fusion_builder_column_2_3 2_3 fusion-two-third\" style=\"width:66.666666666667%;width:calc(66.666666666667% - ( ( 4% + 4% ) * 0.66666666666667 ) );margin-right: 4%;margin-top:0px;margin-bottom:20px;\"><div class=\"fusion-column-wrapper fusion-flex-column-wrapper-legacy\" style=\"background-position:left top;background-repeat:no-repeat;-webkit-background-size:cover;-moz-background-size:cover;-o-background-size:cover;background-size:cover;padding: 0px 0px 0px 0px;\"><div class=\"fusion-column-content-centered\"><div class=\"fusion-column-content\"><div class=\"imageframe-align-center\"><span class=\" fusion-imageframe imageframe-none imageframe-1 hover-type-none\"><img decoding=\"async\" width=\"102\" height=\"116\" src=\"https:\/\/www.ecotechnics.com\/world\/wp-content\/uploads\/2019\/03\/logo-header.png\" alt class=\"img-responsive wp-image-3152\"\/><\/span><\/div><style type=\"text\/css\"><\/style><div class=\"fusion-title title fusion-title-1 fusion-sep-none fusion-title-text fusion-title-size-one\" style=\"margin-top:0px;margin-bottom:31px;\"><h1 class=\"title-heading-left fusion-responsive-typography-calculated\" style=\"margin:0;--fontSize:32;line-height:1.2;\"><h1 style=\"text-align: center;\">HISTORIA DE LA MARCA<\/h1><\/h1><\/div><div class=\"fusion-text fusion-text-1\"><p style=\"text-align: justify;\">Ecotechnics se establecio\u0301 en Florencia en 1995. Ideas innovadoras que al instante encontraron un terreno fe\u0301rtil y un entorno privilegiado: la investigacio\u0301n y la innovacio\u0301n siempre han estado fuertemente asociadas a la Toscana, contando con excelentes centros para la investigacio\u0301n y universidades altamente cualificadas. La regio\u0301n ha alcanzado asi\u0301 un alto i\u0301ndice de recursos humanos y competencias, capaz de generar un fuerte desarrollo innovador. Lo que en sus inicios fue una pequen\u0303a fa\u0301brica, ra\u0301pidamente se especializo\u0301 en la recuperacio\u0301n de unidades de servicio de aire acondicionado, reciclaje y recarga de sistemas de aire acondicionado para la industria automotriz. Ecotechnics alcanzo\u0301 en pocos an\u0303os, una posicio\u0301n de liderazgo a nivel mundial.<\/p>\n<p style=\"text-align: justify;\">La clave del e\u0301xito de la organizacio\u0301n es la dedicacio\u0301n continua a la investigacio\u0301n para la mejora, provisio\u0301n y desarrollo tecnolo\u0301gico, siempre en beneficio del usuario. Impulsada por este concepto, Ecotechnics ha adquirido numerosas patentes internacionales a lo largo de los an\u0303os y se enorgullece de haber inventado e introducido una serie de funciones avanzadas, como el proceso de servicio totalmente automa\u0301tico, el colector de aluminio compacto y la funcio\u0301n de diagno\u0301stico integrada en una unidad de servicio A\/C. La empresa Snap-on Climate Solutions SRL se establecio\u0301 tras la adquisicio\u0301n de Ecotechnics Spa por la Holding estadounidense Snap-on en 2015. Snap-on es uno de los principales fabricantes mundiales de herramientas innovadoras, sistemas de diagno\u0301stico y equipos, y ha sido proveedor de servicios para usuarios profesionales en el sector industrial y automotriz desde 1920. Las compan\u0303i\u0301as Ecotechnics y Snap-on han definido competencias sine\u0301rgicas especi\u0301ficas y junto con las otras marcas del grupo persiguen un objetivo comu\u0301n; desarrollar soluciones de productividad altamente valoradas en todo el mundo.<\/p>\n<p style=\"text-align: justify;\">Hoy en di\u0301a, la Compan\u0303ia Ecotechnics esta\u0301 presente en ma\u0301s de 80 pai\u0301ses de todo el mundo a trave\u0301s de una red de distribuidores seleccionados y especializados.<\/p>\n<\/div><div class=\"fusion-text fusion-text-2\"><h2 style=\"text-align: center;\">HACEMOS SOLUCIONES EFICIENTES<\/h2>\n<h3 style=\"text-align: center;\">Un programa profesional para aire acondicionado y ATF<\/h3>\n<p style=\"text-align: center;\"><strong>ESTACIONES DE AIRE ACONDICIONADO<\/strong><\/p>\n<p style=\"text-align: center;\">Cada taller es \u00fanico. La elecci\u00f3n del equipo adecuado debe proporcionar al taller el servicio deseado, respetando la rentabilidad y el retorno de la inversi\u00f3n. Ecotechnics ha desarrollado 10 estaciones de aire acondicionado para cubrir las diferentes necesidades de un taller. Desde estaciones de alta gama para uno o dos refrigerantes hasta soluciones m\u00e1s compactas y flexibles. ECK LAND y ECK BUS PRO han sido desarrollados especialmente para uso m\u00f3vil o para el mantenimiento de grandes sistemas, mientras que el refrigerante de CO2 orientado al futuro encuentra su mejor soluci\u00f3n premium en el nuevo ECO\u2082R744.<\/p>\n<p style=\"text-align: center;\"><strong>ACCESORIOS PARA SERVICIO CLIM\u00c1TICO<\/strong><\/p>\n<p style=\"text-align: center;\">\u00a1TODO LO QUE NECESITAS! Ecotechnics ofrece todo lo necesario para un servicio profesional: accesorios, consumibles, detectores de fugas y productos para el mantenimiento peri\u00f3dico. La selecci\u00f3n espec\u00edfica de los 3 est\u00e1ndares PAG y POE m\u00e1s comunes para aceite de compresor y trazador cubre m\u00e1s del 95% de las necesidades. El analizador de gases es una soluci\u00f3n perfecta para controlar el riesgo de contaminaci\u00f3n. Es f\u00e1cil de instalar, detecta los porcentajes de los componentes y excluye posibles contaminaciones. Cabe mencionar muchos otros aspectos destacados, como el kit de diagn\u00f3stico visual, la eficiencia del kit de lavado o los \u201cpeque\u00f1os ayudantes\u201d como los acoplamientos r\u00e1pidos Swift para facilitar las conexiones al sistema.<\/p>\n<p style=\"text-align: center;\"><strong>PROGRAMA ATF<\/strong><\/p>\n<p style=\"text-align: center;\">ATF Moovetech integra din\u00e1micas de trabajo y los par\u00e1metros m\u00e1s adecuados en t\u00e9rminos de hardware y software, cuidadosamente estudiados por especialistas expertos. La composici\u00f3n de la gama de adaptadores ATF sigue el objetivo de obtener la mejor cobertura del parque de veh\u00edculos europeo. Los adaptadores est\u00e1n disponibles individualmente o en kits seleccionados seg\u00fan las necesidades espec\u00edficas del taller. La base de datos de ATF contiene m\u00e1s del 90% de todos los modelos de veh\u00edculos producidos desde el a\u00f1o 2000. Puede acceder a ella directamente desde su dispositivo, en la plataforma en l\u00ednea o desde cualquier lugar utilizando la APLICACI\u00d3N M\u00d3VIL ATF.<\/p>\n<\/div><\/div><\/div><div class=\"fusion-clearfix\"><\/div><\/div><\/div><div class=\"fusion-layout-column fusion_builder_column fusion-builder-column-2 fusion_builder_column_1_6 1_6 fusion-one-sixth fusion-column-last\" style=\"width:16.666666666667%;width:calc(16.666666666667% - ( ( 4% + 4% ) * 0.16666666666667 ) );margin-top:0px;margin-bottom:20px;\"><div class=\"fusion-column-wrapper fusion-flex-column-wrapper-legacy\" style=\"background-position:left top;background-repeat:no-repeat;-webkit-background-size:cover;-moz-background-size:cover;-o-background-size:cover;background-size:cover;padding: 0px 0px 0px 0px;\"><div class=\"fusion-column-content-centered\"><div class=\"fusion-column-content\"><\/div><\/div><div class=\"fusion-clearfix\"><\/div><\/div><\/div><\/div><\/div>\n","protected":false},"excerpt":{"rendered":"","protected":false},"author":1,"featured_media":0,"parent":0,"menu_order":0,"comment_status":"closed","ping_status":"closed","template":"100-width.php","meta":[],"_links":{"self":[{"href":"https:\/\/www.ecotechnics.com\/world\/es\/wp-json\/wp\/v2\/pages\/282"}],"collection":[{"href":"https:\/\/www.ecotechnics.com\/world\/es\/wp-json\/wp\/v2\/pages"}],"about":[{"href":"https:\/\/www.ecotechnics.com\/world\/es\/wp-json\/wp\/v2\/types\/page"}],"author":[{"embeddable":true,"href":"https:\/\/www.ecotechnics.com\/world\/es\/wp-json\/wp\/v2\/users\/1"}],"replies":[{"embeddable":true,"href":"https:\/\/www.ecotechnics.com\/world\/es\/wp-json\/wp\/v2\/comments?post=282"}],"version-history":[{"count":19,"href":"https:\/\/www.ecotechnics.com\/world\/es\/wp-json\/wp\/v2\/pages\/282\/revisions"}],"predecessor-version":[{"id":30369,"href":"https:\/\/www.ecotechnics.com\/world\/es\/wp-json\/wp\/v2\/pages\/282\/revisions\/30369"}],"wp:attachment":[{"href":"https:\/\/www.ecotechnics.com\/world\/es\/wp-json\/wp\/v2\/media?parent=282"}],"curies":[{"name":"wp","href":"https:\/\/api.w.org\/{rel}","templated":true}]}}