
{"id":4335,"date":"2019-03-29T01:18:08","date_gmt":"2019-03-29T01:18:08","guid":{"rendered":"https:\/\/www.ecotechnics.com\/world\/cercafughe\/"},"modified":"2022-02-01T15:44:24","modified_gmt":"2022-02-01T15:44:24","slug":"deteccion-de-fugas","status":"publish","type":"page","link":"https:\/\/www.ecotechnics.com\/world\/es\/productos\/deteccion-de-fugas\/","title":{"rendered":"Cercafughe"},"content":{"rendered":"<p><div class=\"fusion-fullwidth fullwidth-box fusion-builder-row-1 nonhundred-percent-fullwidth non-hundred-percent-height-scrolling\" style=\"background-color: #094a8c;background-position: center center;background-repeat: no-repeat;padding-top:0px;padding-right:0px;padding-bottom:0px;padding-left:0px;margin-bottom: 0px;margin-top: 0px;border-width: 0px 0px 0px 0px;border-color:#eae9e9;border-style:solid;\" ><div class=\"fusion-builder-row fusion-row\"><div class=\"fusion-layout-column fusion_builder_column fusion-builder-column-0 fusion_builder_column_1_1 1_1 fusion-one-full fusion-column-first fusion-column-last\" style=\"margin-top:0px;margin-bottom:0px;\"><div class=\"fusion-column-wrapper fusion-flex-column-wrapper-legacy\" style=\"background-position:left top;background-repeat:no-repeat;-webkit-background-size:cover;-moz-background-size:cover;-o-background-size:cover;background-size:cover;padding: 0px 0px 0px 0px;\"><div class=\"fusion-widget fusion-widget-element fusion-widget-area fusion-content-widget-area wpWidget-1 menuprodottibar\" style=\"border-width:0px;border-style:solid;\"><div class=\"widget widget_nav_menu\"><div class=\"menu-menu-prodotti_es-container\"><ul id=\"menu-menu-prodotti_es\" class=\"menu\"><li id=\"menu-item-14986\" class=\"menu-item menu-item-type-post_type menu-item-object-page menu-item-14986\"><a href=\"https:\/\/www.ecotechnics.com\/world\/es\/productos\/\">PRODUCTOS<\/a><\/li>\n<li id=\"menu-item-12258\" class=\"menu-item menu-item-type-post_type menu-item-object-page menu-item-12258\"><a href=\"https:\/\/www.ecotechnics.com\/world\/es\/productos\/accesorios-y-opciones\/\">ACCESSORIOS Y OPCIONES<\/a><\/li>\n<li id=\"menu-item-12257\" class=\"menu-item menu-item-type-post_type menu-item-object-page menu-item-12257\"><a href=\"https:\/\/www.ecotechnics.com\/world\/es\/productos\/conectores-y-mangueras\/\">CONECTORES Y MANGUERAS<\/a><\/li>\n<li id=\"menu-item-12254\" class=\"menu-item menu-item-type-post_type menu-item-object-page menu-item-12254\"><a href=\"https:\/\/www.ecotechnics.com\/world\/es\/productos\/consumibles-y-envases\/\">CONSUMIBLES Y ENVASES<\/a><\/li>\n<li id=\"menu-item-12256\" class=\"menu-item menu-item-type-post_type menu-item-object-page menu-item-12256\"><a href=\"https:\/\/www.ecotechnics.com\/world\/es\/productos\/deteccion-de-fugas\/\">DETECCI\u00d3N DE FUGAS<\/a><\/li>\n<li id=\"menu-item-12255\" class=\"menu-item menu-item-type-post_type menu-item-object-page menu-item-12255\"><a href=\"https:\/\/www.ecotechnics.com\/world\/es\/productos\/mantenimiento\/\">MENTENIMIENTO<\/a><\/li>\n<\/ul><\/div><\/div><\/div><div class=\"fusion-clearfix\"><\/div><\/div><\/div><\/div><\/div><div class=\"fusion-fullwidth fullwidth-box fusion-builder-row-2 nonhundred-percent-fullwidth non-hundred-percent-height-scrolling\" style=\"background-color: rgba(255,255,255,0);background-position: center center;background-repeat: no-repeat;padding-top:0px;padding-right:0px;padding-bottom:0px;padding-left:0px;margin-bottom: 0px;margin-top: 0px;border-width: 0px 0px 0px 0px;border-color:#eae9e9;border-style:solid;\" ><div class=\"fusion-builder-row fusion-row\"><div class=\"fusion-layout-column fusion_builder_column fusion-builder-column-1 fusion_builder_column_1_1 1_1 fusion-one-full fusion-column-first fusion-column-last\" style=\"margin-top:0px;margin-bottom:20px;\"><div class=\"fusion-column-wrapper fusion-flex-column-wrapper-legacy\" style=\"background-position:left top;background-repeat:no-repeat;-webkit-background-size:cover;-moz-background-size:cover;-o-background-size:cover;background-size:cover;padding: 0px 10px 0px 10px;\"><div class=\"fusion-column-content-centered\"><div class=\"fusion-column-content\"><div class=\"fusion-sep-clear\"><\/div><div class=\"fusion-separator fusion-full-width-sep\" style=\"margin-left: auto;margin-right: auto;margin-top:64px;width:100%;\"><\/div><div class=\"fusion-sep-clear\"><\/div><div class=\"fusion-text fusion-text-1\"><div class=\"supsystic-table-loader spinner\" style=\"background-color: #000000\"><\/div><div id=\"supsystic-table-276_38189\" class=\"supsystic-tables-wrap \" style=\" width: 100%; visibility: hidden; \" data-table-width-fixed=\"100%\" data-table-width-mobile=\"100%\" ><table id=\"supsystic-table-276\" class=\"supsystic-table border lightboxImg row-border \" data-id=\"276\" data-view-id=\"276_38189\" data-title=\"Cercafuga_ES\" data-currency-format=\"$1,000.00\" data-percent-format=\"10.00%\" data-date-format=\"DD.MM.YYYY\" data-time-format=\"HH:mm\" data-features=\"[&quot;after_table_loaded_script&quot;]\" data-search-value=\"\" data-lightbox-img=\"\" data-head-rows-count=\"1\" data-pagination-length=\"50,100,All\" data-auto-index=\"off\" data-searching-settings=\"{&quot;columnSearchPosition&quot;:&quot;bottom&quot;,&quot;minChars&quot;:&quot;0&quot;}\" data-lang=\"default\" data-override=\"{&quot;emptyTable&quot;:&quot;&quot;,&quot;info&quot;:&quot;&quot;,&quot;infoEmpty&quot;:&quot;&quot;,&quot;infoFiltered&quot;:&quot;&quot;,&quot;lengthMenu&quot;:&quot;&quot;,&quot;search&quot;:&quot;&quot;,&quot;zeroRecords&quot;:&quot;&quot;,&quot;exportLabel&quot;:&quot;&quot;,&quot;file&quot;:&quot;default&quot;}\" data-merged=\"[{&quot;row&quot;:3,&quot;col&quot;:0,&quot;rowspan&quot;:2,&quot;colspan&quot;:1,&quot;removed&quot;:false}]\" data-responsive-mode=\"0\" data-from-history=\"0\" ><thead><tr><th class=\"\" style=\"width:auto; padding: 0 !important;\"><\/th><th class=\"\" style=\"width:auto; padding: 0 !important;\"><\/th><th class=\"\" style=\"width:auto; padding: 0 !important;\"><\/th><\/tr><\/thead><tbody><tr ><td data-cell-id=\"A1\" data-x=\"0\" data-y=\"1\" data-db-index=\"1\" class=\"color-000000 htMiddle htCenter\" data-cell-type=\"text\" data-original-value=\"&lt;img src=&quot;https:\/\/www.ecotechnics.com\/world\/wp-content\/uploads\/2022\/01\/AEK-178.png&quot; class=&quot;stbSkipLazy alignnone size-full&quot; width=&quot;541&quot; height=&quot;541&quot; \/&gt;\" data-order=\"&lt;img src=&quot;https:\/\/www.ecotechnics.com\/world\/wp-content\/uploads\/2022\/01\/AEK-178.png&quot; class=&quot;stbSkipLazy alignnone size-full&quot; width=&quot;541&quot; height=&quot;541&quot; \/&gt;\" style=\"min-width: auto; width: auto;\" ><img src=\"https:\/\/www.ecotechnics.com\/world\/wp-content\/uploads\/2022\/01\/AEK-178.png\" class=\"stbSkipLazy alignnone size-full\" width=\"541\" height=\"541\" \/><\/td><td data-cell-id=\"B1\" data-x=\"1\" data-y=\"1\" data-db-index=\"1\" class=\"color-000000 htMiddle htCenter bold\" data-cell-type=\"text\" data-original-value=\"AEK178\" data-order=\"AEK178\" style=\"min-width: auto; width: auto;\" > AEK178 <\/td><td data-cell-id=\"C1\" data-x=\"2\" data-y=\"1\" data-db-index=\"1\" class=\"htMiddle htCenter\" data-cell-type=\"text\" data-original-value=\"Detector de fugas electr\u00f3nico: una herramienta que paramite identificar los gases R134a, HFO1234yf y Hidr\u00f3geno\" data-order=\"Detector de fugas electr\u00f3nico: una herramienta que paramite identificar los gases R134a, HFO1234yf y Hidr\u00f3geno\" style=\"min-width: auto; width: auto;\" > Detector de fugas electr\u00f3nico: una herramienta que paramite identificar los gases R134a, HFO1234yf y Hidr\u00f3geno <\/td><\/tr><tr ><td data-cell-id=\"A2\" data-x=\"0\" data-y=\"2\" data-db-index=\"2\" class=\"color-000000 htMiddle htCenter\" data-cell-type=\"text\" data-original-value=\"&lt;img src=&quot;https:\/\/www.ecotechnics.com\/world\/wp-content\/uploads\/2022\/01\/AEK-203-.png&quot; class=&quot;stbSkipLazy alignnone size-full&quot; width=&quot;830&quot; height=&quot;830&quot; \/&gt;\" data-order=\"&lt;img src=&quot;https:\/\/www.ecotechnics.com\/world\/wp-content\/uploads\/2022\/01\/AEK-203-.png&quot; class=&quot;stbSkipLazy alignnone size-full&quot; width=&quot;830&quot; height=&quot;830&quot; \/&gt;\" ><img src=\"https:\/\/www.ecotechnics.com\/world\/wp-content\/uploads\/2022\/01\/AEK-203-.png\" class=\"stbSkipLazy alignnone size-full\" width=\"830\" height=\"830\" \/><\/td><td data-cell-id=\"B2\" data-x=\"1\" data-y=\"2\" data-db-index=\"2\" class=\"color-000000 htMiddle htCenter bold\" data-cell-type=\"text\" data-original-value=\"AEK203\" data-order=\"AEK203\" > AEK203 <\/td><td data-cell-id=\"C2\" data-x=\"2\" data-y=\"2\" data-db-index=\"2\" class=\"htMiddle htCenter\" data-cell-type=\"text\" data-cell-format-type=\"number\" data-original-value=\"Kit Cobra HD Kit detecci\u00f3n de fugas para circuitos A\/C compuesto por: gafas, l\u00e1mpara UV, bote de l\u00edquido trazador h\u00e9rm\u00e9tico (55ml), inyector (R134a)\" data-order=\"Kit Cobra HD Kit detecci\u00f3n de fugas para circuitos A\/C compuesto por: gafas, l\u00e1mpara UV, bote de l\u00edquido trazador h\u00e9rm\u00e9tico (55ml), inyector (R134a)\" > Kit Cobra HD Kit detecci\u00f3n de fugas para circuitos A\/C compuesto por: gafas, l\u00e1mpara UV, bote de l\u00edquido trazador h\u00e9rm\u00e9tico (55ml), inyector (R134a) <\/td><\/tr><tr ><td data-cell-id=\"A3\" data-x=\"0\" data-y=\"3\" data-db-index=\"3\" class=\"color-000000 htMiddle htCenter\" data-cell-type=\"text\" data-original-value=\"&lt;img src=&quot;https:\/\/www.ecotechnics.com\/world\/wp-content\/uploads\/2022\/01\/AEK-145.png&quot; class=&quot;stbSkipLazy alignnone size-full largeitem&quot; width=&quot;795&quot; height=&quot;795&quot; \/&gt;\" data-order=\"&lt;img src=&quot;https:\/\/www.ecotechnics.com\/world\/wp-content\/uploads\/2022\/01\/AEK-145.png&quot; class=&quot;stbSkipLazy alignnone size-full largeitem&quot; width=&quot;795&quot; height=&quot;795&quot; \/&gt;\" ><img src=\"https:\/\/www.ecotechnics.com\/world\/wp-content\/uploads\/2022\/01\/AEK-145.png\" class=\"stbSkipLazy alignnone size-full largeitem\" width=\"795\" height=\"795\" \/><\/td><td data-cell-id=\"B3\" data-x=\"1\" data-y=\"3\" data-db-index=\"3\" class=\"color-000000 htMiddle htCenter bold\" data-cell-type=\"text\" data-original-value=\"AEK145\" data-order=\"AEK145\" > AEK145 <\/td><td data-cell-id=\"C3\" data-x=\"2\" data-y=\"3\" data-db-index=\"3\" class=\"htMiddle htCenter\" data-cell-type=\"text\" data-cell-format-type=\"number\" data-original-value=\"L\u00e1mpara Cobra + gafas\" data-order=\"L\u00e1mpara Cobra + gafas\" > L\u00e1mpara Cobra + gafas <\/td><\/tr><tr ><td data-cell-id=\"A4\" data-x=\"0\" data-y=\"4\" data-db-index=\"4\" class=\"color-000000 htMiddle htCenter\" data-cell-type=\"text\" data-original-value=\"&lt;img src=&quot;https:\/\/www.ecotechnics.com\/world\/wp-content\/uploads\/2022\/01\/AEK-304-N.png&quot; class=&quot;stbSkipLazy alignnone size-full&quot; width=&quot;463&quot; height=&quot;463&quot; \/&gt;\" data-order=\"&lt;img src=&quot;https:\/\/www.ecotechnics.com\/world\/wp-content\/uploads\/2022\/01\/AEK-304-N.png&quot; class=&quot;stbSkipLazy alignnone size-full&quot; width=&quot;463&quot; height=&quot;463&quot; \/&gt;\" data-colspan=\"1\" data-rowspan=\"2\" ><img src=\"https:\/\/www.ecotechnics.com\/world\/wp-content\/uploads\/2022\/01\/AEK-304-N.png\" class=\"stbSkipLazy alignnone size-full\" width=\"463\" height=\"463\" \/><\/td><td data-cell-id=\"B4\" data-x=\"1\" data-y=\"4\" data-db-index=\"4\" class=\"color-000000 htMiddle htCenter bold\" data-cell-type=\"text\" data-original-value=\"AEK304N\" data-order=\"AEK304N\" > AEK304N <\/td><td data-cell-id=\"C4\" data-x=\"2\" data-y=\"4\" data-db-index=\"4\" class=\"htMiddle htCenter\" data-cell-type=\"text\" data-cell-format-type=\"number\" data-original-value=\"&lt;span style=&quot;color: #094a8c;font-weight: 700&quot;&gt;CON BOTELLA DE NITR\u00d3GENO-HIDR\u00d3GENO (preste atenci\u00f3n a ADR Clase 2 para el transporte)&lt;\/span&gt;&lt;br&gt;Kit universal de detecci\u00f3n de fugas de nitr\u00f3geno con botella de nitr\u00f3geno-hidr\u00f3geno (950ml), conector HFO1234yf y R134a\" data-order=\"&lt;span style=&quot;color: #094a8c;font-weight: 700&quot;&gt;CON BOTELLA DE NITR\u00d3GENO-HIDR\u00d3GENO (preste atenci\u00f3n a ADR Clase 2 para el transporte)&lt;\/span&gt;&lt;br&gt;Kit universal de detecci\u00f3n de fugas de nitr\u00f3geno con botella de nitr\u00f3geno-hidr\u00f3geno (950ml), conector HFO1234yf y R134a\" ><span style=\"color: #094a8c;font-weight: 700\">CON BOTELLA DE NITR\u00d3GENO-HIDR\u00d3GENO (preste atenci\u00f3n a ADR Clase 2 para el transporte)<\/span><br>Kit universal de detecci\u00f3n de fugas de nitr\u00f3geno con botella de nitr\u00f3geno-hidr\u00f3geno (950ml), conector HFO1234yf y R134a <\/td><\/tr><tr ><td data-cell-id=\"A5\" data-x=\"0\" data-y=\"5\" data-db-index=\"5\" class=\"color-000000 htMiddle htCenter\" data-cell-type=\"text\" data-original-value=\"\" data-order=\"\" data-hide=\"true\" ><\/td><td data-cell-id=\"B5\" data-x=\"1\" data-y=\"5\" data-db-index=\"5\" class=\"color-000000 htMiddle htCenter bold\" data-cell-type=\"text\" data-original-value=\"AEK304S\" data-order=\"AEK304S\" > AEK304S <\/td><td data-cell-id=\"C5\" data-x=\"2\" data-y=\"5\" data-db-index=\"5\" class=\"htMiddle htCenter\" data-cell-type=\"text\" data-cell-format-type=\"number\" data-original-value=\"&lt;span style=&quot;color: #094a8c;font-weight: 700&quot;&gt;SIN BOTELLA DE NITR\u00d3GENO-HIDR\u00d3GENO&lt;\/span&gt;&lt;br&gt;Kit universal de detecci\u00f3n de fugas de nitr\u00f3geno sin botella de nitr\u00f3geno-hidr\u00f3geno (950ml), conector HFO1234yf y R134a\" data-order=\"&lt;span style=&quot;color: #094a8c;font-weight: 700&quot;&gt;SIN BOTELLA DE NITR\u00d3GENO-HIDR\u00d3GENO&lt;\/span&gt;&lt;br&gt;Kit universal de detecci\u00f3n de fugas de nitr\u00f3geno sin botella de nitr\u00f3geno-hidr\u00f3geno (950ml), conector HFO1234yf y R134a\" ><span style=\"color: #094a8c;font-weight: 700\">SIN BOTELLA DE NITR\u00d3GENO-HIDR\u00d3GENO<\/span><br>Kit universal de detecci\u00f3n de fugas de nitr\u00f3geno sin botella de nitr\u00f3geno-hidr\u00f3geno (950ml), conector HFO1234yf y R134a <\/td><\/tr><tr ><td data-cell-id=\"A6\" data-x=\"0\" data-y=\"6\" data-db-index=\"6\" class=\"color-000000 htMiddle htCenter\" data-cell-type=\"text\" data-original-value=\"&lt;img src=&quot;https:\/\/www.ecotechnics.com\/world\/wp-content\/uploads\/2022\/01\/AEK-305-e1643065983405.png&quot; class=&quot;stbSkipLazy alignnone size-full&quot; width=&quot;144&quot; height=&quot;144&quot; \/&gt;\" data-order=\"&lt;img src=&quot;https:\/\/www.ecotechnics.com\/world\/wp-content\/uploads\/2022\/01\/AEK-305-e1643065983405.png&quot; class=&quot;stbSkipLazy alignnone size-full&quot; width=&quot;144&quot; height=&quot;144&quot; \/&gt;\" ><img src=\"https:\/\/www.ecotechnics.com\/world\/wp-content\/uploads\/2022\/01\/AEK-305-e1643065983405.png\" class=\"stbSkipLazy alignnone size-full\" width=\"144\" height=\"144\" \/><\/td><td data-cell-id=\"B6\" data-x=\"1\" data-y=\"6\" data-db-index=\"6\" class=\"color-000000 htMiddle htCenter bold\" data-cell-type=\"text\" data-original-value=\"AEK305\" data-order=\"AEK305\" > AEK305 <\/td><td data-cell-id=\"C6\" data-x=\"2\" data-y=\"6\" data-db-index=\"6\" class=\"htMiddle htCenter\" data-cell-type=\"text\" data-original-value=\"Botella de nitr\u00f3geno + H2 (950ml) (preste atenci\u00f3n a ADR Clase 2 para el transporte)\" data-order=\"Botella de nitr\u00f3geno + H2 (950ml) (preste atenci\u00f3n a ADR Clase 2 para el transporte)\" > Botella de nitr\u00f3geno + H2 (950ml) (preste atenci\u00f3n a ADR Clase 2 para el transporte) <\/td><\/tr><\/tbody><\/table><!-- \/#supsystic-table-276.supsystic-table --><\/div><!-- \/.supsystic-tables-wrap --><!-- Tables Generator by Supsystic --><!-- Version: 1.10.26 --><!-- http:\/\/supsystic.com\/ -->\n<\/div><\/div><\/div><div class=\"fusion-clearfix\"><\/div><\/div><\/div><\/div><div class=\"fusion-builder-row fusion-row\"><\/div><\/div><\/p>\n","protected":false},"excerpt":{"rendered":"","protected":false},"author":1,"featured_media":0,"parent":286,"menu_order":0,"comment_status":"closed","ping_status":"closed","template":"100-width.php","meta":[],"_links":{"self":[{"href":"https:\/\/www.ecotechnics.com\/world\/es\/wp-json\/wp\/v2\/pages\/4335"}],"collection":[{"href":"https:\/\/www.ecotechnics.com\/world\/es\/wp-json\/wp\/v2\/pages"}],"about":[{"href":"https:\/\/www.ecotechnics.com\/world\/es\/wp-json\/wp\/v2\/types\/page"}],"author":[{"embeddable":true,"href":"https:\/\/www.ecotechnics.com\/world\/es\/wp-json\/wp\/v2\/users\/1"}],"replies":[{"embeddable":true,"href":"https:\/\/www.ecotechnics.com\/world\/es\/wp-json\/wp\/v2\/comments?post=4335"}],"version-history":[{"count":8,"href":"https:\/\/www.ecotechnics.com\/world\/es\/wp-json\/wp\/v2\/pages\/4335\/revisions"}],"predecessor-version":[{"id":13946,"href":"https:\/\/www.ecotechnics.com\/world\/es\/wp-json\/wp\/v2\/pages\/4335\/revisions\/13946"}],"up":[{"embeddable":true,"href":"https:\/\/www.ecotechnics.com\/world\/es\/wp-json\/wp\/v2\/pages\/286"}],"wp:attachment":[{"href":"https:\/\/www.ecotechnics.com\/world\/es\/wp-json\/wp\/v2\/media?parent=4335"}],"curies":[{"name":"wp","href":"https:\/\/api.w.org\/{rel}","templated":true}]}}