
{"id":16861,"date":"2022-10-10T08:36:39","date_gmt":"2022-10-10T08:36:39","guid":{"rendered":"https:\/\/www.ecotechnics.com\/world\/produits\/atf-moovetech-2\/"},"modified":"2026-04-01T10:00:19","modified_gmt":"2026-04-01T10:00:19","slug":"atf-moovetech-2","status":"publish","type":"page","link":"https:\/\/www.ecotechnics.com\/world\/fr\/produits\/atf-moovetech-2\/","title":{"rendered":"ATF Moovetech"},"content":{"rendered":"<div class=\"fusion-fullwidth fullwidth-box fusion-builder-row-1 nonhundred-percent-fullwidth non-hundred-percent-height-scrolling\" style=\"background-color: rgba(255,255,255,0);background-position: center center;background-repeat: no-repeat;padding-top:0px;padding-right:0px;padding-bottom:0px;padding-left:0px;margin-bottom: 0px;margin-top: 32px;border-width: 0px 0px 0px 0px;border-color:#eae9e9;border-style:solid;\" ><div class=\"fusion-builder-row fusion-row\"><div class=\"fusion-layout-column fusion_builder_column fusion-builder-column-0 fusion_builder_column_2_5 2_5 fusion-two-fifth fusion-column-first\" style=\"width:40%;width:calc(40% - ( ( 4% ) * 0.4 ) );margin-right: 4%;margin-top:0px;margin-bottom:0px;\"><div class=\"fusion-column-wrapper fusion-flex-column-wrapper-legacy\" style=\"background-position:left top;background-repeat:no-repeat;-webkit-background-size:cover;-moz-background-size:cover;-o-background-size:cover;background-size:cover;padding: 0px 0px 0px 0px;\"><div class=\"fusion-clearfix\"><\/div><\/div><\/div><div class=\"fusion-layout-column fusion_builder_column fusion-builder-column-1 fusion_builder_column_3_5 3_5 fusion-three-fifth fusion-column-last gradientborderred mobileproductcol\" style=\"width:60%;width:calc(60% - ( ( 4% ) * 0.6 ) );margin-top:0px;margin-bottom:0px;\"><div class=\"fusion-column-wrapper fusion-flex-column-wrapper-legacy\" style=\"background-position:left top;background-repeat:no-repeat;-webkit-background-size:cover;-moz-background-size:cover;-o-background-size:cover;background-size:cover;border-radius:3px 3px 3px 3px;background-color:rgba(255,255,255,0.8);border-radius:3px 3px 3px 3px;overflow:hidden;padding: 6% 4% 6% 4%;\"><div class=\"fusion-alignright\"><style>.fusion-button.button-1{border-radius:5px 5px 5px 5px;}<\/style><a class=\"fusion-button button-flat button-small button-default button-1 fusion-button-default-span fusion-button-default-type\" target=\"_self\" href=\"https:\/\/www.ecotechnics.com\/world\/fr\/produits\/\"><i class=\"fa-arrow-left fas button-icon-left\" aria-hidden=\"true\"><\/i><span class=\"fusion-button-text\">PRODUITS<\/span><\/a><\/div><div class=\"fusion-sep-clear\"><\/div><div class=\"fusion-separator fusion-full-width-sep\" style=\"margin-left: auto;margin-right: auto;margin-top:30px;width:100%;\"><\/div><div class=\"fusion-sep-clear\"><\/div><div class=\"imageframe-align-center\"><style>.fusion-imageframe.imageframe-1{ margin-top : 32px;margin-bottom : 32px;}<\/style><span class=\" fusion-imageframe imageframe-none imageframe-1 hover-type-none fusion-no-medium-visibility fusion-no-large-visibility\"><img decoding=\"async\" width=\"2560\" height=\"1281\" alt=\"Atf moovetech\" title=\"ATF 3\" src=\"https:\/\/www.ecotechnics.com\/world\/wp-content\/uploads\/2023\/04\/ATF-3.png\" class=\"img-responsive wp-image-18533\" srcset=\"https:\/\/www.ecotechnics.com\/world\/wp-content\/uploads\/2023\/04\/ATF-3-200x100.png 200w, https:\/\/www.ecotechnics.com\/world\/wp-content\/uploads\/2023\/04\/ATF-3-400x200.png 400w, https:\/\/www.ecotechnics.com\/world\/wp-content\/uploads\/2023\/04\/ATF-3-600x300.png 600w, https:\/\/www.ecotechnics.com\/world\/wp-content\/uploads\/2023\/04\/ATF-3-800x400.png 800w, https:\/\/www.ecotechnics.com\/world\/wp-content\/uploads\/2023\/04\/ATF-3-1200x600.png 1200w, https:\/\/www.ecotechnics.com\/world\/wp-content\/uploads\/2023\/04\/ATF-3.png 2560w\" sizes=\"(max-width: 778px) 100vw, 800px\" \/><\/span><\/div><div class=\"fusion-sep-clear\"><\/div><div class=\"fusion-separator fusion-full-width-sep\" style=\"margin-left: auto;margin-right: auto;margin-top:30px;width:100%;\"><\/div><div class=\"fusion-sep-clear\"><\/div><span class=\" fusion-imageframe imageframe-none imageframe-2 hover-type-none\" style=\"max-width:300px;\"><img decoding=\"async\" width=\"954\" height=\"401\" title=\"Atf moovetech dark\" src=\"https:\/\/www.ecotechnics.com\/world\/wp-content\/uploads\/2023\/04\/Atf-moovetech-dark.png\" alt class=\"img-responsive wp-image-18539\" srcset=\"https:\/\/www.ecotechnics.com\/world\/wp-content\/uploads\/2023\/04\/Atf-moovetech-dark-200x84.png 200w, https:\/\/www.ecotechnics.com\/world\/wp-content\/uploads\/2023\/04\/Atf-moovetech-dark-400x168.png 400w, https:\/\/www.ecotechnics.com\/world\/wp-content\/uploads\/2023\/04\/Atf-moovetech-dark-600x252.png 600w, https:\/\/www.ecotechnics.com\/world\/wp-content\/uploads\/2023\/04\/Atf-moovetech-dark-800x336.png 800w, https:\/\/www.ecotechnics.com\/world\/wp-content\/uploads\/2023\/04\/Atf-moovetech-dark.png 954w\" sizes=\"(max-width: 778px) 100vw, 800px\" \/><\/span><div class=\"fusion-text fusion-text-1\" style=\"color:#004586;\"><h1 style=\"line-height: 1;\"><span style=\"color: #b02717;\">Nettoyage de la transmission automatique et vidange de l&rsquo;huile<\/span><\/h1>\n<\/div><div class=\"fusion-text fusion-text-2\"><h3><span style=\"color: #004586;\">UNIQUE<\/span><\/h3>\n<p>Notre station se distingue comme le choix ultime sur le march\u00e9, en int\u00e9grant des flux de travail automatiques, des proc\u00e9dures guid\u00e9es par logiciel et une base de donn\u00e9es compl\u00e8te. La robustesse et la haute qualit\u00e9 des composants garantissent un entretien minimal, rendant notre station unique en son genre.<\/p>\n<h3><span style=\"color: #004586;\">FACILE<\/span><\/h3>\n<p>Gr\u00e2ce \u00e0 ses commandes automatiques et intuitives, elle sugg\u00e8re les param\u00e8tres de travail les plus appropri\u00e9s, soigneusement \u00e9tudi\u00e9s par des sp\u00e9cialistes exp\u00e9riment\u00e9s. Les utilisateurs sont guid\u00e9s sans difficult\u00e9 \u00e0 travers tous les r\u00e9glages, assurant une exp\u00e9rience efficace et sans effort.<\/p>\n<h3><span style=\"color: #004586;\">COMPL\u00c8TE<\/span><\/h3>\n<p>La base de donn\u00e9es contient pas moins de 20 310 v\u00e9hicules, soit plus de 90 % de tous les mod\u00e8les produits depuis l\u2019an 2000. Avec les adaptateurs imm\u00e9diatement disponibles, ainsi que ceux propos\u00e9s sur demande, nous garantissons une couverture compl\u00e8te de toutes les connexions.<\/p>\n<\/div><div class=\"fusion-sep-clear\"><\/div><div class=\"fusion-separator fusion-full-width-sep nodesk\" style=\"margin-left: auto;margin-right: auto;margin-top:32px;width:100%;\"><\/div><div class=\"fusion-sep-clear\"><\/div><div class=\"fusion-text fusion-text-3\"><p><strong>R\u00e9cup\u00e9rateur d\u2019huile Smart<\/strong><\/p>\n<p>C\u2019est la m\u00e9thode la plus pratique, rapide, s\u00fbre et propre pour g\u00e9rer le fluide us\u00e9. L\u2019huile r\u00e9cup\u00e9r\u00e9e, collect\u00e9e dans le bac, est pes\u00e9e automatiquement. La hauteur du bac de vidange de la station est r\u00e9glable. La forme asym\u00e9trique permet de s\u2019adapter \u00e0 tous les besoins.<\/p>\n<p><strong>2 grands filtres<\/strong><\/p>\n<p>Pour prot\u00e9ger tous les composants internes de la station et \u00e9viter tout besoin de maintenance, gr\u00e2ce \u00e0 une filtration \u00e0 haute capacit\u00e9 du circuit de transmission pendant la phase de nettoyage. Pour les deux directions (1 et 2), un filtre d\u00e9di\u00e9.<\/p>\n<p><strong>Collecteur haute performance<\/strong><\/p>\n<p>L\u2019utilisation de vannes mont\u00e9es sur un collecteur compact en aluminium, associ\u00e9e au large diam\u00e8tre des passages, permet d\u2019\u00e9viter les pertes de charge, ce qui entra\u00eene une augmentation de la vitesse et un flux d\u2019huile constant, garantissant les meilleures performances.<\/p>\n<p><strong>R\u00e9servoir d\u2019huile multimarque<\/strong><\/p>\n<p>Logement du r\u00e9servoir d\u2019huile con\u00e7u pour s\u2019adapter facilement \u00e0 diff\u00e9rentes tailles et marques.<\/p>\n<p><strong>Vidange de l\u2019huile us\u00e9e par air comprim\u00e9<\/strong><\/p>\n<p>Propre, simple, rapide : aucune pompe n\u00e9cessaire. Gr\u00e2ce \u00e0 une op\u00e9ration de vidange hautement professionnelle, nous avons \u00e9limin\u00e9 tout besoin de retirer le r\u00e9servoir d\u2019huile us\u00e9e, rendant le processus plus propre, rapide et simple.<\/p>\n<p><strong>Troisi\u00e8me balance pour l\u2019additif<\/strong><\/p>\n<p>Pr\u00e9cision maximale par rapport \u00e0 d\u2019autres fabricants. L\u2019utilisation d\u2019une balance \u00e9vite le risque que la pompe aspire de l\u2019air lors de l\u2019injection de l\u2019additif et \u00e9limine la n\u00e9cessit\u00e9 constante de purger la pompe.<\/p>\n<p><strong>Connecteurs de haute qualit\u00e9<\/strong><\/p>\n<p>Antiprojection, faciles \u00e0 manipuler<\/p>\n<p><strong>Logiciel : automatique et intuitif<\/strong><\/p>\n<p>Logiciel de surveillance continue : pendant tout le processus de nettoyage, de changement d\u2019huile et de remplacement du carter et\/ou du filtre, le flux de travail du logiciel ne n\u00e9cessite jamais le fonctionnement du moteur \u00e0 des moments critiques. La navigation est intuitive. L\u2019utilisateur est parfaitement guid\u00e9. Les param\u00e8tres les plus adapt\u00e9s sont recommand\u00e9s mais non obligatoires, et l\u2019utilisateur est toujours libre de d\u00e9finir les r\u00e9glages qu\u2019il pr\u00e9f\u00e8re pour le service.<\/p>\n<p><strong>Base de donn\u00e9es<\/strong><\/p>\n<p>ATF-Service24 est la plateforme d&rsquo;acc\u00e8s \u00e0 la base de donn\u00e9es en ligne de l&rsquo;ATF. La base de donn\u00e9es est constamment mise \u00e0 jour et fournit des informations sur les connexions, les adaptateurs, les proc\u00e9dures, les filtres, les niveaux, les composants et les informations de s\u00e9curit\u00e9. Vous pouvez acc\u00e9der \u00e0 la base de donn\u00e9es t\u00e9l\u00e9charg\u00e9e directement depuis la station ATF, la plateforme en ligne ou de n&rsquo;importe o\u00f9 en utilisant l&rsquo;APPLICATION MOBILE ATF.<\/p>\n<p><strong>Application mobile ATF<\/strong><\/p>\n<p>Connexion ATF partout! L&rsquo;application mobile ATF fournit des informations sur l&rsquo;\u00e9tat actuel des appareils ATF connect\u00e9s, simplifie la recherche d&rsquo;un adaptateur ATF sp\u00e9cifique et est toujours en contact direct avec nos sp\u00e9cialistes ATF.<\/p>\n<\/div><div class=\"fusion-sep-clear\"><\/div><div class=\"fusion-separator fusion-full-width-sep\" style=\"margin-left: auto;margin-right: auto;margin-top:30px;width:100%;\"><\/div><div class=\"fusion-sep-clear\"><\/div><div class=\"fusion-builder-row fusion-builder-row-inner fusion-row\"><div class=\"fusion-layout-column fusion_builder_column_inner fusion-builder-nested-column-0 fusion_builder_column_inner_1_3 1_3 fusion-one-third fusion-column-first\" style=\"width:33.333333333333%;width:calc(33.333333333333% - ( ( 4% + 4% ) * 0.33333333333333 ) );margin-right: 4%;margin-top:0px;margin-bottom:20px;\"><div class=\"fusion-column-wrapper fusion-flex-column-wrapper-legacy\" style=\"background-position:left top;background-repeat:no-repeat;-webkit-background-size:cover;-moz-background-size:cover;-o-background-size:cover;background-size:cover;padding: 0px 0px 0px 0px;\"><div class=\"imageframe-align-center\"><span class=\" fusion-imageframe imageframe-none imageframe-3 hover-type-none\" style=\"border:1px solid #ffffff;\"><img decoding=\"async\" width=\"102\" height=\"83\" title=\"Screenshot 2024-03-13 alle 00.51.54\" src=\"https:\/\/www.ecotechnics.com\/world\/wp-content\/uploads\/2024\/03\/Screenshot-2024-03-13-alle-00.51.54.png\" alt class=\"img-responsive wp-image-25325\"\/><\/span><\/div><div class=\"fusion-clearfix\"><\/div><\/div><\/div><div class=\"fusion-layout-column fusion_builder_column_inner fusion-builder-nested-column-1 fusion_builder_column_inner_1_3 1_3 fusion-one-third\" style=\"width:33.333333333333%;width:calc(33.333333333333% - ( ( 4% + 4% ) * 0.33333333333333 ) );margin-right: 4%;margin-top:0px;margin-bottom:20px;\"><div class=\"fusion-column-wrapper fusion-flex-column-wrapper-legacy\" style=\"background-position:left top;background-repeat:no-repeat;-webkit-background-size:cover;-moz-background-size:cover;-o-background-size:cover;background-size:cover;padding: 0px 0px 0px 0px;\"><div class=\"imageframe-align-center\"><span class=\" fusion-imageframe imageframe-none imageframe-4 hover-type-none\" style=\"border:1px solid #ffffff;\"><img decoding=\"async\" width=\"150\" height=\"201\" alt=\"2 FILTRI ULTRA FINI\" title=\"atfd1\" src=\"https:\/\/www.ecotechnics.com\/world\/wp-content\/uploads\/2023\/04\/atfd1.png\" class=\"img-responsive wp-image-19015\"\/><\/span><\/div><div class=\"fusion-clearfix\"><\/div><\/div><\/div><div class=\"fusion-layout-column fusion_builder_column_inner fusion-builder-nested-column-2 fusion_builder_column_inner_1_3 1_3 fusion-one-third fusion-column-last\" style=\"width:33.333333333333%;width:calc(33.333333333333% - ( ( 4% + 4% ) * 0.33333333333333 ) );margin-top:0px;margin-bottom:20px;\"><div class=\"fusion-column-wrapper fusion-flex-column-wrapper-legacy\" style=\"background-position:left top;background-repeat:no-repeat;-webkit-background-size:cover;-moz-background-size:cover;-o-background-size:cover;background-size:cover;padding: 0px 0px 0px 0px;\"><div class=\"imageframe-align-center\"><span class=\" fusion-imageframe imageframe-none imageframe-5 hover-type-none\" style=\"border:1px solid #ffffff;\"><img decoding=\"async\" width=\"104\" height=\"136\" title=\"2\" src=\"https:\/\/www.ecotechnics.com\/world\/wp-content\/uploads\/2024\/03\/2-1.png\" alt class=\"img-responsive wp-image-25331\"\/><\/span><\/div><div class=\"fusion-clearfix\"><\/div><\/div><\/div><div class=\"fusion-layout-column fusion_builder_column_inner fusion-builder-nested-column-3 fusion_builder_column_inner_1_3 1_3 fusion-one-third fusion-column-first\" style=\"width:33.333333333333%;width:calc(33.333333333333% - ( ( 4% ) * 0.33333333333333 ) );margin-right: 4%;margin-top:0px;margin-bottom:20px;\"><div class=\"fusion-column-wrapper fusion-flex-column-wrapper-legacy\" style=\"background-position:left top;background-repeat:no-repeat;-webkit-background-size:cover;-moz-background-size:cover;-o-background-size:cover;background-size:cover;padding: 0px 0px 0px 0px;\"><div class=\"imageframe-align-center\"><span class=\" fusion-imageframe imageframe-none imageframe-6 hover-type-none\" style=\"border:1px solid #ffffff;\"><img decoding=\"async\" width=\"105\" height=\"162\" title=\"3\" src=\"https:\/\/www.ecotechnics.com\/world\/wp-content\/uploads\/2024\/03\/3-1.png\" alt class=\"img-responsive wp-image-25337\"\/><\/span><\/div><div class=\"fusion-clearfix\"><\/div><\/div><\/div><div class=\"fusion-layout-column fusion_builder_column_inner fusion-builder-nested-column-4 fusion_builder_column_inner_1_3 1_3 fusion-one-third fusion-column-last\" style=\"width:33.333333333333%;width:calc(33.333333333333% - ( ( 4% ) * 0.33333333333333 ) );margin-top:0px;margin-bottom:20px;\"><div class=\"fusion-column-wrapper fusion-flex-column-wrapper-legacy\" style=\"background-position:left top;background-repeat:no-repeat;-webkit-background-size:cover;-moz-background-size:cover;-o-background-size:cover;background-size:cover;padding: 0px 0px 0px 0px;\"><div class=\"imageframe-align-center\"><span class=\" fusion-imageframe imageframe-none imageframe-7 hover-type-none\" style=\"border:1px solid #ffffff;\"><img decoding=\"async\" width=\"150\" height=\"201\" alt=\"2 RACCORDI E TUBO SCARICO OLIO USATO\" title=\"atfd2\" src=\"https:\/\/www.ecotechnics.com\/world\/wp-content\/uploads\/2023\/04\/atfd2.png\" class=\"img-responsive wp-image-18997\"\/><\/span><\/div><div class=\"fusion-clearfix\"><\/div><\/div><\/div><\/div><div class=\"fusion-sep-clear\"><\/div><div class=\"fusion-separator fusion-full-width-sep\" style=\"margin-left: auto;margin-right: auto;margin-top:30px;width:100%;\"><\/div><div class=\"fusion-sep-clear\"><\/div><div class=\"fusion-sep-clear\"><\/div><div class=\"fusion-separator fusion-full-width-sep\" style=\"margin-left: auto;margin-right: auto;margin-top:32px;margin-bottom:32px;width:100%;\"><div class=\"fusion-separator-border sep-single sep-solid\" style=\"border-color:#56af31;border-top-width:1px;\"><\/div><\/div><div class=\"fusion-sep-clear\"><\/div><div class=\"fusion-text fusion-text-4\"><h3 style=\"text-align: left;\"><strong>ATF MOOVETECH<\/strong><\/h3>\n<h3>Focus sur les fonctions de la station<\/h3>\n<\/div><div class=\"fusion-text fusion-text-5\"><p><strong>Pourquoi est-il important d\u2019effectuer le service ATF\u00a0?<\/strong><\/p>\n<blockquote>\n<p>La production de v\u00e9hicules avec transmission automatique est en forte croissance et l\u2019entretien des transmissions \u00e9volue. Par le pass\u00e9, les constructeurs recommandaient \u00ab\u00a0aucun entretien\u00a0\u00bb et les bo\u00eetes automatiques \u00e9taient consid\u00e9r\u00e9es comme \u00ab\u00a0\u00e0 vie\u00a0\u00bb. Aujourd\u2019hui, un entretien r\u00e9gulier avec rin\u00e7age et vidange d\u2019huile est n\u00e9cessaire pour am\u00e9liorer les performances et prolonger la dur\u00e9e de vie de la transmission automatique.<\/p>\n<\/blockquote>\n<p><strong>Quel est l\u2019avantage d\u2019effectuer le service ATF\u00a0?<\/strong><\/p>\n<blockquote>\n<p>L\u2019entretien de la transmission automatique est recommand\u00e9 pour garantir une efficacit\u00e9 optimale, pr\u00e9venir les r\u00e9parations, r\u00e9duire la consommation de carburant, maintenir de faibles \u00e9missions et offrir une exp\u00e9rience de conduite satisfaisante, positive et durable.<\/p>\n<\/blockquote>\n<p><strong>Quel est l\u2019avantage du service ATF pour l\u2019atelier\u00a0?<\/strong><\/p>\n<blockquote>\n<p>Le service ATF devient essentiel pour tout atelier professionnel souhaitant offrir un service complet. La demande croissante d\u2019entretien des transmissions automatiques repr\u00e9sente \u00e9galement une opportunit\u00e9 commerciale importante pour l\u2019atelier. Tout service ATF implique l\u2019utilisation de consommables (huile, nettoyant, additifs) et g\u00e9n\u00e8re un chiffre d\u2019affaires suppl\u00e9mentaire avec une marge \u00e9lev\u00e9e. Le retour sur investissement (ROI) est rapide.<\/p>\n<\/blockquote>\n<\/div><div class=\"fusion-text fusion-text-6\"><h3 style=\"text-align: left;\">Gamme d&rsquo;adaptateurs<\/h3>\n<\/div><div class=\"fusion-text fusion-text-7\"><div class=\"page\" title=\"Page 3\">\n<div class=\"section\">\n<div class=\"layoutArea\">\n<div class=\"column\">\n<div class=\"page\" title=\"Page 3\">\n<div class=\"section\">\n<div class=\"layoutArea\">\n<div class=\"column\">\n<p><strong>La large gamme d&rsquo;adaptateurs ATF continue de cro\u00eetre<\/strong><\/p>\n<p>Avec la volont\u00e9 de proposer une gamme d&rsquo;adaptateurs aussi extraordinaire que la station ATF, nous avons cr\u00e9\u00e9 une s\u00e9lection cibl\u00e9e pour obtenir la meilleure couverture du parc automobile europ\u00e9en. Un travail constant d&rsquo;optimisation de la couverture. La gamme actuelle de 76 adaptateurs et 21 connecteurs de niveau d&rsquo;huile, consid\u00e9r\u00e9e comme la plus large du march\u00e9, s&rsquo;enrichit d\u00e9sormais de 10 adaptateurs suppl\u00e9mentaires. Ces nouveaux adaptateurs sont soigneusement s\u00e9lectionn\u00e9s pour offrir les solutions les plus efficaces sur certains mod\u00e8les courants et identifier de nouvelles solutions plus complexes sur mod\u00e8les sp\u00e9cifiques.<\/p>\n<p><strong>Optimisation KIT DE BASE D&rsquo;ADAPTATEURS ATF et KIT AVANC\u00c9 D&rsquo;ADAPTATEURS ATF<\/strong><\/p>\n<p>Les adaptateurs A31, A50 et A55 sont requis pour certains des v\u00e9hicules \u00e0 transmission automatique les plus courants en Europe. Par cons\u00e9quent, ils ont \u00e9t\u00e9 d\u00e9plac\u00e9s du KIT AVANC\u00c9 vers le KIT DE BASE, qui comprend d\u00e9sormais 21 adaptateurs au lieu de 18. Les adaptateurs A52, A57 et A72 sont tr\u00e8s demand\u00e9s et sont d\u00e9sormais s\u00e9lectionn\u00e9s pour le KIT AVANC\u00c9. Le nombre total d&rsquo;adaptateurs inclus dans le KIT AVANC\u00c9 reste donc de 18.<\/p>\n<div class=\"page\" title=\"Page 3\">\n<div class=\"section\">\n<div class=\"layoutArea\">\n<div class=\"column\">\n<ul>\n<li><span style=\"color: #00ccff;\">KIT.ATF<\/span> KIT DE BASE ADAPTATEURS ATF<br \/>\nCe kit de base couvre les v\u00e9hicules les plus courants et est essentiel pour d\u00e9buter.<br \/>\nC\u2019est un excellent point de d\u00e9part pour le service ATF, offrant un pack optimal pour les v\u00e9hicules \u00e0 bo\u00eete automatique les plus r\u00e9pandus en Europe.<\/li>\n<\/ul>\n<div class=\"page\" title=\"Page 3\">\n<div class=\"section\">\n<div class=\"layoutArea\">\n<div class=\"column\">\n<ul>\n<li><span style=\"color: #ffff00;\">KIT.ATF.ADV<\/span> KIT AVANC\u00c9 ADAPTATEURS ATF<br \/>\nKit \u00e9largi pour compl\u00e9ter la couverture du kit de base.<br \/>\nIl am\u00e9liore la couverture de base pour les v\u00e9hicules fr\u00e9quemment pr\u00e9sents dans les ateliers ind\u00e9pendants, toutes marques confondues.<\/li>\n<\/ul>\n<div class=\"page\" title=\"Page 3\">\n<div class=\"section\">\n<div class=\"layoutArea\">\n<div class=\"column\">\n<ul>\n<li><span style=\"color: #99cc00;\">CONSEIL PROFESSIONNEL 1<\/span><br \/>\nS\u00e9lection d\u2019adaptateurs recommand\u00e9s pour un service ATF plus sp\u00e9cialis\u00e9.<br \/>\nL\u2019accent est mis sur les v\u00e9hicules nord-europ\u00e9ens, avec une concentration sur les fabricants d\u2019Europe centrale et du nord tels que VW, Mercedes, BMW et Volvo.<\/li>\n<\/ul>\n<div class=\"page\" title=\"Page 3\">\n<div class=\"section\">\n<div class=\"layoutArea\">\n<div class=\"column\">\n<ul>\n<li><span style=\"color: #ff9900;\">CONSEIL PROFESSIONNEL 2<\/span><br \/>\nS\u00e9lection d\u2019adaptateurs recommand\u00e9s pour un service ATF plus sp\u00e9cialis\u00e9.<br \/>\nL\u2019accent est mis sur les v\u00e9hicules de fabricants europ\u00e9ens moins communs tels que Renault, le groupe PSA et le groupe FCA.<\/li>\n<\/ul>\n<p><strong>N&rsquo;OUBLIEZ PAS LE LEVELKIT<\/strong><\/p>\n<p>Le kit contient 20 connecteurs (ATF101 \u00e0 ATF120) pour faciliter le remplissage d&rsquo;huile sur la plupart des v\u00e9hicules europ\u00e9ens courants. Avec la transmission automatique connect\u00e9e lors d&rsquo;un nettoyage ATF et d&rsquo;une vidange, le remplissage peut bien s\u00fbr \u00eatre effectu\u00e9 directement via les flexibles de service de la station. Pour v\u00e9rifier le niveau apr\u00e8s un essai routier ou dans toute autre situation, transmission d\u00e9branch\u00e9e, ces connecteurs permettent un remplissage rapide et facile.<\/p>\n<\/div>\n<\/div>\n<\/div>\n<\/div>\n<\/div>\n<\/div>\n<\/div>\n<\/div>\n<\/div>\n<\/div>\n<\/div>\n<\/div>\n<\/div>\n<\/div>\n<\/div>\n<\/div>\n<\/div>\n<\/div>\n<\/div>\n<\/div>\n<\/div>\n<\/div>\n<\/div>\n<\/div>\n<\/div><div class=\"fusion-sep-clear\"><\/div><div class=\"fusion-separator fusion-full-width-sep\" style=\"margin-left: auto;margin-right: auto;margin-top:32px;margin-bottom:32px;width:100%;\"><div class=\"fusion-separator-border sep-single sep-solid\" style=\"border-color:#56af31;border-top-width:1px;\"><\/div><\/div><div class=\"fusion-sep-clear\"><\/div><div class=\"fusion-builder-row fusion-builder-row-inner fusion-row\"><div class=\"fusion-layout-column fusion_builder_column_inner fusion-builder-nested-column-5 fusion_builder_column_inner_1_2 1_2 fusion-one-half fusion-column-first\" style=\"width:50%;width:calc(50% - ( ( 4% ) * 0.5 ) );margin-right: 4%;margin-top:0px;margin-bottom:20px;\"><div class=\"fusion-column-wrapper fusion-flex-column-wrapper-legacy\" style=\"background-position:left top;background-repeat:no-repeat;-webkit-background-size:cover;-moz-background-size:cover;-o-background-size:cover;background-size:cover;padding: 0px 0px 0px 0px;\"><div class=\"fusion-aligncenter\"><style>.fusion-button.button-2{border-radius:5px 5px 5px 5px;}<\/style><a class=\"fusion-button button-flat button-large button-default button-2 fusion-button-default-span fusion-button-default-type\" target=\"_blank\" rel=\"noopener noreferrer\" href=\"https:\/\/www.ecotechnics.com\/world\/wp-content\/uploads\/2025\/09\/ATF-Adapter-NEWS-Eco-FR.pdf\"><i class=\"fa-file-pdf fas button-icon-left\" aria-hidden=\"true\"><\/i><span class=\"fusion-button-text\">NOUVELLE LISTE D&rsquo;ADAPTATEURS ATF<\/span><\/a><\/div><div class=\"fusion-clearfix\"><\/div><\/div><\/div><div class=\"fusion-layout-column fusion_builder_column_inner fusion-builder-nested-column-6 fusion_builder_column_inner_1_2 1_2 fusion-one-half fusion-column-last\" style=\"width:50%;width:calc(50% - ( ( 4% ) * 0.5 ) );margin-top:0px;margin-bottom:20px;\"><div class=\"fusion-column-wrapper fusion-flex-column-wrapper-legacy\" style=\"background-position:left top;background-repeat:no-repeat;-webkit-background-size:cover;-moz-background-size:cover;-o-background-size:cover;background-size:cover;padding: 0px 0px 0px 0px;\"><div class=\"fusion-aligncenter\"><style>.fusion-button.button-3{border-radius:5px 5px 5px 5px;}<\/style><a class=\"fusion-button button-flat fusion-button-default-size button-default button-3 fusion-button-default-span fusion-button-default-type\" target=\"_blank\" rel=\"noopener noreferrer\" href=\"https:\/\/youtu.be\/2rN4nqnISag?si=OVJww6N6W1D99rvS\"><i class=\"fa-video fas button-icon-left\" aria-hidden=\"true\"><\/i><span class=\"fusion-button-text\">TUTORIAL<\/span><\/a><\/div><div class=\"fusion-clearfix\"><\/div><\/div><\/div><\/div><div class=\"fusion-clearfix\"><\/div><\/div><\/div><\/div><\/div>\n","protected":false},"excerpt":{"rendered":"","protected":false},"author":5,"featured_media":0,"parent":242,"menu_order":0,"comment_status":"closed","ping_status":"closed","template":"","meta":[],"_links":{"self":[{"href":"https:\/\/www.ecotechnics.com\/world\/fr\/wp-json\/wp\/v2\/pages\/16861"}],"collection":[{"href":"https:\/\/www.ecotechnics.com\/world\/fr\/wp-json\/wp\/v2\/pages"}],"about":[{"href":"https:\/\/www.ecotechnics.com\/world\/fr\/wp-json\/wp\/v2\/types\/page"}],"author":[{"embeddable":true,"href":"https:\/\/www.ecotechnics.com\/world\/fr\/wp-json\/wp\/v2\/users\/5"}],"replies":[{"embeddable":true,"href":"https:\/\/www.ecotechnics.com\/world\/fr\/wp-json\/wp\/v2\/comments?post=16861"}],"version-history":[{"count":156,"href":"https:\/\/www.ecotechnics.com\/world\/fr\/wp-json\/wp\/v2\/pages\/16861\/revisions"}],"predecessor-version":[{"id":31041,"href":"https:\/\/www.ecotechnics.com\/world\/fr\/wp-json\/wp\/v2\/pages\/16861\/revisions\/31041"}],"up":[{"embeddable":true,"href":"https:\/\/www.ecotechnics.com\/world\/fr\/wp-json\/wp\/v2\/pages\/242"}],"wp:attachment":[{"href":"https:\/\/www.ecotechnics.com\/world\/fr\/wp-json\/wp\/v2\/media?parent=16861"}],"curies":[{"name":"wp","href":"https:\/\/api.w.org\/{rel}","templated":true}]}}