
{"id":239,"date":"2017-06-04T09:36:52","date_gmt":"2017-06-04T07:36:52","guid":{"rendered":"http:\/\/www.anteprimasito.info\/eco\/azienda\/"},"modified":"2025-11-11T16:19:38","modified_gmt":"2025-11-11T16:19:38","slug":"la-societe","status":"publish","type":"page","link":"https:\/\/www.ecotechnics.com\/world\/fr\/la-societe\/","title":{"rendered":"LA SOCI\u00c9T\u00c9"},"content":{"rendered":"<div class=\"fusion-fullwidth fullwidth-box fusion-builder-row-1 nonhundred-percent-fullwidth non-hundred-percent-height-scrolling fusion-equal-height-columns\" style=\"background-color: rgba(255,255,255,0);background-position: center center;background-repeat: no-repeat;padding-top:0px;padding-right:0px;padding-bottom:0px;padding-left:0px;margin-bottom: 0px;margin-top: 0px;border-width: 0px 0px 0px 0px;border-color:#eae9e9;border-style:solid;\" ><div class=\"fusion-builder-row fusion-row\"><div class=\"fusion-layout-column fusion_builder_column fusion-builder-column-0 fusion_builder_column_1_6 1_6 fusion-one-sixth fusion-column-first\" style=\"width:16.666666666667%;width:calc(16.666666666667% - ( ( 4% + 4% ) * 0.16666666666667 ) );margin-right: 4%;margin-top:0px;margin-bottom:20px;\"><div class=\"fusion-column-wrapper fusion-flex-column-wrapper-legacy\" style=\"background-position:left top;background-repeat:no-repeat;-webkit-background-size:cover;-moz-background-size:cover;-o-background-size:cover;background-size:cover;padding: 0px 0px 0px 0px;\"><div class=\"fusion-column-content-centered\"><div class=\"fusion-column-content\"><\/div><\/div><div class=\"fusion-clearfix\"><\/div><\/div><\/div><div class=\"fusion-layout-column fusion_builder_column fusion-builder-column-1 fusion_builder_column_2_3 2_3 fusion-two-third\" style=\"width:66.666666666667%;width:calc(66.666666666667% - ( ( 4% + 4% ) * 0.66666666666667 ) );margin-right: 4%;margin-top:0px;margin-bottom:20px;\"><div class=\"fusion-column-wrapper fusion-flex-column-wrapper-legacy\" style=\"background-position:left top;background-repeat:no-repeat;-webkit-background-size:cover;-moz-background-size:cover;-o-background-size:cover;background-size:cover;padding: 0px 0px 0px 0px;\"><div class=\"fusion-column-content-centered\"><div class=\"fusion-column-content\"><div class=\"imageframe-align-center\"><span class=\" fusion-imageframe imageframe-none imageframe-1 hover-type-none\"><img decoding=\"async\" width=\"102\" height=\"116\" src=\"https:\/\/www.ecotechnics.com\/world\/wp-content\/uploads\/2019\/03\/logo-header.png\" alt class=\"img-responsive wp-image-3152\"\/><\/span><\/div><style type=\"text\/css\"><\/style><div class=\"fusion-title title fusion-title-1 fusion-sep-none fusion-title-text fusion-title-size-one\" style=\"margin-top:0px;margin-bottom:31px;\"><h1 class=\"title-heading-left fusion-responsive-typography-calculated\" style=\"margin:0;--fontSize:32;line-height:1.2;\"><h1 style=\"text-align: center;\">HISTOIRE DE LA MARQUE<\/h1><\/h1><\/div><div class=\"fusion-text fusion-text-1\"><p style=\"text-align: justify;\">Ecotechnics a e\u0301te\u0301 fonde\u0301e a\u0300 Florence en 1995. Les ide\u0301es novatrices ont trouve\u0301 instantane\u0301ment un terrain fertile et un environnement privile\u0301gie\u0301: La Toscane a toujours e\u0301te\u0301 fortement associe\u0301e a\u0300 la recherche et a\u0300 l\u2019innovation, avec d\u2019excellents centres de recherche et des universite\u0301s hautement qualifie\u0301es. La re\u0301gion a ainsi atteint un indice e\u0301leve\u0301 de ressources humaines et de compe\u0301tences, capable de ge\u0301ne\u0301rer un fort de\u0301veloppement innovant.<\/p>\n<p style=\"text-align: justify;\">Depuis son de\u0301but, la petite usine s\u2019est rapidement spe\u0301cialise\u0301e dans la production, la distribution et l\u2019assistance technique de stations pour la re\u0301cupe\u0301ration, le recyclage et la recharge du gaz des syste\u0300mes de climatisation dans l\u2019industrie automobile. En quelques anne\u0301es, Ecotechnics a acquis une position de leader mondial. La cle\u0301 du succe\u0300s de l\u2019organisation est avant tout la recherche permanente d\u2019ame\u0301lioration et l\u2019engagement a\u0300 fournir un de\u0301veloppement technologique au service de l\u2019utilisateur. Guide\u0301e par ce concept, Ecotechnics a obtenu de nombreux brevets internationaux au fil des anne\u0301es et est fie\u0300re d\u2019avoir invente\u0301 et introduit de nombreuses fonctionnalite\u0301s avance\u0301es, telles que le processus de recharge entie\u0300rement automatique, un bloc distributeur (manifold) en aluminium et la fonction de diagnostic de climatisation inte\u0301gre\u0301e dans une station de climatisation. La Socie\u0301te\u0301 Snap-on Climate Solutions Srl a e\u0301te\u0301 cre\u0301e\u0301e suite a\u0300 l\u2019acquisition d\u2019Ecotechnics Spa par le holding Ame\u0301ricain Snap-on en 2015. Snap-on est leader mondial dans la fabrication d\u2019outils innovants, de syste\u0300mes de diagnostic, d\u2019e\u0301quipements et de services dans les secteurs de l\u2019automobile et de l\u2019industrie depuis 1920. La marque Ecotechnics et Snap-on ont de\u0301fini des compe\u0301tences synergiques spe\u0301cifiques et poursuivent, avec les autres marques du Groupe, un objectif commun : Re\u0301aliser les solutions les plus productives au monde.<\/p>\n<p style=\"text-align: justify;\">Aujourd\u2019hui, la marque Ecotechnics est pre\u0301sente dans plus de 80 pays a\u0300 travers un re\u0301seau de distributeurs se\u0301lectionne\u0301s et spe\u0301cialise\u0301s.<\/p>\n<\/div><div class=\"fusion-text fusion-text-2\"><h2 style=\"text-align: center;\"><strong>NOUS RENDONS LES SOLUTIONS EFFICACES <\/strong><\/h2>\n<h3 style=\"text-align: center;\"><strong>Un programme professionnel pour la climatisation et l&rsquo;ATF <\/strong><\/h3>\n<p style=\"text-align: center;\"><strong>STATIONS DE CLIMATISATION<\/strong><\/p>\n<p style=\"text-align: center;\">Chaque atelier est unique. Le choix du bon \u00e9quipement doit permettre d\u2019apporter \u00e0 l\u2019atelier le service souhait\u00e9, en respectant la rentabilit\u00e9 et le retour sur investissement. Ecotechnics a d\u00e9velopp\u00e9 10 stations de climatisation pour r\u00e9pondre aux diff\u00e9rents besoins de chaque atelier. Des stations haut de gamme pour un ou deux r\u00e9frig\u00e9rants jusqu\u2019aux solutions \u00e9conomiques et flexibles. ECK LAND et ECK BUS PRO ont \u00e9t\u00e9 sp\u00e9cialement d\u00e9velopp\u00e9s pour une utilisation mobile ou pour la maintenance de grandes installations, tandis que le r\u00e9frig\u00e9rant CO2 orient\u00e9 vers l&rsquo;avenir rencontre sa meilleure solution premium dans le nouveau ECO\u2082R744.<\/p>\n<p style=\"text-align: center;\"><strong>ACCESSOIRES POUR SERVICE CLIMATIQUE<\/strong><\/p>\n<p style=\"text-align: center;\">TOUT CE DONT VOUS AVEZ BESOIN ! Ecotechnics propose tout ce dont vous avez besoin pour un service professionnel : accessoires, consommables, d\u00e9tecteurs de fuites et produits pour l&rsquo;entretien r\u00e9gulier. La s\u00e9lection cibl\u00e9e des 3 normes PAG et POE les plus courantes pour l&rsquo;huile de compresseur et le traceur couvre plus du 95% des besoins. L&rsquo;analyseur est une solution parfaite pour faire face au risque de contamination. Il est facile \u00e0 installer, d\u00e9tecte les pourcentages des composants et exclut toute contamination possible. De nombreux autres points forts m\u00e9ritent d\u2019\u00eatre mentionn\u00e9s, comme le kit de diagnostic visuel, l\u2019efficacit\u00e9 du kit de rin\u00e7age ou les \u00abpetits assistants\u00bb tels que les raccords rapides Swift pour des connexions faciles au syst\u00e8me.<\/p>\n<p style=\"text-align: center;\"><strong>PROGRAMME ATF<\/strong><\/p>\n<p style=\"text-align: center;\">ATF Moovetech int\u00e8gre les flux de travail et les param\u00e8tres les plus appropri\u00e9s en termes de mat\u00e9riel et de logiciel, soigneusement \u00e9tudi\u00e9s par des sp\u00e9cialistes experts. La composition de la gamme d\u2019adaptateurs ATF suit l\u2019objectif d\u2019obtenir la meilleure couverture du parc automobile europ\u00e9en. Les adaptateurs sont disponibles individuellement ou dans des kits s\u00e9lectionn\u00e9s en fonction des besoins sp\u00e9cifiques de l&rsquo;atelier. La base de donn\u00e9es ATF contient plus de 90 % de tous les mod\u00e8les de v\u00e9hicules produits depuis 2000. Vous pouvez y acc\u00e9der directement depuis votre appareil, sur la plateforme en ligne ou de n&rsquo;importe o\u00f9 gr\u00e2ce \u00e0 l&rsquo;application mobile ATF.<\/p>\n<\/div><\/div><\/div><div class=\"fusion-clearfix\"><\/div><\/div><\/div><div class=\"fusion-layout-column fusion_builder_column fusion-builder-column-2 fusion_builder_column_1_6 1_6 fusion-one-sixth fusion-column-last\" style=\"width:16.666666666667%;width:calc(16.666666666667% - ( ( 4% + 4% ) * 0.16666666666667 ) );margin-top:0px;margin-bottom:20px;\"><div class=\"fusion-column-wrapper fusion-flex-column-wrapper-legacy\" style=\"background-position:left top;background-repeat:no-repeat;-webkit-background-size:cover;-moz-background-size:cover;-o-background-size:cover;background-size:cover;padding: 0px 0px 0px 0px;\"><div class=\"fusion-column-content-centered\"><div class=\"fusion-column-content\"><\/div><\/div><div class=\"fusion-clearfix\"><\/div><\/div><\/div><\/div><\/div>\n","protected":false},"excerpt":{"rendered":"","protected":false},"author":1,"featured_media":0,"parent":0,"menu_order":0,"comment_status":"closed","ping_status":"closed","template":"100-width.php","meta":[],"_links":{"self":[{"href":"https:\/\/www.ecotechnics.com\/world\/fr\/wp-json\/wp\/v2\/pages\/239"}],"collection":[{"href":"https:\/\/www.ecotechnics.com\/world\/fr\/wp-json\/wp\/v2\/pages"}],"about":[{"href":"https:\/\/www.ecotechnics.com\/world\/fr\/wp-json\/wp\/v2\/types\/page"}],"author":[{"embeddable":true,"href":"https:\/\/www.ecotechnics.com\/world\/fr\/wp-json\/wp\/v2\/users\/1"}],"replies":[{"embeddable":true,"href":"https:\/\/www.ecotechnics.com\/world\/fr\/wp-json\/wp\/v2\/comments?post=239"}],"version-history":[{"count":22,"href":"https:\/\/www.ecotechnics.com\/world\/fr\/wp-json\/wp\/v2\/pages\/239\/revisions"}],"predecessor-version":[{"id":30366,"href":"https:\/\/www.ecotechnics.com\/world\/fr\/wp-json\/wp\/v2\/pages\/239\/revisions\/30366"}],"wp:attachment":[{"href":"https:\/\/www.ecotechnics.com\/world\/fr\/wp-json\/wp\/v2\/media?parent=239"}],"curies":[{"name":"wp","href":"https:\/\/api.w.org\/{rel}","templated":true}]}}