
{"id":367,"date":"2017-07-05T05:26:51","date_gmt":"2017-07-05T05:26:51","guid":{"rendered":"http:\/\/dev.ecotechnics.com\/?page_id=367\/"},"modified":"2024-11-22T16:32:03","modified_gmt":"2024-11-22T16:32:03","slug":"news","status":"publish","type":"page","link":"https:\/\/www.ecotechnics.com\/world\/fr\/news\/","title":{"rendered":"NEWS"},"content":{"rendered":"<div class=\"fusion-fullwidth fullwidth-box fusion-builder-row-1 fusion-flex-container nonhundred-percent-fullwidth non-hundred-percent-height-scrolling\" style=\"background-color: rgba(255,255,255,0);background-position: center center;background-repeat: no-repeat;border-width: 0px 0px 0px 0px;border-color:#eae9e9;border-style:solid;\" ><div class=\"fusion-builder-row fusion-row fusion-flex-align-items-flex-start\" style=\"max-width:1497.6px;margin-left: calc(-4% \/ 2 );margin-right: calc(-4% \/ 2 );\"><div class=\"fusion-layout-column fusion_builder_column fusion-builder-column-0 fusion_builder_column_1_1 1_1 fusion-flex-column\"><div class=\"fusion-column-wrapper fusion-flex-justify-content-flex-start fusion-content-layout-column\" style=\"background-position:left top;background-repeat:no-repeat;-webkit-background-size:cover;-moz-background-size:cover;-o-background-size:cover;background-size:cover;padding: 0px 0px 0px 0px;\"><div class=\"fusion-blog-shortcode fusion-blog-shortcode-1 fusion-blog-archive fusion-blog-layout-grid-wrapper fusion-blog-infinite news-fr\" id=\"news-fr\"><style type=\"text\/css\">.fusion-blog-shortcode-1 .fusion-blog-layout-grid .fusion-post-grid{padding:16px;}.fusion-blog-shortcode-1 .fusion-posts-container{margin-left: -16px !important; margin-right:-16px !important;}<\/style><div class=\"fusion-posts-container fusion-posts-container-infinite fusion-no-meta-info fusion-blog-layout-grid fusion-blog-layout-grid-4 isotope fusion-blog-equal-heights\" data-pages=\"2\" data-grid-col-space=\"32\" style=\"margin: -16px -16px 0;min-height:500px;\"><article id=\"blog-1-post-30626\" class=\"fusion-post-grid post-30626 post type-post status-publish format-standard has-post-thumbnail hentry category-archivio-fr category-evidenza-fr category-news-fr\">\n<div class=\"fusion-post-wrapper\" style=\"background-color:rgba(255,255,255,0);border:1px solid #ebeaea;border-bottom-width:3px;\">\n\n\t\t\t<div class=\"fusion-flexslider flexslider fusion-flexslider-loading fusion-post-slideshow\" style=\"border-color:#ebeaea;\">\n\t\t<ul class=\"slides\">\n\t\t\t\n\t\t\t\t\t\t\t\t\t\t\t\t\t\t<li><div  class=\"fusion-image-wrapper\" aria-haspopup=\"true\">\n\t\t\t\t\t\t\t<a href=\"https:\/\/www.ecotechnics.com\/world\/fr\/winter-maintenance-program\/\" aria-label=\"WINTER MAINTENANCE PROGRAM\">\n\t\t\t\t\t\t\t<img width=\"2400\" height=\"1698\" src=\"https:\/\/www.ecotechnics.com\/world\/wp-content\/uploads\/2026\/01\/ecotechnics_news_maintenance.png\" class=\"attachment-full size-full wp-post-image\" alt=\"ecotechnics_news_maintenance\" decoding=\"async\" loading=\"lazy\" srcset=\"https:\/\/www.ecotechnics.com\/world\/wp-content\/uploads\/2026\/01\/ecotechnics_news_maintenance-200x142.png 200w, https:\/\/www.ecotechnics.com\/world\/wp-content\/uploads\/2026\/01\/ecotechnics_news_maintenance-400x283.png 400w, https:\/\/www.ecotechnics.com\/world\/wp-content\/uploads\/2026\/01\/ecotechnics_news_maintenance-600x425.png 600w, https:\/\/www.ecotechnics.com\/world\/wp-content\/uploads\/2026\/01\/ecotechnics_news_maintenance-800x566.png 800w, https:\/\/www.ecotechnics.com\/world\/wp-content\/uploads\/2026\/01\/ecotechnics_news_maintenance-1200x849.png 1200w, https:\/\/www.ecotechnics.com\/world\/wp-content\/uploads\/2026\/01\/ecotechnics_news_maintenance.png 2400w\" sizes=\"(min-width: 2200px) 100vw, (min-width: 855px) 336px, (min-width: 784px) 448px, (min-width: 712px) 672px, (min-width: 640px) 712px, \" \/>\t\t\t<\/a>\n\t\t\t\t\t\t\t<\/div>\n<\/li>\n\t\t\t\n\t\t\t\n\t\t\t\t\t\t\t\t\t\t\t\t\t\t\t\t\t\t\t\t\t\t\t\t\t\t\t\t\t\t\t\t\t\t\t\t\t\t\t\t\t\t\t\t\t\t\t\t\t\t\t\t\t\t\t\t\t\t\t\t\t\t\t\t\t\t\t\t<\/ul>\n\t<\/div>\n\t<div class=\"fusion-post-content-wrapper\" style=\"padding:30px 25px 20px 25px;\"><div class=\"fusion-post-content post-content\"><h2 class=\"blog-shortcode-post-title entry-title\">WINTER MAINTENANCE PROGRAM<\/h2><div class=\"fusion-post-content-container\"><p>  PROGRAMME D'ENTRETIEN HIVERNAL   Pr\u00eat pour la nouvelle ann\u00e9e? PROGRAMME D'ENTRETIEN HIVERNAL Vos appareils n\u00e9cessitent des soins et une maintenance. Pr\u00e9parez la nouvelle saison maintenant. Avec l'arriv\u00e9e [...]<\/p><\/div><\/div><\/div><div class=\"fusion-clearfix\"><\/div><\/div>\n<\/article>\n<article id=\"blog-1-post-30567\" class=\"fusion-post-grid post-30567 post type-post status-publish format-standard has-post-thumbnail hentry category-archivio-fr category-evidenza-fr category-news-fr\">\n<div class=\"fusion-post-wrapper\" style=\"background-color:rgba(255,255,255,0);border:1px solid #ebeaea;border-bottom-width:3px;\">\n\n\t\t\t<div class=\"fusion-flexslider flexslider fusion-flexslider-loading fusion-post-slideshow\" style=\"border-color:#ebeaea;\">\n\t\t<ul class=\"slides\">\n\t\t\t\n\t\t\t\t\t\t\t\t\t\t\t\t\t\t<li><div  class=\"fusion-image-wrapper\" aria-haspopup=\"true\">\n\t\t\t\t\t\t\t<a href=\"https:\/\/www.ecotechnics.com\/world\/fr\/database-update-2026\/\" aria-label=\"DATABASE UPDATE 2026\">\n\t\t\t\t\t\t\t<img width=\"2400\" height=\"1698\" src=\"https:\/\/www.ecotechnics.com\/world\/wp-content\/uploads\/2026\/01\/ecotechnics_database_update_2026.png\" class=\"attachment-full size-full wp-post-image\" alt=\"ecotechnics_database_update_2026\" decoding=\"async\" loading=\"lazy\" srcset=\"https:\/\/www.ecotechnics.com\/world\/wp-content\/uploads\/2026\/01\/ecotechnics_database_update_2026-200x142.png 200w, https:\/\/www.ecotechnics.com\/world\/wp-content\/uploads\/2026\/01\/ecotechnics_database_update_2026-400x283.png 400w, https:\/\/www.ecotechnics.com\/world\/wp-content\/uploads\/2026\/01\/ecotechnics_database_update_2026-600x425.png 600w, https:\/\/www.ecotechnics.com\/world\/wp-content\/uploads\/2026\/01\/ecotechnics_database_update_2026-800x566.png 800w, https:\/\/www.ecotechnics.com\/world\/wp-content\/uploads\/2026\/01\/ecotechnics_database_update_2026-1200x849.png 1200w, https:\/\/www.ecotechnics.com\/world\/wp-content\/uploads\/2026\/01\/ecotechnics_database_update_2026.png 2400w\" sizes=\"(min-width: 2200px) 100vw, (min-width: 855px) 336px, (min-width: 784px) 448px, (min-width: 712px) 672px, (min-width: 640px) 712px, \" \/>\t\t\t<\/a>\n\t\t\t\t\t\t\t<\/div>\n<\/li>\n\t\t\t\n\t\t\t\n\t\t\t\t\t\t\t\t\t\t\t\t\t\t\t\t\t\t\t\t\t\t\t\t\t\t\t\t\t\t\t\t\t\t\t\t\t\t\t\t\t\t\t\t\t\t\t\t\t\t\t\t\t\t\t\t\t\t\t\t\t\t\t\t\t\t\t\t<\/ul>\n\t<\/div>\n\t<div class=\"fusion-post-content-wrapper\" style=\"padding:30px 25px 20px 25px;\"><div class=\"fusion-post-content post-content\"><h2 class=\"blog-shortcode-post-title entry-title\">DATABASE UPDATE 2026<\/h2><div class=\"fusion-post-content-container\"><p>  MISE \u00c0 JOUR DE LA BASE DE DONN\u00c9ES D'INFORMATIONS 2026   Mise \u00e0 jour de la base de donn\u00e9es pour un travail enti\u00e8rement automatique La mise \u00e0 [...]<\/p><\/div><\/div><\/div><div class=\"fusion-clearfix\"><\/div><\/div>\n<\/article>\n<article id=\"blog-1-post-30018\" class=\"fusion-post-grid post-30018 post type-post status-publish format-standard has-post-thumbnail hentry category-archivio-fr category-evidenza-fr category-news-fr\">\n<div class=\"fusion-post-wrapper\" style=\"background-color:rgba(255,255,255,0);border:1px solid #ebeaea;border-bottom-width:3px;\">\n\n\t\t\t<div class=\"fusion-flexslider flexslider fusion-flexslider-loading fusion-post-slideshow\" style=\"border-color:#ebeaea;\">\n\t\t<ul class=\"slides\">\n\t\t\t\n\t\t\t\t\t\t\t\t\t\t\t\t\t\t<li><div  class=\"fusion-image-wrapper\" aria-haspopup=\"true\">\n\t\t\t\t\t\t\t<a href=\"https:\/\/www.ecotechnics.com\/world\/fr\/un-travail-constant-en-cours-pour-optimiser-la-meilleure-couverture-possible\/\" aria-label=\"La grande gamme d&rsquo;adaptateurs ATF\">\n\t\t\t\t\t\t\t<img width=\"2400\" height=\"1698\" src=\"https:\/\/www.ecotechnics.com\/world\/wp-content\/uploads\/2025\/09\/ecotechnics_news1.png\" class=\"attachment-full size-full wp-post-image\" alt=\"\" decoding=\"async\" loading=\"lazy\" srcset=\"https:\/\/www.ecotechnics.com\/world\/wp-content\/uploads\/2025\/09\/ecotechnics_news1-200x142.png 200w, https:\/\/www.ecotechnics.com\/world\/wp-content\/uploads\/2025\/09\/ecotechnics_news1-400x283.png 400w, https:\/\/www.ecotechnics.com\/world\/wp-content\/uploads\/2025\/09\/ecotechnics_news1-600x425.png 600w, https:\/\/www.ecotechnics.com\/world\/wp-content\/uploads\/2025\/09\/ecotechnics_news1-800x566.png 800w, https:\/\/www.ecotechnics.com\/world\/wp-content\/uploads\/2025\/09\/ecotechnics_news1-1200x849.png 1200w, https:\/\/www.ecotechnics.com\/world\/wp-content\/uploads\/2025\/09\/ecotechnics_news1.png 2400w\" sizes=\"(min-width: 2200px) 100vw, (min-width: 855px) 336px, (min-width: 784px) 448px, (min-width: 712px) 672px, (min-width: 640px) 712px, \" \/>\t\t\t<\/a>\n\t\t\t\t\t\t\t<\/div>\n<\/li>\n\t\t\t\n\t\t\t\n\t\t\t\t\t\t\t\t\t\t\t\t\t\t\t\t\t\t\t\t\t\t\t\t\t\t\t\t\t\t\t\t\t\t\t\t\t\t\t\t\t\t\t\t\t\t\t\t\t\t\t\t\t\t\t\t\t\t\t\t\t\t\t\t\t\t\t\t<\/ul>\n\t<\/div>\n\t<div class=\"fusion-post-content-wrapper\" style=\"padding:30px 25px 20px 25px;\"><div class=\"fusion-post-content post-content\"><h2 class=\"blog-shortcode-post-title entry-title\">La grande gamme d&rsquo;adaptateurs ATF<\/h2><div class=\"fusion-post-content-container\"><p>   La grande gamme d'adaptateurs ATF devient encore plus grand Soucieux de proposer une gamme d'adaptateurs aussi compl\u00e8te et unique que notre machine ATF, nous avons cr\u00e9\u00e9 la [...]<\/p><\/div><\/div><\/div><div class=\"fusion-clearfix\"><\/div><\/div>\n<\/article>\n<article id=\"blog-1-post-29562\" class=\"fusion-post-grid post-29562 post type-post status-publish format-standard has-post-thumbnail hentry category-archivio-fr category-evidenza-fr category-news-fr\">\n<div class=\"fusion-post-wrapper\" style=\"background-color:rgba(255,255,255,0);border:1px solid #ebeaea;border-bottom-width:3px;\">\n\n\t\t\t<div class=\"fusion-flexslider flexslider fusion-flexslider-loading fusion-post-slideshow\" style=\"border-color:#ebeaea;\">\n\t\t<ul class=\"slides\">\n\t\t\t\n\t\t\t\t\t\t\t\t\t\t\t\t\t\t<li><div  class=\"fusion-image-wrapper\" aria-haspopup=\"true\">\n\t\t\t\t\t\t\t<a href=\"https:\/\/www.ecotechnics.com\/world\/fr\/ac-service24\/\" aria-label=\"AC-SERVICE24\">\n\t\t\t\t\t\t\t<img width=\"2400\" height=\"1698\" src=\"https:\/\/www.ecotechnics.com\/world\/wp-content\/uploads\/2025\/05\/service24.png\" class=\"attachment-full size-full wp-post-image\" alt=\"\" decoding=\"async\" loading=\"lazy\" srcset=\"https:\/\/www.ecotechnics.com\/world\/wp-content\/uploads\/2025\/05\/service24-200x142.png 200w, https:\/\/www.ecotechnics.com\/world\/wp-content\/uploads\/2025\/05\/service24-400x283.png 400w, https:\/\/www.ecotechnics.com\/world\/wp-content\/uploads\/2025\/05\/service24-600x425.png 600w, https:\/\/www.ecotechnics.com\/world\/wp-content\/uploads\/2025\/05\/service24-800x566.png 800w, https:\/\/www.ecotechnics.com\/world\/wp-content\/uploads\/2025\/05\/service24-1200x849.png 1200w, https:\/\/www.ecotechnics.com\/world\/wp-content\/uploads\/2025\/05\/service24.png 2400w\" sizes=\"(min-width: 2200px) 100vw, (min-width: 855px) 336px, (min-width: 784px) 448px, (min-width: 712px) 672px, (min-width: 640px) 712px, \" \/>\t\t\t<\/a>\n\t\t\t\t\t\t\t<\/div>\n<\/li>\n\t\t\t\n\t\t\t\n\t\t\t\t\t\t\t\t\t\t\t\t\t\t\t\t\t\t\t\t\t\t\t\t\t\t\t\t\t\t\t\t\t\t\t\t\t\t\t\t\t\t\t\t\t\t\t\t\t\t\t\t\t\t\t\t\t\t\t\t\t\t\t\t\t\t\t\t<\/ul>\n\t<\/div>\n\t<div class=\"fusion-post-content-wrapper\" style=\"padding:30px 25px 20px 25px;\"><div class=\"fusion-post-content post-content\"><h2 class=\"blog-shortcode-post-title entry-title\">AC-SERVICE24<\/h2><div class=\"fusion-post-content-container\"><p>   AC-SERVICE24 Globale, rapide et comp\u00e9tente Une attention maximale \u00e0 la Customer Connection: Au si\u00e8ge de l'entreprise, une \u00e9quipe d'expertsdisposant d'un savoir-faire approfondi et \u00e9tendu est disponible avec [...]<\/p><\/div><\/div><\/div><div class=\"fusion-clearfix\"><\/div><\/div>\n<\/article>\n<article id=\"blog-1-post-29543\" class=\"fusion-post-grid post-29543 post type-post status-publish format-standard has-post-thumbnail hentry category-archivio-fr category-evidenza-fr category-news-fr\">\n<div class=\"fusion-post-wrapper\" style=\"background-color:rgba(255,255,255,0);border:1px solid #ebeaea;border-bottom-width:3px;\">\n\n\t\t\t<div class=\"fusion-flexslider flexslider fusion-flexslider-loading fusion-post-slideshow\" style=\"border-color:#ebeaea;\">\n\t\t<ul class=\"slides\">\n\t\t\t\n\t\t\t\t\t\t\t\t\t\t\t\t\t\t<li><div  class=\"fusion-image-wrapper\" aria-haspopup=\"true\">\n\t\t\t\t\t\t\t<a href=\"https:\/\/www.ecotechnics.com\/world\/fr\/visual-diagnosis\/\" aria-label=\"VISUAL DIAGNOSIS\">\n\t\t\t\t\t\t\t<img width=\"2400\" height=\"1698\" src=\"https:\/\/www.ecotechnics.com\/world\/wp-content\/uploads\/2025\/05\/visual.png\" class=\"attachment-full size-full wp-post-image\" alt=\"\" decoding=\"async\" loading=\"lazy\" srcset=\"https:\/\/www.ecotechnics.com\/world\/wp-content\/uploads\/2025\/05\/visual-200x142.png 200w, https:\/\/www.ecotechnics.com\/world\/wp-content\/uploads\/2025\/05\/visual-400x283.png 400w, https:\/\/www.ecotechnics.com\/world\/wp-content\/uploads\/2025\/05\/visual-600x425.png 600w, https:\/\/www.ecotechnics.com\/world\/wp-content\/uploads\/2025\/05\/visual-800x566.png 800w, https:\/\/www.ecotechnics.com\/world\/wp-content\/uploads\/2025\/05\/visual-1200x849.png 1200w, https:\/\/www.ecotechnics.com\/world\/wp-content\/uploads\/2025\/05\/visual.png 2400w\" sizes=\"(min-width: 2200px) 100vw, (min-width: 855px) 336px, (min-width: 784px) 448px, (min-width: 712px) 672px, (min-width: 640px) 712px, \" \/>\t\t\t<\/a>\n\t\t\t\t\t\t\t<\/div>\n<\/li>\n\t\t\t\n\t\t\t\n\t\t\t\t\t\t\t\t\t\t\t\t\t\t\t\t\t\t\t\t\t\t\t\t\t\t\t\t\t\t\t\t\t\t\t\t\t\t\t\t\t\t\t\t\t\t\t\t\t\t\t\t\t\t\t\t\t\t\t\t\t\t\t\t\t\t\t\t<\/ul>\n\t<\/div>\n\t<div class=\"fusion-post-content-wrapper\" style=\"padding:30px 25px 20px 25px;\"><div class=\"fusion-post-content post-content\"><h2 class=\"blog-shortcode-post-title entry-title\">VISUAL DIAGNOSIS<\/h2><div class=\"fusion-post-content-container\"><p>   DIAGNOSTIC VISUEL Le KIT DE DIAGNOSTIC VISUEL est une solution parfaite et rapide pour d\u00e9terminer la qualit\u00e9 d'un fluidefrigorig\u00e8ne. Le r\u00e9frig\u00e9rant circule \u00e0 travers le filtre en [...]<\/p><\/div><\/div><\/div><div class=\"fusion-clearfix\"><\/div><\/div>\n<\/article>\n<article id=\"blog-1-post-29524\" class=\"fusion-post-grid post-29524 post type-post status-publish format-standard has-post-thumbnail hentry category-archivio-fr category-evidenza-fr category-news-fr\">\n<div class=\"fusion-post-wrapper\" style=\"background-color:rgba(255,255,255,0);border:1px solid #ebeaea;border-bottom-width:3px;\">\n\n\t\t\t<div class=\"fusion-flexslider flexslider fusion-flexslider-loading fusion-post-slideshow\" style=\"border-color:#ebeaea;\">\n\t\t<ul class=\"slides\">\n\t\t\t\n\t\t\t\t\t\t\t\t\t\t\t\t\t\t<li><div  class=\"fusion-image-wrapper\" aria-haspopup=\"true\">\n\t\t\t\t\t\t\t<a href=\"https:\/\/www.ecotechnics.com\/world\/fr\/12-volt-technology\/\" aria-label=\"12 VOLT TECHNOLOGY\">\n\t\t\t\t\t\t\t<img width=\"2400\" height=\"1698\" src=\"https:\/\/www.ecotechnics.com\/world\/wp-content\/uploads\/2025\/05\/12v.png\" class=\"attachment-full size-full wp-post-image\" alt=\"\" decoding=\"async\" loading=\"lazy\" srcset=\"https:\/\/www.ecotechnics.com\/world\/wp-content\/uploads\/2025\/05\/12v-200x142.png 200w, https:\/\/www.ecotechnics.com\/world\/wp-content\/uploads\/2025\/05\/12v-400x283.png 400w, https:\/\/www.ecotechnics.com\/world\/wp-content\/uploads\/2025\/05\/12v-600x425.png 600w, https:\/\/www.ecotechnics.com\/world\/wp-content\/uploads\/2025\/05\/12v-800x566.png 800w, https:\/\/www.ecotechnics.com\/world\/wp-content\/uploads\/2025\/05\/12v-1200x849.png 1200w, https:\/\/www.ecotechnics.com\/world\/wp-content\/uploads\/2025\/05\/12v.png 2400w\" sizes=\"(min-width: 2200px) 100vw, (min-width: 855px) 336px, (min-width: 784px) 448px, (min-width: 712px) 672px, (min-width: 640px) 712px, \" \/>\t\t\t<\/a>\n\t\t\t\t\t\t\t<\/div>\n<\/li>\n\t\t\t\n\t\t\t\n\t\t\t\t\t\t\t\t\t\t\t\t\t\t\t\t\t\t\t\t\t\t\t\t\t\t\t\t\t\t\t\t\t\t\t\t\t\t\t\t\t\t\t\t\t\t\t\t\t\t\t\t\t\t\t\t\t\t\t\t\t\t\t\t\t\t\t\t<\/ul>\n\t<\/div>\n\t<div class=\"fusion-post-content-wrapper\" style=\"padding:30px 25px 20px 25px;\"><div class=\"fusion-post-content post-content\"><h2 class=\"blog-shortcode-post-title entry-title\">12 VOLT TECHNOLOGY<\/h2><div class=\"fusion-post-content-container\"><p>   TECHNOLOGIE DE 12 VOLTS S\u00e9curit\u00e9 et \u00e9conomies d'\u00e9nergie Le flux correct du r\u00e9frig\u00e9rant ou de l'huile et le contr\u00f4le des pressions pendant les diff\u00e9rentes phases du service [...]<\/p><\/div><\/div><\/div><div class=\"fusion-clearfix\"><\/div><\/div>\n<\/article>\n<article id=\"blog-1-post-29505\" class=\"fusion-post-grid post-29505 post type-post status-publish format-standard has-post-thumbnail hentry category-archivio-fr category-evidenza-fr category-news-fr\">\n<div class=\"fusion-post-wrapper\" style=\"background-color:rgba(255,255,255,0);border:1px solid #ebeaea;border-bottom-width:3px;\">\n\n\t\t\t<div class=\"fusion-flexslider flexslider fusion-flexslider-loading fusion-post-slideshow\" style=\"border-color:#ebeaea;\">\n\t\t<ul class=\"slides\">\n\t\t\t\n\t\t\t\t\t\t\t\t\t\t\t\t\t\t<li><div  class=\"fusion-image-wrapper\" aria-haspopup=\"true\">\n\t\t\t\t\t\t\t<a href=\"https:\/\/www.ecotechnics.com\/world\/fr\/refrigerant-analysis\/\" aria-label=\"REFRIGERANT ANALYSIS\">\n\t\t\t\t\t\t\t<img width=\"2400\" height=\"1698\" src=\"https:\/\/www.ecotechnics.com\/world\/wp-content\/uploads\/2025\/05\/analysis.png\" class=\"attachment-full size-full wp-post-image\" alt=\"\" decoding=\"async\" loading=\"lazy\" srcset=\"https:\/\/www.ecotechnics.com\/world\/wp-content\/uploads\/2025\/05\/analysis-200x142.png 200w, https:\/\/www.ecotechnics.com\/world\/wp-content\/uploads\/2025\/05\/analysis-400x283.png 400w, https:\/\/www.ecotechnics.com\/world\/wp-content\/uploads\/2025\/05\/analysis-600x425.png 600w, https:\/\/www.ecotechnics.com\/world\/wp-content\/uploads\/2025\/05\/analysis-800x566.png 800w, https:\/\/www.ecotechnics.com\/world\/wp-content\/uploads\/2025\/05\/analysis-1200x849.png 1200w, https:\/\/www.ecotechnics.com\/world\/wp-content\/uploads\/2025\/05\/analysis.png 2400w\" sizes=\"(min-width: 2200px) 100vw, (min-width: 855px) 336px, (min-width: 784px) 448px, (min-width: 712px) 672px, (min-width: 640px) 712px, \" \/>\t\t\t<\/a>\n\t\t\t\t\t\t\t<\/div>\n<\/li>\n\t\t\t\n\t\t\t\n\t\t\t\t\t\t\t\t\t\t\t\t\t\t\t\t\t\t\t\t\t\t\t\t\t\t\t\t\t\t\t\t\t\t\t\t\t\t\t\t\t\t\t\t\t\t\t\t\t\t\t\t\t\t\t\t\t\t\t\t\t\t\t\t\t\t\t\t<\/ul>\n\t<\/div>\n\t<div class=\"fusion-post-content-wrapper\" style=\"padding:30px 25px 20px 25px;\"><div class=\"fusion-post-content post-content\"><h2 class=\"blog-shortcode-post-title entry-title\">REFRIGERANT ANALYSIS<\/h2><div class=\"fusion-post-content-container\"><p>   ANALYSE ET IDENTIFICATION DES GAZ Contr\u00f4ler le risque de contamination Dans le but d'am\u00e9liorer la protection de l'environnement, le r\u00e8glement (UE) n\u00b0 517\/2014 \u00e9tablit la r\u00e9duction des [...]<\/p><\/div><\/div><\/div><div class=\"fusion-clearfix\"><\/div><\/div>\n<\/article>\n<article id=\"blog-1-post-29486\" class=\"fusion-post-grid post-29486 post type-post status-publish format-standard has-post-thumbnail hentry category-archivio-fr category-evidenza-fr category-news-fr\">\n<div class=\"fusion-post-wrapper\" style=\"background-color:rgba(255,255,255,0);border:1px solid #ebeaea;border-bottom-width:3px;\">\n\n\t\t\t<div class=\"fusion-flexslider flexslider fusion-flexslider-loading fusion-post-slideshow\" style=\"border-color:#ebeaea;\">\n\t\t<ul class=\"slides\">\n\t\t\t\n\t\t\t\t\t\t\t\t\t\t\t\t\t\t<li><div  class=\"fusion-image-wrapper\" aria-haspopup=\"true\">\n\t\t\t\t\t\t\t<a href=\"https:\/\/www.ecotechnics.com\/world\/fr\/hybrid\/\" aria-label=\"HYBRID\">\n\t\t\t\t\t\t\t<img width=\"2400\" height=\"1698\" src=\"https:\/\/www.ecotechnics.com\/world\/wp-content\/uploads\/2025\/05\/hybrid.png\" class=\"attachment-full size-full wp-post-image\" alt=\"\" decoding=\"async\" loading=\"lazy\" srcset=\"https:\/\/www.ecotechnics.com\/world\/wp-content\/uploads\/2025\/05\/hybrid-200x142.png 200w, https:\/\/www.ecotechnics.com\/world\/wp-content\/uploads\/2025\/05\/hybrid-400x283.png 400w, https:\/\/www.ecotechnics.com\/world\/wp-content\/uploads\/2025\/05\/hybrid-600x425.png 600w, https:\/\/www.ecotechnics.com\/world\/wp-content\/uploads\/2025\/05\/hybrid-800x566.png 800w, https:\/\/www.ecotechnics.com\/world\/wp-content\/uploads\/2025\/05\/hybrid-1200x849.png 1200w, https:\/\/www.ecotechnics.com\/world\/wp-content\/uploads\/2025\/05\/hybrid.png 2400w\" sizes=\"(min-width: 2200px) 100vw, (min-width: 855px) 336px, (min-width: 784px) 448px, (min-width: 712px) 672px, (min-width: 640px) 712px, \" \/>\t\t\t<\/a>\n\t\t\t\t\t\t\t<\/div>\n<\/li>\n\t\t\t\n\t\t\t\n\t\t\t\t\t\t\t\t\t\t\t\t\t\t\t\t\t\t\t\t\t\t\t\t\t\t\t\t\t\t\t\t\t\t\t\t\t\t\t\t\t\t\t\t\t\t\t\t\t\t\t\t\t\t\t\t\t\t\t\t\t\t\t\t\t\t\t\t<\/ul>\n\t<\/div>\n\t<div class=\"fusion-post-content-wrapper\" style=\"padding:30px 25px 20px 25px;\"><div class=\"fusion-post-content post-content\"><h2 class=\"blog-shortcode-post-title entry-title\">HYBRID<\/h2><div class=\"fusion-post-content-container\"><p>   HYBRID La solution int\u00e9gr\u00e9e brevet\u00e9e ou l'option du march\u00e9 des pi\u00e8ces de rechange L'\"Observatoire de la mobilit\u00e9 \u00e9lectrique\" de la Commission europ\u00e9enne confirme une tendance \u00e0 la [...]<\/p><\/div><\/div><\/div><div class=\"fusion-clearfix\"><\/div><\/div>\n<\/article>\n<article id=\"blog-1-post-29465\" class=\"fusion-post-grid post-29465 post type-post status-publish format-standard has-post-thumbnail hentry category-archivio-fr category-evidenza-fr category-news-fr\">\n<div class=\"fusion-post-wrapper\" style=\"background-color:rgba(255,255,255,0);border:1px solid #ebeaea;border-bottom-width:3px;\">\n\n\t\t\t<div class=\"fusion-flexslider flexslider fusion-flexslider-loading fusion-post-slideshow\" style=\"border-color:#ebeaea;\">\n\t\t<ul class=\"slides\">\n\t\t\t\n\t\t\t\t\t\t\t\t\t\t\t\t\t\t<li><div  class=\"fusion-image-wrapper\" aria-haspopup=\"true\">\n\t\t\t\t\t\t\t<a href=\"https:\/\/www.ecotechnics.com\/world\/fr\/refrigerant-configuration\/\" aria-label=\"CONFIGURATION DU R\u00c9FRIG\u00c9RANT\">\n\t\t\t\t\t\t\t<img width=\"2400\" height=\"1698\" src=\"https:\/\/www.ecotechnics.com\/world\/wp-content\/uploads\/2025\/05\/refrigerant.png\" class=\"attachment-full size-full wp-post-image\" alt=\"\" decoding=\"async\" loading=\"lazy\" srcset=\"https:\/\/www.ecotechnics.com\/world\/wp-content\/uploads\/2025\/05\/refrigerant-200x142.png 200w, https:\/\/www.ecotechnics.com\/world\/wp-content\/uploads\/2025\/05\/refrigerant-400x283.png 400w, https:\/\/www.ecotechnics.com\/world\/wp-content\/uploads\/2025\/05\/refrigerant-600x425.png 600w, https:\/\/www.ecotechnics.com\/world\/wp-content\/uploads\/2025\/05\/refrigerant-800x566.png 800w, https:\/\/www.ecotechnics.com\/world\/wp-content\/uploads\/2025\/05\/refrigerant-1200x849.png 1200w, https:\/\/www.ecotechnics.com\/world\/wp-content\/uploads\/2025\/05\/refrigerant.png 2400w\" sizes=\"(min-width: 2200px) 100vw, (min-width: 855px) 336px, (min-width: 784px) 448px, (min-width: 712px) 672px, (min-width: 640px) 712px, \" \/>\t\t\t<\/a>\n\t\t\t\t\t\t\t<\/div>\n<\/li>\n\t\t\t\n\t\t\t\n\t\t\t\t\t\t\t\t\t\t\t\t\t\t\t\t\t\t\t\t\t\t\t\t\t\t\t\t\t\t\t\t\t\t\t\t\t\t\t\t\t\t\t\t\t\t\t\t\t\t\t\t\t\t\t\t\t\t\t\t\t\t\t\t\t\t\t\t<\/ul>\n\t<\/div>\n\t<div class=\"fusion-post-content-wrapper\" style=\"padding:30px 25px 20px 25px;\"><div class=\"fusion-post-content post-content\"><h2 class=\"blog-shortcode-post-title entry-title\">CONFIGURATION DU R\u00c9FRIG\u00c9RANT<\/h2><div class=\"fusion-post-content-container\"><p>   CONFIGURATION DU R\u00c9FRIG\u00c9RANT Pratique pour le distributeur, un service pour l'atelier La disponibilit\u00e9 constante du produit et la rapidit\u00e9 de livraison sont d\u00e9terminantes dans toute organisation logistique; [...]<\/p><\/div><\/div><\/div><div class=\"fusion-clearfix\"><\/div><\/div>\n<\/article>\n<div class=\"fusion-clearfix\"><\/div><\/div><div class=\"fusion-infinite-scroll-trigger\"><\/div><div class=\"pagination infinite-scroll clearfix\" style=\"display:none;\"><span class=\"current\">1<\/span><a href=\"https:\/\/www.ecotechnics.com\/world\/fr\/wp-json\/wp\/v2\/pages\/367\/page\/2\/\" class=\"inactive\">2<\/a><a class=\"pagination-next\" rel=\"next\" href=\"https:\/\/www.ecotechnics.com\/world\/fr\/wp-json\/wp\/v2\/pages\/367\/page\/2\/\"><span class=\"page-text\">Next<\/span><span class=\"page-next\"><\/span><\/a><\/div><div class=\"fusion-clearfix\"><\/div><\/div><\/div><style type=\"text\/css\">.fusion-body .fusion-builder-column-0{width:100% !important;margin-top : 0px;margin-bottom : 20px;}.fusion-builder-column-0 > .fusion-column-wrapper {padding-top : 0px !important;padding-right : 0px !important;margin-right : 1.92%;padding-bottom : 0px !important;padding-left : 0px !important;margin-left : 1.92%;}@media only screen and (max-width:1024px) {.fusion-body .fusion-builder-column-0{width:100% !important;order : 0;}.fusion-builder-column-0 > .fusion-column-wrapper {margin-right : 1.92%;margin-left : 1.92%;}}@media only screen and (max-width:640px) {.fusion-body .fusion-builder-column-0{width:100% !important;order : 0;}.fusion-builder-column-0 > .fusion-column-wrapper {margin-right : 1.92%;margin-left : 1.92%;}}<\/style><\/div><\/div><style type=\"text\/css\">.fusion-body .fusion-flex-container.fusion-builder-row-1{ padding-top : 0px;margin-top : 0px;padding-right : 0px;padding-bottom : 0px;margin-bottom : 0px;padding-left : 0px;}<\/style><\/div>\n","protected":false},"excerpt":{"rendered":"","protected":false},"author":1,"featured_media":0,"parent":0,"menu_order":0,"comment_status":"closed","ping_status":"closed","template":"100-width.php","meta":[],"_links":{"self":[{"href":"https:\/\/www.ecotechnics.com\/world\/fr\/wp-json\/wp\/v2\/pages\/367"}],"collection":[{"href":"https:\/\/www.ecotechnics.com\/world\/fr\/wp-json\/wp\/v2\/pages"}],"about":[{"href":"https:\/\/www.ecotechnics.com\/world\/fr\/wp-json\/wp\/v2\/types\/page"}],"author":[{"embeddable":true,"href":"https:\/\/www.ecotechnics.com\/world\/fr\/wp-json\/wp\/v2\/users\/1"}],"replies":[{"embeddable":true,"href":"https:\/\/www.ecotechnics.com\/world\/fr\/wp-json\/wp\/v2\/comments?post=367"}],"version-history":[{"count":128,"href":"https:\/\/www.ecotechnics.com\/world\/fr\/wp-json\/wp\/v2\/pages\/367\/revisions"}],"predecessor-version":[{"id":27662,"href":"https:\/\/www.ecotechnics.com\/world\/fr\/wp-json\/wp\/v2\/pages\/367\/revisions\/27662"}],"wp:attachment":[{"href":"https:\/\/www.ecotechnics.com\/world\/fr\/wp-json\/wp\/v2\/media?parent=367"}],"curies":[{"name":"wp","href":"https:\/\/api.w.org\/{rel}","templated":true}]}}