
{"id":16841,"date":"2022-10-10T08:36:39","date_gmt":"2022-10-10T08:36:39","guid":{"rendered":"https:\/\/www.ecotechnics.com\/world\/produtos\/atf-moovetech-2\/"},"modified":"2026-04-08T16:56:27","modified_gmt":"2026-04-08T16:56:27","slug":"atf-moovetech-2","status":"publish","type":"page","link":"https:\/\/www.ecotechnics.com\/world\/pt-pt\/produtos\/atf-moovetech-2\/","title":{"rendered":"ATF Moovetech"},"content":{"rendered":"<div class=\"fusion-fullwidth fullwidth-box fusion-builder-row-1 nonhundred-percent-fullwidth non-hundred-percent-height-scrolling\" style=\"background-color: rgba(255,255,255,0);background-position: center center;background-repeat: no-repeat;padding-top:0px;padding-right:0px;padding-bottom:0px;padding-left:0px;margin-bottom: 0px;margin-top: 32px;border-width: 0px 0px 0px 0px;border-color:#eae9e9;border-style:solid;\" ><div class=\"fusion-builder-row fusion-row\"><div class=\"fusion-layout-column fusion_builder_column fusion-builder-column-0 fusion_builder_column_2_5 2_5 fusion-two-fifth fusion-column-first\" style=\"width:40%;width:calc(40% - ( ( 4% ) * 0.4 ) );margin-right: 4%;margin-top:0px;margin-bottom:0px;\"><div class=\"fusion-column-wrapper fusion-flex-column-wrapper-legacy\" style=\"background-position:left top;background-repeat:no-repeat;-webkit-background-size:cover;-moz-background-size:cover;-o-background-size:cover;background-size:cover;padding: 0px 0px 0px 0px;\"><div class=\"fusion-clearfix\"><\/div><\/div><\/div><div class=\"fusion-layout-column fusion_builder_column fusion-builder-column-1 fusion_builder_column_3_5 3_5 fusion-three-fifth fusion-column-last gradientborderred mobileproductcol\" style=\"width:60%;width:calc(60% - ( ( 4% ) * 0.6 ) );margin-top:0px;margin-bottom:0px;\"><div class=\"fusion-column-wrapper fusion-flex-column-wrapper-legacy\" style=\"background-position:left top;background-repeat:no-repeat;-webkit-background-size:cover;-moz-background-size:cover;-o-background-size:cover;background-size:cover;border-radius:3px 3px 3px 3px;background-color:rgba(255,255,255,0.8);border-radius:3px 3px 3px 3px;overflow:hidden;padding: 6% 4% 6% 4%;\"><div class=\"fusion-alignright\"><style>.fusion-button.button-1{border-radius:5px 5px 5px 5px;}<\/style><a class=\"fusion-button button-flat button-small button-default button-1 fusion-button-default-span fusion-button-default-type\" target=\"_self\" href=\"https:\/\/www.ecotechnics.com\/world\/pt-pt\/produtos\/\"><i class=\"fa-arrow-left fas button-icon-left\" aria-hidden=\"true\"><\/i><span class=\"fusion-button-text\">PRODUTOS<\/span><\/a><\/div><div class=\"fusion-sep-clear\"><\/div><div class=\"fusion-separator fusion-full-width-sep\" style=\"margin-left: auto;margin-right: auto;margin-top:30px;width:100%;\"><\/div><div class=\"fusion-sep-clear\"><\/div><div class=\"imageframe-align-center\"><style>.fusion-imageframe.imageframe-1{ margin-top : 32px;margin-bottom : 32px;}<\/style><span class=\" fusion-imageframe imageframe-none imageframe-1 hover-type-none fusion-no-medium-visibility fusion-no-large-visibility\"><img decoding=\"async\" width=\"2560\" height=\"1281\" alt=\"Atf moovetech\" title=\"ATF 3\" src=\"https:\/\/www.ecotechnics.com\/world\/wp-content\/uploads\/2023\/04\/ATF-3.png\" class=\"img-responsive wp-image-18535\" srcset=\"https:\/\/www.ecotechnics.com\/world\/wp-content\/uploads\/2023\/04\/ATF-3-200x100.png 200w, https:\/\/www.ecotechnics.com\/world\/wp-content\/uploads\/2023\/04\/ATF-3-400x200.png 400w, https:\/\/www.ecotechnics.com\/world\/wp-content\/uploads\/2023\/04\/ATF-3-600x300.png 600w, https:\/\/www.ecotechnics.com\/world\/wp-content\/uploads\/2023\/04\/ATF-3-800x400.png 800w, https:\/\/www.ecotechnics.com\/world\/wp-content\/uploads\/2023\/04\/ATF-3-1200x600.png 1200w, https:\/\/www.ecotechnics.com\/world\/wp-content\/uploads\/2023\/04\/ATF-3.png 2560w\" sizes=\"(max-width: 778px) 100vw, 800px\" \/><\/span><\/div><div class=\"fusion-sep-clear\"><\/div><div class=\"fusion-separator fusion-full-width-sep\" style=\"margin-left: auto;margin-right: auto;margin-top:30px;width:100%;\"><\/div><div class=\"fusion-sep-clear\"><\/div><span class=\" fusion-imageframe imageframe-none imageframe-2 hover-type-none\" style=\"max-width:300px;\"><img decoding=\"async\" width=\"954\" height=\"401\" title=\"Atf moovetech dark\" src=\"https:\/\/www.ecotechnics.com\/world\/wp-content\/uploads\/2023\/04\/Atf-moovetech-dark.png\" alt class=\"img-responsive wp-image-18541\" srcset=\"https:\/\/www.ecotechnics.com\/world\/wp-content\/uploads\/2023\/04\/Atf-moovetech-dark-200x84.png 200w, https:\/\/www.ecotechnics.com\/world\/wp-content\/uploads\/2023\/04\/Atf-moovetech-dark-400x168.png 400w, https:\/\/www.ecotechnics.com\/world\/wp-content\/uploads\/2023\/04\/Atf-moovetech-dark-600x252.png 600w, https:\/\/www.ecotechnics.com\/world\/wp-content\/uploads\/2023\/04\/Atf-moovetech-dark-800x336.png 800w, https:\/\/www.ecotechnics.com\/world\/wp-content\/uploads\/2023\/04\/Atf-moovetech-dark.png 954w\" sizes=\"(max-width: 778px) 100vw, 800px\" \/><\/span><div class=\"fusion-text fusion-text-1\" style=\"color:#004586;\"><h1 style=\"line-height: 1;\"><span style=\"color: #b02717;\">EQUIPAMENTOS PARA MANUTEN\u00c7\u00c3O DE TRANSMISS\u00c3O AUTOM\u00c1TICA<\/span><\/h1>\n<\/div><div class=\"fusion-text fusion-text-2\"><h3><span style=\"color: #004586;\">\u00daNICA<\/span><\/h3>\n<p>Nossa esta\u00e7\u00e3o se destaca como a escolha definitiva no mercado, integrando fluxos de trabalho autom\u00e1ticos, procedimentos guiados por software e um banco de dados completo. A robustez e a alta qualidade dos componentes garantem manuten\u00e7\u00e3o m\u00ednima, tornando nossa esta\u00e7\u00e3o \u00fanica em seu g\u00eanero.<\/p>\n<h3><span style=\"color: #004586;\">F\u00c1CIL<\/span><\/h3>\n<p>Com controles autom\u00e1ticos e intuitivos, sugere os par\u00e2metros de opera\u00e7\u00e3o mais adequados, cuidadosamente estudados por especialistas experientes. Os usu\u00e1rios s\u00e3o guiados sem dificuldades por todas as configura\u00e7\u00f5es, garantindo uma experi\u00eancia eficiente e sem esfor\u00e7o.<\/p>\n<h3><span style=\"color: #004586;\">COMPLETA<\/span><\/h3>\n<p>O banco de dados cont\u00e9m nada menos que 20.310 ve\u00edculos, cobrindo mais de 90% de todos os modelos produzidos a partir do ano 2000. Com adaptadores prontamente dispon\u00edveis, al\u00e9m dos que podem ser adquiridos sob demanda, garantimos cobertura total para todas as conex\u00f5es.<\/p>\n<\/div><div class=\"fusion-sep-clear\"><\/div><div class=\"fusion-separator fusion-full-width-sep nodesk\" style=\"margin-left: auto;margin-right: auto;margin-top:32px;width:100%;\"><\/div><div class=\"fusion-sep-clear\"><\/div><div class=\"fusion-text fusion-text-3\"><p><strong>Recuperador de \u00f3leo Smart<\/strong><\/p>\n<p>Este \u00e9 o m\u00e9todo mais pr\u00e1tico, r\u00e1pido, seguro e limpo para gerenciar o fluido usado. O \u00f3leo recuperado, coletado da cuba, \u00e9 automaticamente pesado. A altura da cuba de drenagem da esta\u00e7\u00e3o \u00e9 ajust\u00e1vel. A forma assim\u00e9trica permite adaptar-se a todas as necessidades.<\/p>\n<p><strong>2 grandes filtros<\/strong><\/p>\n<p>Para proteger todos os componentes internos da esta\u00e7\u00e3o e evitar a necessidade de manuten\u00e7\u00e3o, utilizando filtragem de alta capacidade no circuito de transmiss\u00e3o durante a fase de limpeza. Para ambas as dire\u00e7\u00f5es (1 e 2), um filtro dedicado.<\/p>\n<p><strong>Coletor de alto desempenho<\/strong><\/p>\n<p>O uso de v\u00e1lvulas montadas em um coletor compacto de alum\u00ednio, combinado com a ampla largura dos canais, evita perdas de carga, aumenta a velocidade e garante um fluxo de \u00f3leo constante, proporcionando o melhor desempenho.<\/p>\n<p><strong>Reservat\u00f3rio de \u00f3leo multimarcas<\/strong><\/p>\n<p>Compartimento do reservat\u00f3rio de \u00f3leo projetado para se adaptar facilmente a diferentes tamanhos e marcas.<\/p>\n<p><strong>Drenagem do \u00f3leo usado por ar comprimido<\/strong><\/p>\n<p>Limpo, f\u00e1cil, r\u00e1pido: nenhuma bomba necess\u00e1ria. Por meio de uma opera\u00e7\u00e3o de esvaziamento altamente profissional, eliminamos qualquer necessidade de remover o reservat\u00f3rio de \u00f3leo usado, tornando o processo mais limpo, r\u00e1pido e simples.<\/p>\n<p><strong>Terceira balan\u00e7a para aditivo<\/strong><\/p>\n<p>M\u00e1xima precis\u00e3o em compara\u00e7\u00e3o com outros fabricantes. O uso de uma balan\u00e7a evita o risco de a bomba aspirar ar durante a inje\u00e7\u00e3o do aditivo e elimina a necessidade constante de purgar a bomba.<\/p>\n<p><strong>Conectores de alta qualidade<\/strong><\/p>\n<p>Antigotejamento, f\u00e1ceis de manusear.<\/p>\n<p><strong>Software: autom\u00e1tico e intuitivo<\/strong><\/p>\n<p>Software com monitoramento cont\u00ednuo: durante todo o processo de limpeza, troca de \u00f3leo e substitui\u00e7\u00e3o do c\u00e1rter e\/ou filtro, o fluxo de trabalho do software nunca exige o funcionamento do motor em momentos cr\u00edticos. A navega\u00e7\u00e3o \u00e9 intuitiva. O usu\u00e1rio \u00e9 perfeitamente guiado. Os par\u00e2metros mais adequados s\u00e3o recomendados, mas n\u00e3o obrigat\u00f3rios, e o usu\u00e1rio \u00e9 sempre livre para definir as configura\u00e7\u00f5es que preferir para o servi\u00e7o.<\/p>\n<p><strong>Base de datos<\/strong><\/p>\n<p>A ATF-Service24 \u00e9 a plataforma de acesso \u00e0 base de dados online da ATF para o\/a ajudar a obter o m\u00e1ximo rendimento da m\u00e1quina. A base de dados \u00e9 constantemente atualizada e fornece informa\u00e7\u00f5es sobre liga\u00e7\u00f5es, adaptadores adequados, procedimentos, filtros, n\u00edveis, componentes e informa\u00e7\u00f5es de seguran\u00e7a. Pode aceder \u00e0 base de dados carregada diretamente na m\u00e1quina ATF, na plataforma online ou em qualquer lugar, utilizando a APLICA\u00c7\u00c3O M\u00d3VEL ATF.<\/p>\n<p><strong>Aplica\u00e7\u00e3o m\u00f3vel ATF<\/strong><\/p>\n<p>Liga\u00e7\u00e3o ATF em todos os lugares! A aplica\u00e7\u00e3o m\u00f3vel ATF fornece informa\u00e7\u00f5es em tempo real sobre a sua m\u00e1quina ATF, simplifica a pesquisa de adaptadores ATF adequados e est\u00e1 sempre em contacto direto com os nossos especialistas em ATF.<\/p>\n<\/div><div class=\"fusion-sep-clear\"><\/div><div class=\"fusion-separator fusion-full-width-sep\" style=\"margin-left: auto;margin-right: auto;margin-top:30px;width:100%;\"><\/div><div class=\"fusion-sep-clear\"><\/div><div class=\"fusion-builder-row fusion-builder-row-inner fusion-row\"><div class=\"fusion-layout-column fusion_builder_column_inner fusion-builder-nested-column-0 fusion_builder_column_inner_1_3 1_3 fusion-one-third fusion-column-first\" style=\"width:33.333333333333%;width:calc(33.333333333333% - ( ( 4% + 4% ) * 0.33333333333333 ) );margin-right: 4%;margin-top:0px;margin-bottom:20px;\"><div class=\"fusion-column-wrapper fusion-flex-column-wrapper-legacy\" style=\"background-position:left top;background-repeat:no-repeat;-webkit-background-size:cover;-moz-background-size:cover;-o-background-size:cover;background-size:cover;padding: 0px 0px 0px 0px;\"><div class=\"imageframe-align-center\"><span class=\" fusion-imageframe imageframe-none imageframe-3 hover-type-none\" style=\"border:1px solid #ffffff;\"><img decoding=\"async\" width=\"102\" height=\"83\" title=\"Screenshot 2024-03-13 alle 00.51.54\" src=\"https:\/\/www.ecotechnics.com\/world\/wp-content\/uploads\/2024\/03\/Screenshot-2024-03-13-alle-00.51.54.png\" alt class=\"img-responsive wp-image-25327\"\/><\/span><\/div><div class=\"fusion-clearfix\"><\/div><\/div><\/div><div class=\"fusion-layout-column fusion_builder_column_inner fusion-builder-nested-column-1 fusion_builder_column_inner_1_3 1_3 fusion-one-third\" style=\"width:33.333333333333%;width:calc(33.333333333333% - ( ( 4% + 4% ) * 0.33333333333333 ) );margin-right: 4%;margin-top:0px;margin-bottom:20px;\"><div class=\"fusion-column-wrapper fusion-flex-column-wrapper-legacy\" style=\"background-position:left top;background-repeat:no-repeat;-webkit-background-size:cover;-moz-background-size:cover;-o-background-size:cover;background-size:cover;padding: 0px 0px 0px 0px;\"><div class=\"imageframe-align-center\"><span class=\" fusion-imageframe imageframe-none imageframe-4 hover-type-none\" style=\"border:1px solid #ffffff;\"><img decoding=\"async\" width=\"150\" height=\"201\" alt=\"2 FILTRI ULTRA FINI\" title=\"atfd1\" src=\"https:\/\/www.ecotechnics.com\/world\/wp-content\/uploads\/2023\/04\/atfd1.png\" class=\"img-responsive wp-image-19017\"\/><\/span><\/div><div class=\"fusion-clearfix\"><\/div><\/div><\/div><div class=\"fusion-layout-column fusion_builder_column_inner fusion-builder-nested-column-2 fusion_builder_column_inner_1_3 1_3 fusion-one-third fusion-column-last\" style=\"width:33.333333333333%;width:calc(33.333333333333% - ( ( 4% + 4% ) * 0.33333333333333 ) );margin-top:0px;margin-bottom:20px;\"><div class=\"fusion-column-wrapper fusion-flex-column-wrapper-legacy\" style=\"background-position:left top;background-repeat:no-repeat;-webkit-background-size:cover;-moz-background-size:cover;-o-background-size:cover;background-size:cover;padding: 0px 0px 0px 0px;\"><div class=\"imageframe-align-center\"><span class=\" fusion-imageframe imageframe-none imageframe-5 hover-type-none\" style=\"border:1px solid #ffffff;\"><img decoding=\"async\" width=\"104\" height=\"136\" title=\"2\" src=\"https:\/\/www.ecotechnics.com\/world\/wp-content\/uploads\/2024\/03\/2-1.png\" alt class=\"img-responsive wp-image-25333\"\/><\/span><\/div><div class=\"fusion-clearfix\"><\/div><\/div><\/div><div class=\"fusion-layout-column fusion_builder_column_inner fusion-builder-nested-column-3 fusion_builder_column_inner_1_3 1_3 fusion-one-third fusion-column-first\" style=\"width:33.333333333333%;width:calc(33.333333333333% - ( ( 4% ) * 0.33333333333333 ) );margin-right: 4%;margin-top:0px;margin-bottom:20px;\"><div class=\"fusion-column-wrapper fusion-flex-column-wrapper-legacy\" style=\"background-position:left top;background-repeat:no-repeat;-webkit-background-size:cover;-moz-background-size:cover;-o-background-size:cover;background-size:cover;padding: 0px 0px 0px 0px;\"><div class=\"imageframe-align-center\"><span class=\" fusion-imageframe imageframe-none imageframe-6 hover-type-none\" style=\"border:1px solid #ffffff;\"><img decoding=\"async\" width=\"105\" height=\"162\" title=\"3\" src=\"https:\/\/www.ecotechnics.com\/world\/wp-content\/uploads\/2024\/03\/3-1.png\" alt class=\"img-responsive wp-image-25339\"\/><\/span><\/div><div class=\"fusion-clearfix\"><\/div><\/div><\/div><div class=\"fusion-layout-column fusion_builder_column_inner fusion-builder-nested-column-4 fusion_builder_column_inner_1_3 1_3 fusion-one-third fusion-column-last\" style=\"width:33.333333333333%;width:calc(33.333333333333% - ( ( 4% ) * 0.33333333333333 ) );margin-top:0px;margin-bottom:20px;\"><div class=\"fusion-column-wrapper fusion-flex-column-wrapper-legacy\" style=\"background-position:left top;background-repeat:no-repeat;-webkit-background-size:cover;-moz-background-size:cover;-o-background-size:cover;background-size:cover;padding: 0px 0px 0px 0px;\"><div class=\"imageframe-align-center\"><span class=\" fusion-imageframe imageframe-none imageframe-7 hover-type-none\" style=\"border:1px solid #ffffff;\"><img decoding=\"async\" width=\"150\" height=\"201\" alt=\"2 RACCORDI E TUBO SCARICO OLIO USATO\" title=\"atfd2\" src=\"https:\/\/www.ecotechnics.com\/world\/wp-content\/uploads\/2023\/04\/atfd2.png\" class=\"img-responsive wp-image-18999\"\/><\/span><\/div><div class=\"fusion-clearfix\"><\/div><\/div><\/div><\/div><div class=\"fusion-sep-clear\"><\/div><div class=\"fusion-separator fusion-full-width-sep\" style=\"margin-left: auto;margin-right: auto;margin-top:30px;width:100%;\"><\/div><div class=\"fusion-sep-clear\"><\/div><div class=\"fusion-sep-clear\"><\/div><div class=\"fusion-separator fusion-full-width-sep\" style=\"margin-left: auto;margin-right: auto;margin-top:32px;margin-bottom:32px;width:100%;\"><div class=\"fusion-separator-border sep-single sep-solid\" style=\"border-color:#56af31;border-top-width:1px;\"><\/div><\/div><div class=\"fusion-sep-clear\"><\/div><div class=\"fusion-text fusion-text-4\"><h3 style=\"text-align: left;\"><strong>ATF MOOVETECH<\/strong><\/h3>\n<h3>Foco nas fun\u00e7\u00f5es da esta\u00e7\u00e3o<\/h3>\n<\/div><div class=\"fusion-text fusion-text-5\"><p><strong>Por que \u00e9 importante realizar o servi\u00e7o de ATF?<\/strong><\/p>\n<blockquote>\n<p>A produ\u00e7\u00e3o de ve\u00edculos com c\u00e2mbio autom\u00e1tico est\u00e1 crescendo rapidamente e a manuten\u00e7\u00e3o das transmiss\u00f5es est\u00e1 evoluindo. No passado, os fabricantes recomendavam &#8220;nenhuma manuten\u00e7\u00e3o&#8221; e as transmiss\u00f5es autom\u00e1ticas eram consideradas &#8220;vital\u00edcias&#8221;. Hoje, a manuten\u00e7\u00e3o com limpezas e trocas de \u00f3leo regulares \u00e9 necess\u00e1ria para aumentar o desempenho e a durabilidade do c\u00e2mbio autom\u00e1tico.<\/p>\n<\/blockquote>\n<p><strong>Qual \u00e9 a vantagem de realizar o servi\u00e7o de ATF?<\/strong><\/p>\n<blockquote>\n<p>A manuten\u00e7\u00e3o da transmiss\u00e3o autom\u00e1tica \u00e9 recomendada para garantir a melhor efici\u00eancia da caixa de c\u00e2mbio, prevenir e evitar reparos, reduzir o consumo de combust\u00edvel do ve\u00edculo, manter as emiss\u00f5es baixas e proporcionar uma experi\u00eancia de condu\u00e7\u00e3o satisfat\u00f3ria, positiva e duradoura.<\/p>\n<\/blockquote>\n<p><strong>Qual \u00e9 a vantagem do servi\u00e7o de ATF para a oficina?<\/strong><\/p>\n<blockquote>\n<p>O servi\u00e7o de ATF torna-se essencial para qualquer oficina profissional que deseje oferecer um servi\u00e7o completo. A crescente demanda por manuten\u00e7\u00e3o de transmiss\u00f5es autom\u00e1ticas representa tamb\u00e9m uma significativa oportunidade de neg\u00f3cio para a oficina. Qualquer servi\u00e7o de ATF est\u00e1 ligado ao uso de materiais de consumo (\u00f3leo, detergente, aditivos) e gera faturamento adicional com alta rentabilidade. O ROI (retorno sobre o investimento) \u00e9 r\u00e1pido.<\/p>\n<\/blockquote>\n<\/div><div class=\"fusion-text fusion-text-6\"><h3 style=\"text-align: left;\">Gama de adaptadores<\/h3>\n<\/div><div class=\"fusion-text fusion-text-7\"><div class=\"page\" title=\"Page 3\">\n<div class=\"section\">\n<div class=\"layoutArea\">\n<div class=\"column\">\n<div class=\"page\" title=\"Page 3\">\n<div class=\"section\">\n<div class=\"layoutArea\">\n<div class=\"column\">\n<p><strong>A vasta gama de adaptadores ATF continua a crescer<\/strong><\/p>\n<p>Com o intuito de disponibilizar uma gama de adaptadores t\u00e3o extraordin\u00e1ria e \u00fanica quanto m\u00e1quina ATF, criamos a melhor gama de adaptadores que melhor se adaptam ao parque de ve\u00edculos europeus. Trabalho constante para otimizar a cobertura. A atual gama de 76 adaptadores e 21 conectores de n\u00edvel de \u00f3leo, considerada a mais ampla do mercado, \u00e9 agora expandida com 10 adaptadores adicionais. Estes novos adaptadores s\u00e3o cuidadosamente selecionados para oferecer as solu\u00e7\u00f5es mais eficientes em alguns modelos populares e tamb\u00e9m para identificar novas solu\u00e7\u00f5es mais complexas em alguns modelos espec\u00edficos<\/p>\n<p><strong>Otimiza\u00e7\u00e3o ADAPTADORES ATF BASE KIT e ADAPTADORES ATF ADVANCED KIT<\/strong><\/p>\n<p>Os adaptadores A31, A50 e A55 s\u00e3o necess\u00e1rios para alguns dos ve\u00edculos com transmiss\u00e3o autom\u00e1tica mais comuns na Europa. Assim, estes adaptadores foram movidos do KIT AVAN\u00c7ADO para o KIT B\u00c1SICO, que agora inclui 21 adaptadores em vez de 18. Os adaptadores A52, A57 e A72 s\u00e3o encomendados com bastante frequ\u00eancia e est\u00e3o agora selecionados para o KIT AVAN\u00c7ADO. Assim sendo, a quantidade total inclu\u00edda no KIT AVAN\u00c7ADO continua a ser de 18 adaptadores.<\/p>\n<div class=\"page\" title=\"Page 3\">\n<div class=\"section\">\n<div class=\"layoutArea\">\n<div class=\"column\">\n<ul>\n<li><span style=\"color: #00ccff;\">KIT.ATF<\/span> KIT B\u00c1SICO DE ADAPTADORES ATF<br \/>\nEste kit b\u00e1sico cobre os ve\u00edculos mais comuns e \u00e9 essencial para come\u00e7ar.<br \/>\nA gama \u00e9 um ponto de partida perfeito para ATF e fornece um \u00f3timo pacote para os ve\u00edculos com c\u00e2mbio autom\u00e1tico mais comuns na Europa que requerem o servi\u00e7o ATF.<\/li>\n<\/ul>\n<div class=\"page\" title=\"Page 3\">\n<div class=\"section\">\n<div class=\"layoutArea\">\n<div class=\"column\">\n<ul>\n<li><span style=\"color: #ffff00;\">KIT.ATF.ADV<\/span> KIT AVAN\u00c7ADO DE ADAPTADORES ATF<br \/>\nKit ampliado para completar a cobertura do kit b\u00e1sico.<br \/>\nMelhoria da cobertura b\u00e1sica para ve\u00edculos frequentemente encontrados nas oficinas do mercado aftermarket de todas as marcas.<\/li>\n<\/ul>\n<div class=\"page\" title=\"Page 3\">\n<div class=\"section\">\n<div class=\"layoutArea\">\n<div class=\"column\">\n<ul>\n<li><span style=\"color: #99cc00;\">SUGEST\u00c3O PROFISSIONAL 1<\/span><br \/>\nSele\u00e7\u00e3o de adaptadores recomendados para um servi\u00e7o ATF mais especializado.<br \/>\nO foco est\u00e1 nos ve\u00edculos do norte da Europa e concentra-se nos fabricantes do centro-norte, como aplica\u00e7\u00f5es para ve\u00edculos VW, Mercedes, BMW e Volvo.<\/li>\n<\/ul>\n<div class=\"page\" title=\"Page 3\">\n<div class=\"section\">\n<div class=\"layoutArea\">\n<div class=\"column\">\n<ul>\n<li><span style=\"color: #ff9900;\">SUGEST\u00c3O PROFISSIONAL 2<\/span><br \/>\nSele\u00e7\u00e3o de adaptadores recomendados para um servi\u00e7o ATF mais especializado.<br \/>\nO foco est\u00e1 nos ve\u00edculos de fabricantes europeus menos comuns, como Renault, grupo PSA e grupo FCA.<\/li>\n<\/ul>\n<p><strong>LEMBRE-SE DO LEVELKIT<\/strong><\/p>\n<p>O kit cont\u00e9m 20 conectores (ATF101 a ATF120) para facilitar o reabastecimento de \u00f3leo na maioria dos ve\u00edculos europeus populares. Com a transmiss\u00e3o autom\u00e1tica ligada durante a limpeza e mudan\u00e7a de \u00f3leo do ATF, o reabastecimento pode ser feito diretamente atrav\u00e9s das mangueiras de servi\u00e7o da esta\u00e7\u00e3o. Para verificar o n\u00edvel ap\u00f3s um test drive ou em qualquer outra circunst\u00e2ncia com a transmiss\u00e3o desligada, estes conectores permitem um reabastecimento r\u00e1pido e f\u00e1cil.<\/p>\n<\/div>\n<\/div>\n<\/div>\n<\/div>\n<\/div>\n<\/div>\n<\/div>\n<\/div>\n<\/div>\n<\/div>\n<\/div>\n<\/div>\n<\/div>\n<\/div>\n<\/div>\n<\/div>\n<\/div>\n<\/div>\n<\/div>\n<\/div>\n<\/div>\n<\/div>\n<\/div>\n<\/div>\n<\/div><div class=\"fusion-sep-clear\"><\/div><div class=\"fusion-separator fusion-full-width-sep\" style=\"margin-left: auto;margin-right: auto;margin-top:32px;margin-bottom:32px;width:100%;\"><div class=\"fusion-separator-border sep-single sep-solid\" style=\"border-color:#56af31;border-top-width:1px;\"><\/div><\/div><div class=\"fusion-sep-clear\"><\/div><div class=\"fusion-builder-row fusion-builder-row-inner fusion-row\"><div class=\"fusion-layout-column fusion_builder_column_inner fusion-builder-nested-column-5 fusion_builder_column_inner_1_2 1_2 fusion-one-half fusion-column-first\" style=\"width:50%;width:calc(50% - ( ( 4% ) * 0.5 ) );margin-right: 4%;margin-top:0px;margin-bottom:20px;\"><div class=\"fusion-column-wrapper fusion-flex-column-wrapper-legacy\" style=\"background-position:left top;background-repeat:no-repeat;-webkit-background-size:cover;-moz-background-size:cover;-o-background-size:cover;background-size:cover;padding: 0px 0px 0px 0px;\"><div class=\"fusion-aligncenter\"><style>.fusion-button.button-2{border-radius:5px 5px 5px 5px;}<\/style><a class=\"fusion-button button-flat button-large button-default button-2 fusion-button-default-span fusion-button-default-type\" target=\"_blank\" rel=\"noopener noreferrer\" href=\"https:\/\/www.ecotechnics.com\/world\/wp-content\/uploads\/2025\/09\/ATF-Adapter-NEWS-Eco-PT.pdf\"><i class=\"fa-file-pdf fas button-icon-left\" aria-hidden=\"true\"><\/i><span class=\"fusion-button-text\">NOVA LISTA DE ADAPTADORES ATF<\/span><\/a><\/div><div class=\"fusion-clearfix\"><\/div><\/div><\/div><div class=\"fusion-layout-column fusion_builder_column_inner fusion-builder-nested-column-6 fusion_builder_column_inner_1_2 1_2 fusion-one-half fusion-column-last\" style=\"width:50%;width:calc(50% - ( ( 4% ) * 0.5 ) );margin-top:0px;margin-bottom:20px;\"><div class=\"fusion-column-wrapper fusion-flex-column-wrapper-legacy\" style=\"background-position:left top;background-repeat:no-repeat;-webkit-background-size:cover;-moz-background-size:cover;-o-background-size:cover;background-size:cover;padding: 0px 0px 0px 0px;\"><div class=\"fusion-aligncenter\"><style>.fusion-button.button-3{border-radius:5px 5px 5px 5px;}<\/style><a class=\"fusion-button button-flat fusion-button-default-size button-default button-3 fusion-button-default-span fusion-button-default-type\" target=\"_blank\" rel=\"noopener noreferrer\" href=\"https:\/\/youtu.be\/uY6Rfr-jKKY?si=Yyv2x1dOsepQ2IWj\"><i class=\"fa-video fas button-icon-left\" aria-hidden=\"true\"><\/i><span class=\"fusion-button-text\">TUTORIAL<\/span><\/a><\/div><div class=\"fusion-clearfix\"><\/div><\/div><\/div><\/div><div class=\"fusion-clearfix\"><\/div><\/div><\/div><\/div><\/div>\n","protected":false},"excerpt":{"rendered":"","protected":false},"author":5,"featured_media":0,"parent":263,"menu_order":0,"comment_status":"closed","ping_status":"closed","template":"","meta":[],"_links":{"self":[{"href":"https:\/\/www.ecotechnics.com\/world\/pt-pt\/wp-json\/wp\/v2\/pages\/16841"}],"collection":[{"href":"https:\/\/www.ecotechnics.com\/world\/pt-pt\/wp-json\/wp\/v2\/pages"}],"about":[{"href":"https:\/\/www.ecotechnics.com\/world\/pt-pt\/wp-json\/wp\/v2\/types\/page"}],"author":[{"embeddable":true,"href":"https:\/\/www.ecotechnics.com\/world\/pt-pt\/wp-json\/wp\/v2\/users\/5"}],"replies":[{"embeddable":true,"href":"https:\/\/www.ecotechnics.com\/world\/pt-pt\/wp-json\/wp\/v2\/comments?post=16841"}],"version-history":[{"count":161,"href":"https:\/\/www.ecotechnics.com\/world\/pt-pt\/wp-json\/wp\/v2\/pages\/16841\/revisions"}],"predecessor-version":[{"id":31176,"href":"https:\/\/www.ecotechnics.com\/world\/pt-pt\/wp-json\/wp\/v2\/pages\/16841\/revisions\/31176"}],"up":[{"embeddable":true,"href":"https:\/\/www.ecotechnics.com\/world\/pt-pt\/wp-json\/wp\/v2\/pages\/263"}],"wp:attachment":[{"href":"https:\/\/www.ecotechnics.com\/world\/pt-pt\/wp-json\/wp\/v2\/media?parent=16841"}],"curies":[{"name":"wp","href":"https:\/\/api.w.org\/{rel}","templated":true}]}}