
{"id":260,"date":"2017-06-04T09:36:52","date_gmt":"2017-06-04T07:36:52","guid":{"rendered":"http:\/\/www.anteprimasito.info\/eco\/azienda\/"},"modified":"2025-11-11T16:34:15","modified_gmt":"2025-11-11T16:34:15","slug":"a-empresa","status":"publish","type":"page","link":"https:\/\/www.ecotechnics.com\/world\/pt-pt\/a-empresa\/","title":{"rendered":"A EMPRESA"},"content":{"rendered":"<div class=\"fusion-fullwidth fullwidth-box fusion-builder-row-1 nonhundred-percent-fullwidth non-hundred-percent-height-scrolling fusion-equal-height-columns\" style=\"background-color: rgba(255,255,255,0);background-position: center center;background-repeat: no-repeat;padding-top:0px;padding-right:0px;padding-bottom:0px;padding-left:0px;margin-bottom: 0px;margin-top: 0px;border-width: 0px 0px 0px 0px;border-color:#eae9e9;border-style:solid;\" ><div class=\"fusion-builder-row fusion-row\"><div class=\"fusion-layout-column fusion_builder_column fusion-builder-column-0 fusion_builder_column_1_6 1_6 fusion-one-sixth fusion-column-first\" style=\"width:16.666666666667%;width:calc(16.666666666667% - ( ( 4% + 4% ) * 0.16666666666667 ) );margin-right: 4%;margin-top:0px;margin-bottom:20px;\"><div class=\"fusion-column-wrapper fusion-flex-column-wrapper-legacy\" style=\"background-position:left top;background-repeat:no-repeat;-webkit-background-size:cover;-moz-background-size:cover;-o-background-size:cover;background-size:cover;padding: 0px 0px 0px 0px;\"><div class=\"fusion-column-content-centered\"><div class=\"fusion-column-content\"><\/div><\/div><div class=\"fusion-clearfix\"><\/div><\/div><\/div><div class=\"fusion-layout-column fusion_builder_column fusion-builder-column-1 fusion_builder_column_2_3 2_3 fusion-two-third\" style=\"width:66.666666666667%;width:calc(66.666666666667% - ( ( 4% + 4% ) * 0.66666666666667 ) );margin-right: 4%;margin-top:0px;margin-bottom:20px;\"><div class=\"fusion-column-wrapper fusion-flex-column-wrapper-legacy\" style=\"background-position:left top;background-repeat:no-repeat;-webkit-background-size:cover;-moz-background-size:cover;-o-background-size:cover;background-size:cover;padding: 0px 0px 0px 0px;\"><div class=\"fusion-column-content-centered\"><div class=\"fusion-column-content\"><div class=\"imageframe-align-center\"><span class=\" fusion-imageframe imageframe-none imageframe-1 hover-type-none\"><img decoding=\"async\" width=\"102\" height=\"116\" src=\"https:\/\/www.ecotechnics.com\/world\/wp-content\/uploads\/2019\/03\/logo-header.png\" alt class=\"img-responsive wp-image-3152\"\/><\/span><\/div><style type=\"text\/css\"><\/style><div class=\"fusion-title title fusion-title-1 fusion-sep-none fusion-title-text fusion-title-size-one\" style=\"margin-top:0px;margin-bottom:31px;\"><h1 class=\"title-heading-left fusion-responsive-typography-calculated\" style=\"margin:0;--fontSize:32;line-height:1.2;\"><h1 style=\"text-align: center;\">HIST\u00d3RIA DA MARCA<\/h1><\/h1><\/div><div class=\"fusion-text fusion-text-1\"><p style=\"text-align: justify;\">A Ecotechnics foi criada em Florenc\u0327a em 1995. As ideias inovadoras encontraram instantaneamente um terreno fe\u0301rtil e um ambiente privilegiado: a Toscana esteve sempre fortemente associada a\u0300 investigac\u0327a\u0303o e inovac\u0327a\u0303o, possuindo excelentes centros de investigac\u0327a\u0303o e universidades altamente qualificadas. A regia\u0303o alcanc\u0327ou assim, um elevado i\u0301ndice de recursos humanos e compete\u0302ncias, capaz de gerar um forte desenvolvimento inovador. A pequena fa\u0301brica inicial, rapidamente se especializou em unidades de servic\u0327o de ar condicionado para recuperac\u0327a\u0303o, reciclagem e recarga de sistemas de ar condicionado na indu\u0301stria automo\u0301vel. A Ecotechnics alcanc\u0327ou uma posic\u0327a\u0303o global li\u0301der em poucos anos.<\/p>\n<p style=\"text-align: justify;\">A chave para o sucesso da organizac\u0327a\u0303o e\u0301 a pesquisa conti\u0301nua na melhoria e dedicac\u0327a\u0303o no fornecimento de desenvolvimento tecnolo\u0301gico para o benefi\u0301cio do utilizador. Impulsionada por este conceito, a Ecotechnics obteve inu\u0301meras patentes internacionais ao longo dos anos e orgulhase de ter inventado e introduzido uma se\u0301rie de func\u0327o\u0303es avanc\u0327adas, como o processo de servic\u0327o totalmente automa\u0301tico, o coletor de alumi\u0301nio compacto e a func\u0327a\u0303o de diagno\u0301stico A\/C integrada numa unidade de servic\u0327o A\/C. A empresa Snap-on Climate Solutions Srl foi criada apo\u0301s a aquisic\u0327a\u0303o da Ecotechnics Spa pela detentora americana Snap-on em 2015. A Snap-on e\u0301 um dos principais fabricantes mundiais de ferramentas inovadoras, sistemas e equipamentos de diagno\u0301stico e fornecedora de servic\u0327os para utilizadores profissionais no setor industrial e automo\u0301vel desde 1920. A marca Ecotechnics e Snap-on definiram compete\u0302ncias sine\u0301rgicas especi\u0301ficas e, juntamente com as outras marcas do grupo, procuram o objetivo comum de desenvolver as soluc\u0327o\u0303es de produtividade mais valiosas do mundo.<\/p>\n<p style=\"text-align: justify;\">Atualmente, a marca Ecotechnics esta\u0301 presente em mais de 80 pai\u0301ses em todo o mundo atrave\u0301s de uma rede de revendedores selecionados e especializados.<\/p>\n<\/div><div class=\"fusion-text fusion-text-2\"><h2 style=\"text-align: center;\"><strong>TORNAMOS AS SOLU\u00c7\u00d5ES EFICIENTES <\/strong><\/h2>\n<h3 style=\"text-align: center;\"><strong>Um programa profissional para ar condicionado e ATF<\/strong><\/h3>\n<p style=\"text-align: center;\"><strong>M\u00c1QUINAS DE AR CONDICIONADO<\/strong><\/p>\n<p style=\"text-align: center;\">Cada oficina \u00e9 \u00fanica. A escolha do equipamento certo deve proporcionar \u00e0 oficina o servi\u00e7o pretendido, respeitando a rentabilidade e o retorno do investimento. A Ecotechnics desenvolveu 10 m\u00e1quinas diferentes de A\/C para responder na perfei\u00e7\u00e3o \u00e0s necessidades da oficina. Desde m\u00e1quinas de \u00faltima gera\u00e7\u00e3o para um ou dois refrigerantes at\u00e9 solu\u00e7\u00f5es flex\u00edveis e econ\u00f3micas. A ECK LAND e a ECK BUS PRO foram especialmente desenvolvidas para utiliza\u00e7\u00e3o m\u00f3vel ou para a manuten\u00e7\u00e3o de grandes sistemas, enquanto o fluido refrigerante CO2 orientado para o futuro encontra a sua melhor solu\u00e7\u00e3o premium na nova ECO\u2082R744.<\/p>\n<p style=\"text-align: center;\"><strong>ACESS\u00d3RIOS PARA AR CONDICIONADO<\/strong><\/p>\n<p style=\"text-align: center;\">TUDO O QUE PRECISA! A Ecotechnics possui tudo o que precisa para um servi\u00e7o profissional de ar condicionado: acess\u00f3rios, consum\u00edveis, detetores de fugas e produtos para manuten\u00e7\u00e3o peri\u00f3dica. A sele\u00e7\u00e3o direcionada dos 3 padr\u00f5es PAG e POE mais comuns para \u00f3leo de compressor e l\u00edquido contrastante cobre mais de 95% das necessidades do mercado. O analisador de g\u00e1s \u00e9 a melhor solu\u00e7\u00e3o para gerir o risco de contamina\u00e7\u00e3o, \u00e9 simples de instalar, deteta as percentagens dos componentes e exclui poss\u00edveis contamina\u00e7\u00f5es. Muitos outros destaques merecem destaque, como o visor de diagn\u00f3stico, a excelente efici\u00eancia do kit de lavagem ou os \u201cpequenos ajudantes\u201d como os engates r\u00e1pidos Swift para liga\u00e7\u00f5es f\u00e1ceis ao sistema.<\/p>\n<p style=\"text-align: center;\"><strong>PROGRAMA ATF<\/strong><\/p>\n<p style=\"text-align: center;\">A m\u00e1quina ATF integra as configura\u00e7\u00f5es dos fluxos de trabalho mais competentes cuidadosamente criados por especialistas ATF experientes em termos de hardware e software. Com o intuito de disponibilizar uma gama de adaptadores t\u00e3o amplos quanto a m\u00e1quina ATF, a Ecotechnics criou a maior gama de adaptadores ATF dispon\u00edveis individualmente ou em kits selecionados. A base de dados da ATF cont\u00e9m mais de 90% de todos os modelos de ve\u00edculos produzidos a partir do ano 2000. \u00c9 poss\u00edvel aceder \u00e0 base de dados diretamente a partir da m\u00e1quina, na plataforma online ou em qualquer lugar, utilizando a APLICA\u00c7\u00c3O M\u00d3VEL ATF<\/p>\n<\/div><\/div><\/div><div class=\"fusion-clearfix\"><\/div><\/div><\/div><div class=\"fusion-layout-column fusion_builder_column fusion-builder-column-2 fusion_builder_column_1_6 1_6 fusion-one-sixth fusion-column-last\" style=\"width:16.666666666667%;width:calc(16.666666666667% - ( ( 4% + 4% ) * 0.16666666666667 ) );margin-top:0px;margin-bottom:20px;\"><div class=\"fusion-column-wrapper fusion-flex-column-wrapper-legacy\" style=\"background-position:left top;background-repeat:no-repeat;-webkit-background-size:cover;-moz-background-size:cover;-o-background-size:cover;background-size:cover;padding: 0px 0px 0px 0px;\"><div class=\"fusion-column-content-centered\"><div class=\"fusion-column-content\"><\/div><\/div><div class=\"fusion-clearfix\"><\/div><\/div><\/div><\/div><\/div>\n","protected":false},"excerpt":{"rendered":"","protected":false},"author":1,"featured_media":0,"parent":0,"menu_order":0,"comment_status":"closed","ping_status":"closed","template":"100-width.php","meta":[],"_links":{"self":[{"href":"https:\/\/www.ecotechnics.com\/world\/pt-pt\/wp-json\/wp\/v2\/pages\/260"}],"collection":[{"href":"https:\/\/www.ecotechnics.com\/world\/pt-pt\/wp-json\/wp\/v2\/pages"}],"about":[{"href":"https:\/\/www.ecotechnics.com\/world\/pt-pt\/wp-json\/wp\/v2\/types\/page"}],"author":[{"embeddable":true,"href":"https:\/\/www.ecotechnics.com\/world\/pt-pt\/wp-json\/wp\/v2\/users\/1"}],"replies":[{"embeddable":true,"href":"https:\/\/www.ecotechnics.com\/world\/pt-pt\/wp-json\/wp\/v2\/comments?post=260"}],"version-history":[{"count":18,"href":"https:\/\/www.ecotechnics.com\/world\/pt-pt\/wp-json\/wp\/v2\/pages\/260\/revisions"}],"predecessor-version":[{"id":30368,"href":"https:\/\/www.ecotechnics.com\/world\/pt-pt\/wp-json\/wp\/v2\/pages\/260\/revisions\/30368"}],"wp:attachment":[{"href":"https:\/\/www.ecotechnics.com\/world\/pt-pt\/wp-json\/wp\/v2\/media?parent=260"}],"curies":[{"name":"wp","href":"https:\/\/api.w.org\/{rel}","templated":true}]}}