
{"id":4143,"date":"2019-03-29T01:27:26","date_gmt":"2019-03-29T01:27:26","guid":{"rendered":"https:\/\/www.ecotechnics.com\/world\/manutenzione\/"},"modified":"2022-02-01T15:46:48","modified_gmt":"2022-02-01T15:46:48","slug":"manutencao","status":"publish","type":"page","link":"https:\/\/www.ecotechnics.com\/world\/pt-pt\/produtos\/manutencao\/","title":{"rendered":"MANUTEN\u00c7\u00c3O"},"content":{"rendered":"<p><div class=\"fusion-fullwidth fullwidth-box fusion-builder-row-1 nonhundred-percent-fullwidth non-hundred-percent-height-scrolling\" style=\"background-color: #094a8c;background-position: center center;background-repeat: no-repeat;padding-top:0px;padding-right:0px;padding-bottom:0px;padding-left:0px;margin-bottom: 0px;margin-top: 0px;border-width: 0px 0px 0px 0px;border-color:#eae9e9;border-style:solid;\" ><div class=\"fusion-builder-row fusion-row\"><div class=\"fusion-layout-column fusion_builder_column fusion-builder-column-0 fusion_builder_column_1_1 1_1 fusion-one-full fusion-column-first fusion-column-last\" style=\"margin-top:0px;margin-bottom:0px;\"><div class=\"fusion-column-wrapper fusion-flex-column-wrapper-legacy\" style=\"background-position:left top;background-repeat:no-repeat;-webkit-background-size:cover;-moz-background-size:cover;-o-background-size:cover;background-size:cover;padding: 0px 0px 0px 0px;\"><div class=\"fusion-widget fusion-widget-element fusion-widget-area fusion-content-widget-area wpWidget-1 menuprodottibar\" style=\"border-width:0px;border-style:solid;\"><div class=\"widget widget_nav_menu\"><div class=\"menu-menu-prodotti_pt-container\"><ul id=\"menu-menu-prodotti_pt\" class=\"menu\"><li id=\"menu-item-14985\" class=\"menu-item menu-item-type-post_type menu-item-object-page menu-item-14985\"><a href=\"https:\/\/www.ecotechnics.com\/world\/pt-pt\/produtos\/\">PRODUTOS<\/a><\/li>\n<li id=\"menu-item-12252\" class=\"menu-item menu-item-type-post_type menu-item-object-page menu-item-12252\"><a href=\"https:\/\/www.ecotechnics.com\/world\/pt-pt\/produtos\/acessorios-e-opcoes\/\">ACESS\u00d3RIOS E OP\u00c7\u00d5ES<\/a><\/li>\n<li id=\"menu-item-12251\" class=\"menu-item menu-item-type-post_type menu-item-object-page menu-item-12251\"><a href=\"https:\/\/www.ecotechnics.com\/world\/pt-pt\/produtos\/conectores-e-mangueiras\/\">CONECTORES E MANGUEIRAS<\/a><\/li>\n<li id=\"menu-item-12248\" class=\"menu-item menu-item-type-post_type menu-item-object-page menu-item-12248\"><a href=\"https:\/\/www.ecotechnics.com\/world\/pt-pt\/produtos\/consumiveis-e-recipientes\/\">CONSUM\u00cdVEIS E RECIPIENTES<\/a><\/li>\n<li id=\"menu-item-12250\" class=\"menu-item menu-item-type-post_type menu-item-object-page menu-item-12250\"><a href=\"https:\/\/www.ecotechnics.com\/world\/pt-pt\/produtos\/detecao-de-fugas-2\/\">DETE\u00c7\u00c3O DE FUGAS<\/a><\/li>\n<li id=\"menu-item-12249\" class=\"menu-item menu-item-type-post_type menu-item-object-page menu-item-12249\"><a href=\"https:\/\/www.ecotechnics.com\/world\/pt-pt\/produtos\/manutencao\/\">MANUTEN\u00c7\u00c3O<\/a><\/li>\n<\/ul><\/div><\/div><\/div><div class=\"fusion-clearfix\"><\/div><\/div><\/div><\/div><\/div><div class=\"fusion-fullwidth fullwidth-box fusion-builder-row-2 nonhundred-percent-fullwidth non-hundred-percent-height-scrolling\" style=\"background-color: rgba(255,255,255,0);background-position: center center;background-repeat: no-repeat;padding-top:0px;padding-right:0px;padding-bottom:0px;padding-left:0px;margin-bottom: 0px;margin-top: 0px;border-width: 0px 0px 0px 0px;border-color:#eae9e9;border-style:solid;\" ><div class=\"fusion-builder-row fusion-row\"><div class=\"fusion-layout-column fusion_builder_column fusion-builder-column-1 fusion_builder_column_1_1 1_1 fusion-one-full fusion-column-first fusion-column-last\" style=\"margin-top:0px;margin-bottom:20px;\"><div class=\"fusion-column-wrapper fusion-flex-column-wrapper-legacy\" style=\"background-position:left top;background-repeat:no-repeat;-webkit-background-size:cover;-moz-background-size:cover;-o-background-size:cover;background-size:cover;padding: 0px 10px 0px 10px;\"><div class=\"fusion-column-content-centered\"><div class=\"fusion-column-content\"><div class=\"fusion-sep-clear\"><\/div><div class=\"fusion-separator fusion-full-width-sep\" style=\"margin-left: auto;margin-right: auto;margin-top:64px;width:100%;\"><\/div><div class=\"fusion-sep-clear\"><\/div><div class=\"fusion-text fusion-text-1\"><div class=\"supsystic-table-loader spinner\" style=\"background-color: #000000\"><\/div><div id=\"supsystic-table-211_956\" class=\"supsystic-tables-wrap \" style=\" width: 100%; visibility: hidden; \" data-table-width-fixed=\"100%\" data-table-width-mobile=\"100%\" ><table id=\"supsystic-table-211\" class=\"supsystic-table border lightboxImg row-border \" data-id=\"211\" data-view-id=\"211_956\" data-title=\"Manutenzione_IT\" data-currency-format=\"$1,000.00\" data-percent-format=\"10.00%\" data-date-format=\"DD.MM.YYYY\" data-time-format=\"HH:mm\" data-features=\"[&quot;after_table_loaded_script&quot;]\" data-search-value=\"\" data-lightbox-img=\"\" data-head-rows-count=\"1\" data-pagination-length=\"50,100,All\" data-auto-index=\"off\" data-searching-settings=\"{&quot;columnSearchPosition&quot;:&quot;bottom&quot;,&quot;minChars&quot;:&quot;0&quot;}\" data-lang=\"default\" data-override=\"{&quot;emptyTable&quot;:&quot;&quot;,&quot;info&quot;:&quot;&quot;,&quot;infoEmpty&quot;:&quot;&quot;,&quot;infoFiltered&quot;:&quot;&quot;,&quot;lengthMenu&quot;:&quot;&quot;,&quot;search&quot;:&quot;&quot;,&quot;zeroRecords&quot;:&quot;&quot;,&quot;exportLabel&quot;:&quot;&quot;,&quot;file&quot;:&quot;default&quot;}\" data-merged=\"[{&quot;row&quot;:4,&quot;col&quot;:0,&quot;rowspan&quot;:2,&quot;colspan&quot;:1,&quot;removed&quot;:false}]\" data-responsive-mode=\"0\" data-from-history=\"0\" ><thead><tr><th class=\"\" style=\"width:auto; padding: 0 !important;\"><\/th><th class=\"\" style=\"width:auto; padding: 0 !important;\"><\/th><th class=\"\" style=\"width:auto; padding: 0 !important;\"><\/th><\/tr><\/thead><tbody><tr ><td data-cell-id=\"A1\" data-x=\"0\" data-y=\"1\" data-db-index=\"1\" class=\"color-000000 htCenter htMiddle\" data-cell-type=\"text\" data-original-value=\"&lt;img src=&quot;https:\/\/www.ecotechnics.com\/world\/wp-content\/uploads\/2022\/01\/KIT-016.png&quot; class=&quot;stbSkipLazy alignnone size-full&quot; width=&quot;414&quot; height=&quot;414&quot; \/&gt;\" data-order=\"&lt;img src=&quot;https:\/\/www.ecotechnics.com\/world\/wp-content\/uploads\/2022\/01\/KIT-016.png&quot; class=&quot;stbSkipLazy alignnone size-full&quot; width=&quot;414&quot; height=&quot;414&quot; \/&gt;\" style=\"min-width: auto; width: auto;\" ><img src=\"https:\/\/www.ecotechnics.com\/world\/wp-content\/uploads\/2022\/01\/KIT-016.png\" class=\"stbSkipLazy alignnone size-full\" width=\"414\" height=\"414\" \/><\/td><td data-cell-id=\"B1\" data-x=\"1\" data-y=\"1\" data-db-index=\"1\" class=\"color-000000 bold htCenter htMiddle\" data-cell-type=\"text\" data-original-value=\"KIT016\" data-order=\"KIT016\" style=\"min-width: auto; width: auto;\" > KIT016 <\/td><td data-cell-id=\"C1\" data-x=\"2\" data-y=\"1\" data-db-index=\"1\" class=\"htCenter htMiddle\" data-cell-type=\"text\" data-original-value=\"Kit manutenzione, 1 flacone 500 ml olio per la pompa del vuoto + 1 filtro FLT5005\" data-order=\"Kit manutenzione, 1 flacone 500 ml olio per la pompa del vuoto + 1 filtro FLT5005\" style=\"min-width: auto; width: auto;\" > Kit manutenzione, 1 flacone 500 ml olio per la pompa del vuoto + 1 filtro FLT5005 <\/td><\/tr><tr ><td data-cell-id=\"A2\" data-x=\"0\" data-y=\"2\" data-db-index=\"2\" class=\"color-000000 htCenter htMiddle\" data-cell-type=\"text\" data-original-value=\"&lt;img src=&quot;https:\/\/www.ecotechnics.com\/world\/wp-content\/uploads\/2022\/01\/KIT-017.png&quot; class=&quot;stbSkipLazy alignnone size-full&quot; width=&quot;354&quot; height=&quot;354&quot; \/&gt;\" data-order=\"&lt;img src=&quot;https:\/\/www.ecotechnics.com\/world\/wp-content\/uploads\/2022\/01\/KIT-017.png&quot; class=&quot;stbSkipLazy alignnone size-full&quot; width=&quot;354&quot; height=&quot;354&quot; \/&gt;\" ><img src=\"https:\/\/www.ecotechnics.com\/world\/wp-content\/uploads\/2022\/01\/KIT-017.png\" class=\"stbSkipLazy alignnone size-full\" width=\"354\" height=\"354\" \/><\/td><td data-cell-id=\"B2\" data-x=\"1\" data-y=\"2\" data-db-index=\"2\" class=\"color-000000 bold htCenter htMiddle\" data-cell-type=\"text\" data-original-value=\"KIT017\" data-order=\"KIT017\" > KIT017 <\/td><td data-cell-id=\"C2\" data-x=\"2\" data-y=\"2\" data-db-index=\"2\" class=\"htCenter htMiddle\" data-cell-type=\"text\" data-cell-format-type=\"number\" data-original-value=\"Kit manutenzione, 1 flacone 500 ml olio per la pompa del vuoto + 1 filtro FLT5512\" data-order=\"Kit manutenzione, 1 flacone 500 ml olio per la pompa del vuoto + 1 filtro FLT5512\" > Kit manutenzione, 1 flacone 500 ml olio per la pompa del vuoto + 1 filtro FLT5512 <\/td><\/tr><tr ><td data-cell-id=\"A3\" data-x=\"0\" data-y=\"3\" data-db-index=\"3\" class=\"color-000000 htCenter htMiddle\" data-cell-type=\"text\" data-original-value=\"&lt;img src=&quot;https:\/\/www.ecotechnics.com\/world\/wp-content\/uploads\/2022\/01\/KIT-018.png&quot; class=&quot;stbSkipLazy alignnone size-full&quot; width=&quot;420&quot; height=&quot;420&quot; \/&gt;\" data-order=\"&lt;img src=&quot;https:\/\/www.ecotechnics.com\/world\/wp-content\/uploads\/2022\/01\/KIT-018.png&quot; class=&quot;stbSkipLazy alignnone size-full&quot; width=&quot;420&quot; height=&quot;420&quot; \/&gt;\" ><img src=\"https:\/\/www.ecotechnics.com\/world\/wp-content\/uploads\/2022\/01\/KIT-018.png\" class=\"stbSkipLazy alignnone size-full\" width=\"420\" height=\"420\" \/><\/td><td data-cell-id=\"B3\" data-x=\"1\" data-y=\"3\" data-db-index=\"3\" class=\"color-000000 bold htCenter htMiddle\" data-cell-type=\"text\" data-original-value=\"KIT018\" data-order=\"KIT018\" > KIT018 <\/td><td data-cell-id=\"C3\" data-x=\"2\" data-y=\"3\" data-db-index=\"3\" class=\"htCenter htMiddle\" data-cell-type=\"text\" data-cell-format-type=\"number\" data-original-value=\"Kit manutenzione, 1 flacone 500 ml olio per la pompa del vuoto + 1 filtro FLT5005 + 1 filtro FLT5006\" data-order=\"Kit manutenzione, 1 flacone 500 ml olio per la pompa del vuoto + 1 filtro FLT5005 + 1 filtro FLT5006\" > Kit manutenzione, 1 flacone 500 ml olio per la pompa del vuoto + 1 filtro FLT5005 + 1 filtro FLT5006 <\/td><\/tr><tr ><td data-cell-id=\"A4\" data-x=\"0\" data-y=\"4\" data-db-index=\"4\" class=\"color-000000 htCenter htMiddle\" data-cell-type=\"text\" data-original-value=\"&lt;img src=&quot;https:\/\/www.ecotechnics.com\/world\/wp-content\/uploads\/2022\/01\/PMP3335.png&quot; class=&quot;stbSkipLazy alignnone size-full&quot; width=&quot;155&quot; height=&quot;155&quot; \/&gt;\" data-order=\"&lt;img src=&quot;https:\/\/www.ecotechnics.com\/world\/wp-content\/uploads\/2022\/01\/PMP3335.png&quot; class=&quot;stbSkipLazy alignnone size-full&quot; width=&quot;155&quot; height=&quot;155&quot; \/&gt;\" ><img src=\"https:\/\/www.ecotechnics.com\/world\/wp-content\/uploads\/2022\/01\/PMP3335.png\" class=\"stbSkipLazy alignnone size-full\" width=\"155\" height=\"155\" \/><\/td><td data-cell-id=\"B4\" data-x=\"1\" data-y=\"4\" data-db-index=\"4\" class=\"color-000000 bold htCenter htMiddle\" data-cell-type=\"text\" data-original-value=\"PMP3335\" data-order=\"PMP3335\" > PMP3335 <\/td><td data-cell-id=\"C4\" data-x=\"2\" data-y=\"4\" data-db-index=\"4\" class=\"htCenter htMiddle\" data-cell-type=\"text\" data-cell-format-type=\"number\" data-original-value=\"Olio per pompa del vuoto 500 ml, ISO046\" data-order=\"Olio per pompa del vuoto 500 ml, ISO046\" > Olio per pompa del vuoto 500 ml, ISO046 <\/td><\/tr><tr ><td data-cell-id=\"A5\" data-x=\"0\" data-y=\"5\" data-db-index=\"5\" class=\"color-000000 htCenter htMiddle\" data-cell-type=\"text\" data-original-value=\"&lt;img src=&quot;https:\/\/www.ecotechnics.com\/world\/wp-content\/uploads\/2022\/01\/30-02.png&quot; class=&quot;stbSkipLazy alignnone size-full&quot; width=&quot;399&quot; height=&quot;399&quot; \/&gt;\" data-order=\"&lt;img src=&quot;https:\/\/www.ecotechnics.com\/world\/wp-content\/uploads\/2022\/01\/30-02.png&quot; class=&quot;stbSkipLazy alignnone size-full&quot; width=&quot;399&quot; height=&quot;399&quot; \/&gt;\" data-colspan=\"1\" data-rowspan=\"2\" ><img src=\"https:\/\/www.ecotechnics.com\/world\/wp-content\/uploads\/2022\/01\/30-02.png\" class=\"stbSkipLazy alignnone size-full\" width=\"399\" height=\"399\" \/><\/td><td data-cell-id=\"B5\" data-x=\"1\" data-y=\"5\" data-db-index=\"5\" class=\"color-000000 bold htCenter htMiddle\" data-cell-type=\"text\" data-original-value=\"TUB1260\" data-order=\"TUB1260\" > TUB1260 <\/td><td data-cell-id=\"C5\" data-x=\"2\" data-y=\"5\" data-db-index=\"5\" class=\"htCenter htMiddle\" data-cell-type=\"text\" data-cell-format-type=\"number\" data-original-value=\"Tubo prelievo gas (HFO) per analizzatore gas ed identificatore gas\" data-order=\"Tubo prelievo gas (HFO) per analizzatore gas ed identificatore gas\" > Tubo prelievo gas (HFO) per analizzatore gas ed identificatore gas <\/td><\/tr><tr ><td data-cell-id=\"A6\" data-x=\"0\" data-y=\"6\" data-db-index=\"6\" class=\"color-000000 htCenter htMiddle\" data-cell-type=\"text\" data-original-value=\"\" data-order=\"\" data-hide=\"true\" ><\/td><td data-cell-id=\"B6\" data-x=\"1\" data-y=\"6\" data-db-index=\"6\" class=\"color-000000 bold htCenter htMiddle\" data-cell-type=\"text\" data-original-value=\"TUB1263\" data-order=\"TUB1263\" > TUB1263 <\/td><td data-cell-id=\"C6\" data-x=\"2\" data-y=\"6\" data-db-index=\"6\" class=\"htCenter htMiddle\" data-cell-type=\"text\" data-original-value=\"Tubo prelievo gas (R134a) per analizzatore gas ed identificatoregas\" data-order=\"Tubo prelievo gas (R134a) per analizzatore gas ed identificatoregas\" > Tubo prelievo gas (R134a) per analizzatore gas ed identificatoregas <\/td><\/tr><tr ><td data-cell-id=\"A7\" data-x=\"0\" data-y=\"7\" data-db-index=\"7\" class=\"color-000000 htCenter htMiddle\" data-cell-type=\"text\" data-original-value=\"&lt;img src=&quot;https:\/\/www.ecotechnics.com\/world\/wp-content\/uploads\/2022\/01\/FLT-5507.png&quot; class=&quot;stbSkipLazy alignnone size-full largeitem&quot; width=&quot;335&quot; height=&quot;335&quot; \/&gt;\" data-order=\"&lt;img src=&quot;https:\/\/www.ecotechnics.com\/world\/wp-content\/uploads\/2022\/01\/FLT-5507.png&quot; class=&quot;stbSkipLazy alignnone size-full largeitem&quot; width=&quot;335&quot; height=&quot;335&quot; \/&gt;\" ><img src=\"https:\/\/www.ecotechnics.com\/world\/wp-content\/uploads\/2022\/01\/FLT-5507.png\" class=\"stbSkipLazy alignnone size-full largeitem\" width=\"335\" height=\"335\" \/><\/td><td data-cell-id=\"B7\" data-x=\"1\" data-y=\"7\" data-db-index=\"7\" class=\"bold htCenter htMiddle color-000000\" data-cell-type=\"text\" data-original-value=\"FLT5507\" data-order=\"FLT5507\" > FLT5507 <\/td><td data-cell-id=\"C7\" data-x=\"2\" data-y=\"7\" data-db-index=\"7\" class=\"htCenter htMiddle\" data-cell-type=\"text\" data-original-value=\"Filtro per analizzatore gas ed identificatore gas\" data-order=\"Filtro per analizzatore gas ed identificatore gas\" > Filtro per analizzatore gas ed identificatore gas <\/td><\/tr><tr ><td data-cell-id=\"A8\" data-x=\"0\" data-y=\"8\" data-db-index=\"8\" class=\"htCenter htMiddle\" data-cell-type=\"text\" data-original-value=\"&lt;img src=&quot;https:\/\/www.ecotechnics.com\/world\/wp-content\/uploads\/2022\/01\/FLT-8006.png&quot; class=&quot;stbSkipLazy alignnone size-full largeitem&quot; width=&quot;398&quot; height=&quot;398&quot; \/&gt;\" data-order=\"&lt;img src=&quot;https:\/\/www.ecotechnics.com\/world\/wp-content\/uploads\/2022\/01\/FLT-8006.png&quot; class=&quot;stbSkipLazy alignnone size-full largeitem&quot; width=&quot;398&quot; height=&quot;398&quot; \/&gt;\" ><img src=\"https:\/\/www.ecotechnics.com\/world\/wp-content\/uploads\/2022\/01\/FLT-8006.png\" class=\"stbSkipLazy alignnone size-full largeitem\" width=\"398\" height=\"398\" \/><\/td><td data-cell-id=\"B8\" data-x=\"1\" data-y=\"8\" data-db-index=\"8\" class=\"bold htCenter htMiddle color-000000\" data-cell-type=\"text\" data-original-value=\"FLT8006\" data-order=\"FLT8006\" > FLT8006 <\/td><td data-cell-id=\"C8\" data-x=\"2\" data-y=\"8\" data-db-index=\"8\" class=\"htCenter htMiddle\" data-cell-type=\"text\" data-original-value=\"Filtro 30\u03bc per flushing kit (R134a)\" data-order=\"Filtro 30\u03bc per flushing kit (R134a)\" > Filtro 30\u03bc per flushing kit (R134a) <\/td><\/tr><tr ><td data-cell-id=\"A9\" data-x=\"0\" data-y=\"9\" data-db-index=\"9\" class=\"htCenter htMiddle\" data-cell-type=\"text\" data-original-value=\"&lt;img src=&quot;https:\/\/www.ecotechnics.com\/world\/wp-content\/uploads\/2022\/01\/FLT-8007.png&quot; class=&quot;stbSkipLazy alignnone size-full largeitem&quot; width=&quot;412&quot; height=&quot;412&quot; \/&gt;\" data-order=\"&lt;img src=&quot;https:\/\/www.ecotechnics.com\/world\/wp-content\/uploads\/2022\/01\/FLT-8007.png&quot; class=&quot;stbSkipLazy alignnone size-full largeitem&quot; width=&quot;412&quot; height=&quot;412&quot; \/&gt;\" ><img src=\"https:\/\/www.ecotechnics.com\/world\/wp-content\/uploads\/2022\/01\/FLT-8007.png\" class=\"stbSkipLazy alignnone size-full largeitem\" width=\"412\" height=\"412\" \/><\/td><td data-cell-id=\"B9\" data-x=\"1\" data-y=\"9\" data-db-index=\"9\" class=\"bold htCenter htMiddle color-000000\" data-cell-type=\"text\" data-original-value=\"FLT8008\" data-order=\"FLT8008\" > FLT8008 <\/td><td data-cell-id=\"C9\" data-x=\"2\" data-y=\"9\" data-db-index=\"9\" class=\"htCenter htMiddle\" data-cell-type=\"text\" data-original-value=\"Filtro 20\u03bc per flushing kit (HFO, R134a)\" data-order=\"Filtro 20\u03bc per flushing kit (HFO, R134a)\" > Filtro 20\u03bc per flushing kit (HFO, R134a) <\/td><\/tr><\/tbody><\/table><!-- \/#supsystic-table-211.supsystic-table --><\/div><!-- \/.supsystic-tables-wrap --><!-- Tables Generator by Supsystic --><!-- Version: 1.10.26 --><!-- http:\/\/supsystic.com\/ -->\n<\/div><div class=\"fusion-sep-clear\"><\/div><div class=\"fusion-separator fusion-full-width-sep\" style=\"margin-left: auto;margin-right: auto;margin-top:32px;width:100%;\"><\/div><div class=\"fusion-sep-clear\"><\/div><\/div><\/div><div class=\"fusion-clearfix\"><\/div><\/div><\/div><\/div><div class=\"fusion-builder-row fusion-row\"><\/div><\/div><\/p>\n","protected":false},"excerpt":{"rendered":"","protected":false},"author":1,"featured_media":0,"parent":263,"menu_order":0,"comment_status":"closed","ping_status":"closed","template":"100-width.php","meta":[],"_links":{"self":[{"href":"https:\/\/www.ecotechnics.com\/world\/pt-pt\/wp-json\/wp\/v2\/pages\/4143"}],"collection":[{"href":"https:\/\/www.ecotechnics.com\/world\/pt-pt\/wp-json\/wp\/v2\/pages"}],"about":[{"href":"https:\/\/www.ecotechnics.com\/world\/pt-pt\/wp-json\/wp\/v2\/types\/page"}],"author":[{"embeddable":true,"href":"https:\/\/www.ecotechnics.com\/world\/pt-pt\/wp-json\/wp\/v2\/users\/1"}],"replies":[{"embeddable":true,"href":"https:\/\/www.ecotechnics.com\/world\/pt-pt\/wp-json\/wp\/v2\/comments?post=4143"}],"version-history":[{"count":7,"href":"https:\/\/www.ecotechnics.com\/world\/pt-pt\/wp-json\/wp\/v2\/pages\/4143\/revisions"}],"predecessor-version":[{"id":13953,"href":"https:\/\/www.ecotechnics.com\/world\/pt-pt\/wp-json\/wp\/v2\/pages\/4143\/revisions\/13953"}],"up":[{"embeddable":true,"href":"https:\/\/www.ecotechnics.com\/world\/pt-pt\/wp-json\/wp\/v2\/pages\/263"}],"wp:attachment":[{"href":"https:\/\/www.ecotechnics.com\/world\/pt-pt\/wp-json\/wp\/v2\/media?parent=4143"}],"curies":[{"name":"wp","href":"https:\/\/api.w.org\/{rel}","templated":true}]}}