
{"id":16615,"date":"2022-10-10T08:36:39","date_gmt":"2022-10-10T08:36:39","guid":{"rendered":"https:\/\/www.ecotechnics.com\/world\/?page_id=16615"},"modified":"2026-04-08T16:48:12","modified_gmt":"2026-04-08T16:48:12","slug":"atf-moovetech","status":"publish","type":"page","link":"https:\/\/www.ecotechnics.com\/world\/prodotti\/atf-moovetech\/","title":{"rendered":"ATF Moovetech"},"content":{"rendered":"<div class=\"fusion-fullwidth fullwidth-box fusion-builder-row-1 nonhundred-percent-fullwidth non-hundred-percent-height-scrolling\" style=\"background-color: rgba(255,255,255,0);background-position: center center;background-repeat: no-repeat;padding-top:0px;padding-right:0px;padding-bottom:0px;padding-left:0px;margin-bottom: 0px;margin-top: 32px;border-width: 0px 0px 0px 0px;border-color:#eae9e9;border-style:solid;\" ><div class=\"fusion-builder-row fusion-row\"><div class=\"fusion-layout-column fusion_builder_column fusion-builder-column-0 fusion_builder_column_2_5 2_5 fusion-two-fifth fusion-column-first\" style=\"width:40%;width:calc(40% - ( ( 4% ) * 0.4 ) );margin-right: 4%;margin-top:0px;margin-bottom:0px;\"><div class=\"fusion-column-wrapper fusion-flex-column-wrapper-legacy\" style=\"background-position:left top;background-repeat:no-repeat;-webkit-background-size:cover;-moz-background-size:cover;-o-background-size:cover;background-size:cover;padding: 0px 0px 0px 0px;\"><div class=\"fusion-clearfix\"><\/div><\/div><\/div><div class=\"fusion-layout-column fusion_builder_column fusion-builder-column-1 fusion_builder_column_3_5 3_5 fusion-three-fifth fusion-column-last gradientborderred mobileproductcol\" style=\"width:60%;width:calc(60% - ( ( 4% ) * 0.6 ) );margin-top:0px;margin-bottom:0px;\"><div class=\"fusion-column-wrapper fusion-flex-column-wrapper-legacy\" style=\"background-position:left top;background-repeat:no-repeat;-webkit-background-size:cover;-moz-background-size:cover;-o-background-size:cover;background-size:cover;border-radius:3px 3px 3px 3px;background-color:rgba(255,255,255,0.8);border-radius:3px 3px 3px 3px;overflow:hidden;padding: 6% 4% 6% 4%;\"><div class=\"fusion-alignright\"><style>.fusion-button.button-1{border-radius:5px 5px 5px 5px;}<\/style><a class=\"fusion-button button-flat button-small button-default button-1 fusion-button-default-span fusion-button-default-type\" target=\"_self\" href=\"https:\/\/www.ecotechnics.com\/world\/prodotti\/\"><i class=\"fa-arrow-left fas button-icon-left\" aria-hidden=\"true\"><\/i><span class=\"fusion-button-text\">PRODOTTI<\/span><\/a><\/div><div class=\"fusion-sep-clear\"><\/div><div class=\"fusion-separator fusion-full-width-sep\" style=\"margin-left: auto;margin-right: auto;margin-top:30px;width:100%;\"><\/div><div class=\"fusion-sep-clear\"><\/div><div class=\"imageframe-align-center\"><style>.fusion-imageframe.imageframe-1{ margin-top : 32px;margin-bottom : 32px;}<\/style><span class=\" fusion-imageframe imageframe-none imageframe-1 hover-type-none fusion-no-medium-visibility fusion-no-large-visibility\"><img decoding=\"async\" width=\"2560\" height=\"1281\" alt=\"Atf moovetech\" title=\"ATF Moovetech\" src=\"https:\/\/www.ecotechnics.com\/world\/wp-content\/uploads\/2023\/04\/ATF-3.png\" class=\"img-responsive wp-image-18531\" srcset=\"https:\/\/www.ecotechnics.com\/world\/wp-content\/uploads\/2023\/04\/ATF-3-200x100.png 200w, https:\/\/www.ecotechnics.com\/world\/wp-content\/uploads\/2023\/04\/ATF-3-400x200.png 400w, https:\/\/www.ecotechnics.com\/world\/wp-content\/uploads\/2023\/04\/ATF-3-600x300.png 600w, https:\/\/www.ecotechnics.com\/world\/wp-content\/uploads\/2023\/04\/ATF-3-800x400.png 800w, https:\/\/www.ecotechnics.com\/world\/wp-content\/uploads\/2023\/04\/ATF-3-1200x600.png 1200w, https:\/\/www.ecotechnics.com\/world\/wp-content\/uploads\/2023\/04\/ATF-3.png 2560w\" sizes=\"(max-width: 778px) 100vw, 800px\" \/><\/span><\/div><div class=\"fusion-sep-clear\"><\/div><div class=\"fusion-separator fusion-full-width-sep\" style=\"margin-left: auto;margin-right: auto;margin-top:30px;width:100%;\"><\/div><div class=\"fusion-sep-clear\"><\/div><span class=\" fusion-imageframe imageframe-none imageframe-2 hover-type-none\" style=\"max-width:300px;\"><img decoding=\"async\" width=\"954\" height=\"401\" title=\"Atf moovetech dark\" src=\"https:\/\/www.ecotechnics.com\/world\/wp-content\/uploads\/2023\/04\/Atf-moovetech-dark.png\" alt class=\"img-responsive wp-image-18537\" srcset=\"https:\/\/www.ecotechnics.com\/world\/wp-content\/uploads\/2023\/04\/Atf-moovetech-dark-200x84.png 200w, https:\/\/www.ecotechnics.com\/world\/wp-content\/uploads\/2023\/04\/Atf-moovetech-dark-400x168.png 400w, https:\/\/www.ecotechnics.com\/world\/wp-content\/uploads\/2023\/04\/Atf-moovetech-dark-600x252.png 600w, https:\/\/www.ecotechnics.com\/world\/wp-content\/uploads\/2023\/04\/Atf-moovetech-dark-800x336.png 800w, https:\/\/www.ecotechnics.com\/world\/wp-content\/uploads\/2023\/04\/Atf-moovetech-dark.png 954w\" sizes=\"(max-width: 778px) 100vw, 800px\" \/><\/span><div class=\"fusion-text fusion-text-1\" style=\"color:#004586;\"><h1 style=\"line-height: 1;\"><span style=\"color: #b02717;\">ATTREZZATURA PER LA MANUTENZIONE DI TRASMISSIONI AUTOMATICHE<\/span><\/h1>\n<\/div><div class=\"fusion-text fusion-text-2\"><h3><span style=\"color: #004586;\">UNICA<\/span><\/h3>\n<p>La nostra stazione si distingue come la scelta ultimativa sul mercato, integrando flussi di lavoro automatici, procedure guidate dal software e una banca dati completa. La robustezza e l\u2019alta qualit\u00e0 dei componenti garantiscono una manutenzione minima rendendo la nostra stazione unica nel suo genere.<\/p>\n<h3><span style=\"color: #004586;\">FACILE<\/span><\/h3>\n<p>Con i suoi controlli automatici e intuitivi, suggerisce i parametri di lavoro pi\u00f9 appropriati, studiati con cura da specialisti esperti. Gli utenti vengono guidati senza problemi attraverso tutte le impostazioni, garantendo un&#8217;esperienza efficiente e senza sforzo.<\/p>\n<h3><span style=\"color: #004586;\">COMPLETA<\/span><\/h3>\n<p>Il database contiene ben 20.310 veicoli, oltre il 90% di tutti i modelli prodotti dal 2000 in poi. Con gli adattatori immediatamente disponibili, oltre a quelli acquistabili su richiesta, garantiamo una copertura completa per tutte le connessioni.<\/p>\n<\/div><div class=\"fusion-sep-clear\"><\/div><div class=\"fusion-separator fusion-full-width-sep nodesk\" style=\"margin-left: auto;margin-right: auto;margin-top:32px;width:100%;\"><\/div><div class=\"fusion-sep-clear\"><\/div><div class=\"fusion-text fusion-text-3\"><p><strong>Recuperatore d\u2019olio Smart<\/strong><\/p>\n<p>Questo \u00e8 il metodo pi\u00f9 comodo, veloce, sicuro e pulito per gestire il fluido usato. L&#8217;olio recuperato, raccolto dalla vasca, viene pesato automaticamente. L&#8217;altezza della vasca di drenaggio della stazione \u00e8 regolabile. La forma asimmetrica permette di adattarsi a tutte le esigenze.<\/p>\n<p><strong>2 grandi filtri<\/strong><\/p>\n<p>Per proteggere tutti i componenti interni della stazione ed evitare la necessit\u00e0 di manutenzione, tramite filtraggio ad alta capacit\u00e0 di filtrazione del circuito del cambio durante la fase di pulizia. Per entrambe le direzioni (1 e 2) un filtro dedicato.<\/p>\n<p><strong>Manifold ad alta prestazione <\/strong><\/p>\n<p>L&#8217;utilizzo di valvole montate su un collettore compatto in alluminio, abbinato all&#8217;ampio diametro dei passaggi, permette di evitare perdite di carico con conseguente aumento di velocit\u00e0 e di avere un flusso d&#8217;olio costante, garantendo le migliori prestazioni.<\/p>\n<p><strong>Serbatoio di olio multimarca <\/strong><\/p>\n<p>Alloggiamento del serbatoio dell&#8217;olio progettato per adattarsi facilmente a diverse dimensioni e multimarca.<\/p>\n<p><strong>Scarico dell&#8217;olio usato mediante aria compressa <\/strong><\/p>\n<p>Pulito, facile, veloce: nessuna pompa necessaria. Attraverso un\u2019operazione di svuotamento olio altamente professionale, abbiamo eliminato qualsiasi necessit\u00e0 di rimozione del serbatoio dell&#8217;olio esausto, rendendolo pi\u00f9 pulito, veloce e semplice.<\/p>\n<p><strong>Terza bilancia per l&#8217;additivo <\/strong><\/p>\n<p>Massima precisione rispetto ad altri produttori. L&#8217;uso di una bilancia evita il rischio che la pompa aspiri aria durante l&#8217;iniezione dell&#8217;additivo ed elimina la necessit\u00e0 costante di spurgare la pompa.<\/p>\n<p><strong>Connettori di alta qualit\u00e0 <\/strong><\/p>\n<p>Antispruzzo, facile da maneggiare<\/p>\n<p><strong>Software: automatico ed intuitivo <\/strong><\/p>\n<p>Software di monitoraggio continuo: durante l&#8217;intero processo di pulizia, cambio dell&#8217;olio e sostituzione della coppa e\/o del filtro, il flusso di lavoro del software non richiede mai il funzionamento del motore in momenti critici. La navigazione \u00e8 intuitiva. L&#8217;utente \u00e8 perfettamente guidato. I parametri pi\u00f9 adatti sono consigliati ma non obbligatori e l&#8217;utente \u00e8 sempre libero di definire le impostazioni che preferisce per il servizio.<\/p>\n<p><strong>Database <\/strong><\/p>\n<p>ATF-Service24 \u00e8 la piattaforma di accesso al database ATF online. Il database \u00e8 costantemente aggiornato e fornisce informazioni su connessioni, adattatori, procedure, filtri, livelli, componenti ed informazioni sulla sicurezza. \u00c8 possibile accedere al database caricato direttamente dalla stazione ATF, dalla piattaforma online o da qualsiasi luogo utilizzando la ATF MOBILE APP.<\/p>\n<p><strong>ATF mobile app <\/strong><\/p>\n<p>Connessione ATF ovunque! La ATF Mobile App fornisce informazioni sullo stato reale dei dispositivi ATF collegati, semplifica la ricerca di un determinato adattatore ATF ed \u00e8 sempre in contatto diretto con i nostri specialisti ATF.<\/p>\n<\/div><div class=\"fusion-sep-clear\"><\/div><div class=\"fusion-separator fusion-full-width-sep\" style=\"margin-left: auto;margin-right: auto;margin-top:30px;width:100%;\"><\/div><div class=\"fusion-sep-clear\"><\/div><div class=\"fusion-builder-row fusion-builder-row-inner fusion-row\"><div class=\"fusion-layout-column fusion_builder_column_inner fusion-builder-nested-column-0 fusion_builder_column_inner_1_3 1_3 fusion-one-third fusion-column-first\" style=\"width:33.333333333333%;width:calc(33.333333333333% - ( ( 4% + 4% ) * 0.33333333333333 ) );margin-right: 4%;margin-top:0px;margin-bottom:20px;\"><div class=\"fusion-column-wrapper fusion-flex-column-wrapper-legacy\" style=\"background-position:left top;background-repeat:no-repeat;-webkit-background-size:cover;-moz-background-size:cover;-o-background-size:cover;background-size:cover;padding: 0px 0px 0px 0px;\"><div class=\"imageframe-align-center\"><span class=\" fusion-imageframe imageframe-none imageframe-3 hover-type-none\" style=\"border:1px solid #ffffff;\"><img decoding=\"async\" width=\"102\" height=\"83\" title=\"1\" src=\"https:\/\/www.ecotechnics.com\/world\/wp-content\/uploads\/2024\/03\/Screenshot-2024-03-13-alle-00.51.54.png\" alt class=\"img-responsive wp-image-25323\"\/><\/span><\/div><div class=\"fusion-clearfix\"><\/div><\/div><\/div><div class=\"fusion-layout-column fusion_builder_column_inner fusion-builder-nested-column-1 fusion_builder_column_inner_1_3 1_3 fusion-one-third\" style=\"width:33.333333333333%;width:calc(33.333333333333% - ( ( 4% + 4% ) * 0.33333333333333 ) );margin-right: 4%;margin-top:0px;margin-bottom:20px;\"><div class=\"fusion-column-wrapper fusion-flex-column-wrapper-legacy\" style=\"background-position:left top;background-repeat:no-repeat;-webkit-background-size:cover;-moz-background-size:cover;-o-background-size:cover;background-size:cover;padding: 0px 0px 0px 0px;\"><div class=\"imageframe-align-center\"><span class=\" fusion-imageframe imageframe-none imageframe-4 hover-type-none\" style=\"border:1px solid #ffffff;\"><img decoding=\"async\" width=\"150\" height=\"201\" alt=\"2 FILTRI ULTRA FINI\" title=\"2 FILTRI ULTRA FINI\" src=\"https:\/\/www.ecotechnics.com\/world\/wp-content\/uploads\/2023\/04\/atfd1.png\" class=\"img-responsive wp-image-19013\"\/><\/span><\/div><div class=\"fusion-clearfix\"><\/div><\/div><\/div><div class=\"fusion-layout-column fusion_builder_column_inner fusion-builder-nested-column-2 fusion_builder_column_inner_1_3 1_3 fusion-one-third fusion-column-last\" style=\"width:33.333333333333%;width:calc(33.333333333333% - ( ( 4% + 4% ) * 0.33333333333333 ) );margin-top:0px;margin-bottom:20px;\"><div class=\"fusion-column-wrapper fusion-flex-column-wrapper-legacy\" style=\"background-position:left top;background-repeat:no-repeat;-webkit-background-size:cover;-moz-background-size:cover;-o-background-size:cover;background-size:cover;padding: 0px 0px 0px 0px;\"><div class=\"imageframe-align-center\"><span class=\" fusion-imageframe imageframe-none imageframe-5 hover-type-none\" style=\"border:1px solid #ffffff;\"><img decoding=\"async\" width=\"104\" height=\"136\" title=\"2\" src=\"https:\/\/www.ecotechnics.com\/world\/wp-content\/uploads\/2024\/03\/2-1.png\" alt class=\"img-responsive wp-image-25329\"\/><\/span><\/div><div class=\"fusion-clearfix\"><\/div><\/div><\/div><div class=\"fusion-layout-column fusion_builder_column_inner fusion-builder-nested-column-3 fusion_builder_column_inner_1_3 1_3 fusion-one-third fusion-column-first\" style=\"width:33.333333333333%;width:calc(33.333333333333% - ( ( 4% ) * 0.33333333333333 ) );margin-right: 4%;margin-top:0px;margin-bottom:20px;\"><div class=\"fusion-column-wrapper fusion-flex-column-wrapper-legacy\" style=\"background-position:left top;background-repeat:no-repeat;-webkit-background-size:cover;-moz-background-size:cover;-o-background-size:cover;background-size:cover;padding: 0px 0px 0px 0px;\"><div class=\"imageframe-align-center\"><span class=\" fusion-imageframe imageframe-none imageframe-6 hover-type-none\" style=\"border:1px solid #ffffff;\"><img decoding=\"async\" width=\"105\" height=\"162\" title=\"3\" src=\"https:\/\/www.ecotechnics.com\/world\/wp-content\/uploads\/2024\/03\/3-1.png\" alt class=\"img-responsive wp-image-25335\"\/><\/span><\/div><div class=\"fusion-clearfix\"><\/div><\/div><\/div><div class=\"fusion-layout-column fusion_builder_column_inner fusion-builder-nested-column-4 fusion_builder_column_inner_1_3 1_3 fusion-one-third fusion-column-last\" style=\"width:33.333333333333%;width:calc(33.333333333333% - ( ( 4% ) * 0.33333333333333 ) );margin-top:0px;margin-bottom:20px;\"><div class=\"fusion-column-wrapper fusion-flex-column-wrapper-legacy\" style=\"background-position:left top;background-repeat:no-repeat;-webkit-background-size:cover;-moz-background-size:cover;-o-background-size:cover;background-size:cover;padding: 0px 0px 0px 0px;\"><div class=\"imageframe-align-center\"><span class=\" fusion-imageframe imageframe-none imageframe-7 hover-type-none\" style=\"border:1px solid #ffffff;\"><img decoding=\"async\" width=\"150\" height=\"201\" alt=\"2 RACCORDI E TUBO SCARICO OLIO USATO\" title=\"2 RACCORDI E TUBO SCARICO OLIO USATO\" src=\"https:\/\/www.ecotechnics.com\/world\/wp-content\/uploads\/2023\/04\/atfd2.png\" class=\"img-responsive wp-image-18995\"\/><\/span><\/div><div class=\"fusion-clearfix\"><\/div><\/div><\/div><\/div><div class=\"fusion-sep-clear\"><\/div><div class=\"fusion-separator fusion-full-width-sep\" style=\"margin-left: auto;margin-right: auto;margin-top:30px;width:100%;\"><\/div><div class=\"fusion-sep-clear\"><\/div><div class=\"fusion-sep-clear\"><\/div><div class=\"fusion-separator fusion-full-width-sep\" style=\"margin-left: auto;margin-right: auto;margin-top:32px;margin-bottom:32px;width:100%;\"><div class=\"fusion-separator-border sep-single sep-solid\" style=\"border-color:#56af31;border-top-width:1px;\"><\/div><\/div><div class=\"fusion-sep-clear\"><\/div><div class=\"fusion-text fusion-text-4\"><h3 style=\"text-align: left;\"><strong>ATF MOOVETECH<\/strong><\/h3>\n<h3><span style=\"color: #000000;\">Focus sulle funzioni della stazione<\/span><\/h3>\n<\/div><div class=\"fusion-text fusion-text-5\"><p><strong>Perch\u00e9 \u00e8 importante effettuare il servizio ATF?<\/strong><\/p>\n<blockquote>\n<p>La produzione di veicoli con cambio automatico \u00e8 in forte crescita e la manutenzione dei cambi \u00e8 in evoluzione. In passato i produttori raccomandavano &#8220;nessuna manutenzione&#8221; e le trasmissioni automatiche erano considerate &#8220;a vita&#8221;. Oggi la manutenzione con lavaggi e cambi d&#8217;olio regolari \u00e8 necessaria per aumentare le prestazioni e la durata del cambio automatico.<\/p>\n<\/blockquote>\n<p><strong>Qual \u00e8 il vantaggio di svolgere il servizio ATF? <\/strong><\/p>\n<blockquote>\n<p>La manutenzione del cambio automatico \u00e8 consigliata per garantire la migliore efficienza del cambio, prevenire ed evitare riparazioni, diminuire il consumo di carburante del veicolo, mantenere basse le emissioni e conferire un&#8217;esperienza di guida soddisfacente, positiva e duratura.<\/p>\n<\/blockquote>\n<p><strong>Qual \u00e8 il vantaggio del servizio ATF per l&#8217;officina?<\/strong><\/p>\n<blockquote>\n<p>Il servizio ATF diventa essenziale per qualsiasi officina professionale per poter dare un servizio completo. Le crescenti richieste di manutenzione dei cambi automatici rappresentano inoltre una significativa opportunit\u00e0 di business per l&#8217;officina. Qualsiasi servizio ATF \u00e8 legato all&#8217;utilizzo di materiali di consumo (olio, detergente, additivi) e genera fatturato aggiuntivo con ricavi elevati. Il ROI (ritorno sull&#8217;investimento) \u00e8 rapido.<\/p>\n<\/blockquote>\n<\/div><div class=\"fusion-text fusion-text-6\"><h3 style=\"text-align: left;\"><strong>Gamma di adattatori<\/strong><\/h3>\n<\/div><div class=\"fusion-text fusion-text-7\"><div class=\"page\" title=\"Page 3\">\n<div class=\"section\">\n<div class=\"layoutArea\">\n<div class=\"column\">\n<p><strong>L\u2019ampia gamma di adattatori ATF cresce ancora<\/strong><\/p>\n<p>Con il desiderio di offrire una gamma di adattatori straordinaria come la stazione ATF abbiamo creato una selezione focalizzata per ottenere la migliore copertura del parco veicoli europeo. Un lavoro costante per ottimizzare la migliore copertura. L&#8217;attuale gamma di 76 adattatori e 21 connettori per il livello dell&#8217;olio, considerata la pi\u00f9 ampia sul mercato, \u00e8 ora arricchita da 10 ulteriori adattatori. Questi nuovi adattatori sono accuratamente selezionati per offrire le soluzioni pi\u00f9 efficienti su alcuni modelli popolari e, inoltre, per individuare nuove soluzioni pi\u00f9 complesse su alcuni modelli specifici.<\/p>\n<p><strong>Ottimizzazione ATF ADATTATORI KIT BASE e ATF ADATTATORI KIT ADVANCED<\/strong><\/p>\n<p>Gli adattatori A31, A50 e A55 sono necessari per alcuni dei veicoli con cambio automatico pi\u00f9 diffusi in Europa. Pertanto, questi adattatori vengono spostati dal KIT AVDVANCED al KIT BASE, ora composto da 21 adattatori anzich\u00e9 18.<\/p>\n<p>Gli adattatori A52, A57 e A72 sono richiesti piuttosto frequentemente e ora vengono selezionati per il KIT ADVANCED. La quantit\u00e0 totale inclusa nel KIT ADVANCED resta, dunque, 18 adattatori.<\/p>\n<div class=\"page\" title=\"Page 3\">\n<div class=\"section\">\n<div class=\"layoutArea\">\n<div class=\"column\">\n<ul>\n<li><span style=\"color: #00ccff;\">KIT.ATF<\/span> ATF ADATTATORI KIT BASE<br \/>\nQuesto kit base copre i veicoli piu\u0300 diffusi ed e\u0300 essenziale per iniziare.<br \/>\nLa gamma e\u0300 un perfetto punto di partenza ATF e fornisce un ottimo pacchetto per i veicoli con cambio automatico piu\u0300 diffusi in Europa che richiedono il servizio ATF.<\/li>\n<\/ul>\n<div class=\"page\" title=\"Page 3\">\n<div class=\"section\">\n<div class=\"layoutArea\">\n<div class=\"column\">\n<ul>\n<li><span style=\"color: #ffff00;\">KIT.ATF.ADV<\/span> ATF ADATTATORI KIT ADVANCED<br \/>\nKit allargato per completare la copertura del kit base.<br \/>\nMiglioramento della copertura di base per i veicoli frequentemente presenti nelle officine aftermarket di tutti i marchi.<\/li>\n<\/ul>\n<div class=\"page\" title=\"Page 3\">\n<div class=\"section\">\n<div class=\"layoutArea\">\n<div class=\"column\">\n<ul>\n<li><span style=\"color: #99cc00;\">SUGGERIMENTO PROFESSIONALE 1<\/span><br \/>\nSelezione di adattatori consigliati per un servizio ATF piu\u0300 specialistico.<br \/>\nL&#8217;attenzione e\u0300 focalizzata sui veicoli nordeuropei ed e\u0300 concentrata sui produttori del centro-nord come le applicazioni per veicoli VW, Mercedes, BMW e Volvo.<\/li>\n<\/ul>\n<div class=\"page\" title=\"Page 3\">\n<div class=\"section\">\n<div class=\"layoutArea\">\n<div class=\"column\">\n<ul>\n<li><span style=\"color: #ff9900;\">SUGGERIMENTO PROFESSIONALE 2<\/span><br \/>\nSelezione di adattatori consigliati per un servizio ATF piu\u0300 specialistico.<br \/>\nL&#8217;attenzione e\u0300 focalizzata sui veicoli di produttori europei meno comuni Renault, gruppo PSA e gruppo FCA.<\/li>\n<\/ul>\n<p><strong>RICORDATI IL LEVELKIT <\/strong><\/p>\n<p>Il kit contiene 20 connettori (da ATF101 ad ATF120) per facilitare il rabbocco dell&#8217;olio sulla maggior parte dei veicoli europei pi\u00f9 diffusi. A cambio automatico collegato durante un intervento ATF di pulizia e sostituzione dell&#8217;olio, il rabbocco pu\u00f2 ovviamente essere eseguito direttamente con i tubi di servizio della stazione. Per controllare il livello invece dopo una guida di prova o in qualsiasi altra circostanza con il cambio scollegato, questi connettori consentono un rabbocco rapido e semplice.<\/p>\n<\/div>\n<\/div>\n<\/div>\n<\/div>\n<\/div>\n<\/div>\n<\/div>\n<\/div>\n<\/div>\n<\/div>\n<\/div>\n<\/div>\n<\/div>\n<\/div>\n<\/div>\n<\/div>\n<\/div>\n<\/div>\n<\/div>\n<\/div>\n<\/div><div class=\"fusion-sep-clear\"><\/div><div class=\"fusion-separator fusion-full-width-sep\" style=\"margin-left: auto;margin-right: auto;margin-top:32px;margin-bottom:32px;width:100%;\"><div class=\"fusion-separator-border sep-single sep-solid\" style=\"border-color:#56af31;border-top-width:1px;\"><\/div><\/div><div class=\"fusion-sep-clear\"><\/div><div class=\"fusion-builder-row fusion-builder-row-inner fusion-row\"><div class=\"fusion-layout-column fusion_builder_column_inner fusion-builder-nested-column-5 fusion_builder_column_inner_1_2 1_2 fusion-one-half fusion-column-first\" style=\"width:50%;width:calc(50% - ( ( 4% ) * 0.5 ) );margin-right: 4%;margin-top:0px;margin-bottom:20px;\"><div class=\"fusion-column-wrapper fusion-flex-column-wrapper-legacy\" style=\"background-position:left top;background-repeat:no-repeat;-webkit-background-size:cover;-moz-background-size:cover;-o-background-size:cover;background-size:cover;padding: 0px 0px 0px 0px;\"><div class=\"fusion-aligncenter\"><style>.fusion-button.button-2{border-radius:5px 5px 5px 5px;}<\/style><a class=\"fusion-button button-flat button-large button-default button-2 fusion-button-default-span fusion-button-default-type\" target=\"_blank\" rel=\"noopener noreferrer\" href=\"https:\/\/www.ecotechnics.com\/world\/wp-content\/uploads\/2025\/09\/ATF-Adapter-NEWS-Eco-IT.pdf\"><i class=\"fa-file-pdf fas button-icon-left\" aria-hidden=\"true\"><\/i><span class=\"fusion-button-text\">NUOVA LISTA ATF ADATTATORI<\/span><\/a><\/div><div class=\"fusion-clearfix\"><\/div><\/div><\/div><div class=\"fusion-layout-column fusion_builder_column_inner fusion-builder-nested-column-6 fusion_builder_column_inner_1_2 1_2 fusion-one-half fusion-column-last\" style=\"width:50%;width:calc(50% - ( ( 4% ) * 0.5 ) );margin-top:0px;margin-bottom:20px;\"><div class=\"fusion-column-wrapper fusion-flex-column-wrapper-legacy\" style=\"background-position:left top;background-repeat:no-repeat;-webkit-background-size:cover;-moz-background-size:cover;-o-background-size:cover;background-size:cover;padding: 0px 0px 0px 0px;\"><div class=\"fusion-aligncenter\"><style>.fusion-button.button-3{border-radius:5px 5px 5px 5px;}<\/style><a class=\"fusion-button button-flat fusion-button-default-size button-default button-3 fusion-button-default-span fusion-button-default-type\" target=\"_blank\" rel=\"noopener noreferrer\" href=\"https:\/\/www.youtube.com\/watch?v=UeEIAGGck4k\"><i class=\"fa-video fas button-icon-left\" aria-hidden=\"true\"><\/i><span class=\"fusion-button-text\">TUTORIAL<\/span><\/a><\/div><div class=\"fusion-clearfix\"><\/div><\/div><\/div><\/div><div class=\"fusion-clearfix\"><\/div><\/div><\/div><\/div><\/div>\n","protected":false},"excerpt":{"rendered":"","protected":false},"author":5,"featured_media":0,"parent":111,"menu_order":0,"comment_status":"closed","ping_status":"closed","template":"","meta":[],"_links":{"self":[{"href":"https:\/\/www.ecotechnics.com\/world\/wp-json\/wp\/v2\/pages\/16615"}],"collection":[{"href":"https:\/\/www.ecotechnics.com\/world\/wp-json\/wp\/v2\/pages"}],"about":[{"href":"https:\/\/www.ecotechnics.com\/world\/wp-json\/wp\/v2\/types\/page"}],"author":[{"embeddable":true,"href":"https:\/\/www.ecotechnics.com\/world\/wp-json\/wp\/v2\/users\/5"}],"replies":[{"embeddable":true,"href":"https:\/\/www.ecotechnics.com\/world\/wp-json\/wp\/v2\/comments?post=16615"}],"version-history":[{"count":65,"href":"https:\/\/www.ecotechnics.com\/world\/wp-json\/wp\/v2\/pages\/16615\/revisions"}],"predecessor-version":[{"id":31164,"href":"https:\/\/www.ecotechnics.com\/world\/wp-json\/wp\/v2\/pages\/16615\/revisions\/31164"}],"up":[{"embeddable":true,"href":"https:\/\/www.ecotechnics.com\/world\/wp-json\/wp\/v2\/pages\/111"}],"wp:attachment":[{"href":"https:\/\/www.ecotechnics.com\/world\/wp-json\/wp\/v2\/media?parent=16615"}],"curies":[{"name":"wp","href":"https:\/\/api.w.org\/{rel}","templated":true}]}}