
{"id":53,"date":"2017-06-04T09:36:52","date_gmt":"2017-06-04T07:36:52","guid":{"rendered":"http:\/\/www.anteprimasito.info\/eco\/?page_id=53"},"modified":"2025-11-11T16:57:19","modified_gmt":"2025-11-11T16:57:19","slug":"azienda","status":"publish","type":"page","link":"https:\/\/www.ecotechnics.com\/world\/azienda\/","title":{"rendered":"Azienda"},"content":{"rendered":"<div class=\"fusion-fullwidth fullwidth-box fusion-builder-row-1 nonhundred-percent-fullwidth non-hundred-percent-height-scrolling fusion-equal-height-columns\" style=\"background-color: rgba(255,255,255,0);background-position: center center;background-repeat: no-repeat;padding-top:0px;padding-right:0px;padding-bottom:0px;padding-left:0px;margin-bottom: 0px;margin-top: 0px;border-width: 0px 0px 0px 0px;border-color:#eae9e9;border-style:solid;\" ><div class=\"fusion-builder-row fusion-row\"><div class=\"fusion-layout-column fusion_builder_column fusion-builder-column-0 fusion_builder_column_1_6 1_6 fusion-one-sixth fusion-column-first\" style=\"width:16.666666666667%;width:calc(16.666666666667% - ( ( 4% + 4% ) * 0.16666666666667 ) );margin-right: 4%;margin-top:0px;margin-bottom:20px;\"><div class=\"fusion-column-wrapper fusion-flex-column-wrapper-legacy\" style=\"background-position:left top;background-repeat:no-repeat;-webkit-background-size:cover;-moz-background-size:cover;-o-background-size:cover;background-size:cover;padding: 0px 0px 0px 0px;\"><div class=\"fusion-column-content-centered\"><div class=\"fusion-column-content\"><\/div><\/div><div class=\"fusion-clearfix\"><\/div><\/div><\/div><div class=\"fusion-layout-column fusion_builder_column fusion-builder-column-1 fusion_builder_column_2_3 2_3 fusion-two-third\" style=\"width:66.666666666667%;width:calc(66.666666666667% - ( ( 4% + 4% ) * 0.66666666666667 ) );margin-right: 4%;margin-top:0px;margin-bottom:20px;\"><div class=\"fusion-column-wrapper fusion-flex-column-wrapper-legacy\" style=\"background-position:left top;background-repeat:no-repeat;-webkit-background-size:cover;-moz-background-size:cover;-o-background-size:cover;background-size:cover;padding: 0px 0px 0px 0px;\"><div class=\"fusion-column-content-centered\"><div class=\"fusion-column-content\"><div class=\"imageframe-align-center\"><span class=\" fusion-imageframe imageframe-none imageframe-1 hover-type-none\"><img decoding=\"async\" width=\"102\" height=\"116\" src=\"https:\/\/www.ecotechnics.com\/world\/wp-content\/uploads\/2019\/03\/logo-header.png\" alt class=\"img-responsive wp-image-3152\"\/><\/span><\/div><style type=\"text\/css\"><\/style><div class=\"fusion-title title fusion-title-1 fusion-sep-none fusion-title-text fusion-title-size-one\" style=\"margin-top:0px;margin-bottom:31px;\"><h1 class=\"title-heading-left fusion-responsive-typography-calculated\" style=\"margin:0;--fontSize:32;line-height:1.2;\"><div class=\"page\" title=\"Page 3\">\n<div class=\"layoutArea\">\n<div class=\"column\">\n<h1 style=\"text-align: center;\">LA STORIA DEL MARCHIO<\/h1>\n<\/div>\n<\/div>\n<\/div><\/h1><\/div><div class=\"fusion-text fusion-text-1\"><p style=\"text-align: justify;\">Ecotechnics nasce a Firenze nel 1995. Le idee innovative ed ambiziose hanno trovato subito terreno fertile: da sempre la Toscana e\u0300 legata alla ricerca ed all\u2019innovazione attraendo la presenza di qualificati poli universitari, centri e studi di ricerca eccellenti e, quindi, un elevato indice di competenze e risorse umane capaci di attivare un forte sviluppo.<\/p>\n<p style=\"text-align: justify;\">La piccola azienda manifatturiera di Firenze si e\u0300 fin dall\u2019inizio specializzata nella produzione, distribuzione ed assistenza di stazioni di recupero, riciclo e ricarica del refrigerante degli impianti di aria condizionata per autoveicoli. In pochi anni Ecotechnics ha conquistato stabilmente una posizione di leadership mondiale.<\/p>\n<p style=\"text-align: justify;\">La chiave del successo dell\u2019azienda e\u0300 rappresentata dalla costante ricerca del miglioramento e dal principio di offrire evoluzione tecnologica al servizio dell\u2019utente e dell\u2019ambiente. Con questo pensiero Ecotechnics ha ottenuto negli anni numerosi brevetti internazionali e vanta il primato di funzionalita\u0300 con standard tecnologici elevati, come l\u2019invenzione del ciclo di ricarica completamente automatico, il distributore in alluminio, fino alla diagnosi degli impianti integrata in una stazione clima. A seguito dell\u2019acquisizione di Ecotechnics da parte della holding americana Snap-on nel 2015, viene costituita Snap-on Climate Solutions srl. Snap-on e\u0300 leader mondiale nella produzione di utensili innovativi, sistemi di diagnosi, attrezzature e servizi nei settori automotive ed industria dal 1920. Il marchio Ecotechnics e Snap-on istaurano cosi\u0300 una relazione sinergica di competenze specifiche e mirano, insieme agli altri marchi del gruppo, ad un unico obiettivo: realizzare le piu\u0300 produttive soluzioni al mondo.<\/p>\n<p style=\"text-align: justify;\">Il marchio Ecotechnics e\u0300 attualmente presente in oltre 80 paesi con una rete di selezionati distributori specializzati.<\/p>\n<\/div><div class=\"fusion-sep-clear\"><\/div><div class=\"fusion-separator fusion-full-width-sep\" style=\"margin-left: auto;margin-right: auto;width:100%;\"><div class=\"fusion-separator-border sep-double\" style=\"border-color:#e0dede;border-top-width:1px;border-bottom-width:1px;\"><\/div><\/div><div class=\"fusion-sep-clear\"><\/div><div class=\"fusion-text fusion-text-2\"><h2 style=\"text-align: center;\"><strong>RENDIAMO EFFICIENTI LE SOLUZIONI <\/strong><\/h2>\n<h3 style=\"text-align: center;\"><strong>Un programma professionale per aria condizionata e ATF <\/strong><\/h3>\n<p style=\"text-align: center;\"><strong>STAZIONI DI ARIA CONDIZIONATA<\/strong><\/p>\n<p style=\"text-align: center;\">Ogni officina \u00e8 unica. La scelta dell&#8217;attrezzatura adeguata deve fornire all&#8217;officina il servizio desiderato, rispettando redditivit\u00e0 e ritorno dell&#8217;investimento. Ecotechnics ha sviluppato 10 stazioni clima per soddisfare le diverse esigenze di un\u2019officina. Dalle stazioni di fascia alta per uno o due refrigeranti fino a soluzioni convenienti e flessibili. ECK LAND ed ECK BUS PRO sono stati sviluppati appositamente per l&#8217;uso mobile o per la manutenzione di sistemi di grandi dimensioni, mentre il refrigerante CO2 orientato al futuro incontra la sua migliore soluzione premium nella nuova ECO\u2082R744.<\/p>\n<p style=\"text-align: center;\"><strong>ACCESSORI PER IL SERVIZIO CLIMA<\/strong><\/p>\n<p style=\"text-align: center;\"><em>TUTTO IL NECESSARIO!<\/em><\/p>\n<p style=\"text-align: center;\">Ecotechnics offre tutto il necessario per un servizio professionale: accessori, materiali di consumo, cercafughe e prodotti per la regolare manutenzione. La selezione mirata dei 3 standard PAG e POE pi\u00f9 comuni per l&#8217;olio del compressore e tracciante copre oltre il 95% delle esigenze. L&#8217;analizzatore \u00e8 una soluzione perfetta per affrontare il rischio di contaminazioni. \u00c8 facile da installare, rileva le percentuali dei componenti ed esclude possibili contaminazioni. Molti altri punti salienti sono degni di nota, come ad esempio il kit diagnosi visiva, l&#8217;efficienza del kit di lavaggio o i \u201cpiccoli aiutanti\u201d come gli attacchi rapidi Swift per facilitare i collegamenti all&#8217;impianto.<\/p>\n<p style=\"text-align: center;\"><strong>PROGRAMMA ATF<\/strong><\/p>\n<p style=\"text-align: center;\">ATF Moovetech integra flussi di lavoro ed i parametri pi\u00f9 appropriati in termini di hardware e software, studiati con cura da specialisti esperti. La composizione della gamma di adattatori ATF segue l&#8217;obiettivo di ottenere la migliore copertura del parco veicoli europeo. Gli adattatori sono disponibili singolarmente oppure in selezionati kit in base alle esigenze specifiche dell\u2019officina. Il database ATF contiene oltre il 90% di tutti i modelli di veicoli prodotti a partire dal 2000. \u00c8 possibile accedervi direttamente dal dispositivo, sulla piattaforma online oppure da qualsiasi luogo utilizzando la ATF MOBILE APP.<\/p>\n<\/div><\/div><\/div><div class=\"fusion-clearfix\"><\/div><\/div><\/div><div class=\"fusion-layout-column fusion_builder_column fusion-builder-column-2 fusion_builder_column_1_6 1_6 fusion-one-sixth fusion-column-last\" style=\"width:16.666666666667%;width:calc(16.666666666667% - ( ( 4% + 4% ) * 0.16666666666667 ) );margin-top:0px;margin-bottom:20px;\"><div class=\"fusion-column-wrapper fusion-flex-column-wrapper-legacy\" style=\"background-position:left top;background-repeat:no-repeat;-webkit-background-size:cover;-moz-background-size:cover;-o-background-size:cover;background-size:cover;padding: 0px 0px 0px 0px;\"><div class=\"fusion-column-content-centered\"><div class=\"fusion-column-content\"><\/div><\/div><div class=\"fusion-clearfix\"><\/div><\/div><\/div><\/div><\/div>\n","protected":false},"excerpt":{"rendered":"","protected":false},"author":1,"featured_media":0,"parent":0,"menu_order":0,"comment_status":"closed","ping_status":"closed","template":"100-width.php","meta":[],"_links":{"self":[{"href":"https:\/\/www.ecotechnics.com\/world\/wp-json\/wp\/v2\/pages\/53"}],"collection":[{"href":"https:\/\/www.ecotechnics.com\/world\/wp-json\/wp\/v2\/pages"}],"about":[{"href":"https:\/\/www.ecotechnics.com\/world\/wp-json\/wp\/v2\/types\/page"}],"author":[{"embeddable":true,"href":"https:\/\/www.ecotechnics.com\/world\/wp-json\/wp\/v2\/users\/1"}],"replies":[{"embeddable":true,"href":"https:\/\/www.ecotechnics.com\/world\/wp-json\/wp\/v2\/comments?post=53"}],"version-history":[{"count":48,"href":"https:\/\/www.ecotechnics.com\/world\/wp-json\/wp\/v2\/pages\/53\/revisions"}],"predecessor-version":[{"id":30371,"href":"https:\/\/www.ecotechnics.com\/world\/wp-json\/wp\/v2\/pages\/53\/revisions\/30371"}],"wp:attachment":[{"href":"https:\/\/www.ecotechnics.com\/world\/wp-json\/wp\/v2\/media?parent=53"}],"curies":[{"name":"wp","href":"https:\/\/api.w.org\/{rel}","templated":true}]}}